{"id":819,"date":"2019-09-01T14:34:43","date_gmt":"2019-09-01T17:34:43","guid":{"rendered":"http:\/\/nsltecnologia.com.br\/?page_id=819"},"modified":"2025-06-22T15:17:23","modified_gmt":"2025-06-22T18:17:23","slug":"magento-commerce","status":"publish","type":"page","link":"https:\/\/nsltecnologia.com.br\/?page_id=819","title":{"rendered":"Magento eCommerce, plataforma de com\u00e9rcio eletr\u00f4nico de c\u00f3digo aberto mais popular do mundo."},"content":{"rendered":"\n<figure class=\"wp-block-image size-full\"><img loading=\"lazy\" decoding=\"async\" width=\"344\" height=\"146\" src=\"https:\/\/nsltecnologia.com.br\/wp-content\/uploads\/2023\/01\/logo_opensource.png\" alt=\"\" class=\"wp-image-55955\" srcset=\"https:\/\/nsltecnologia.com.br\/wp-content\/uploads\/2023\/01\/logo_opensource.png 344w, https:\/\/nsltecnologia.com.br\/wp-content\/uploads\/2023\/01\/logo_opensource-300x127.png 300w\" sizes=\"auto, (max-width: 344px) 100vw, 344px\" \/><\/figure>\n\n\n\n<p>Magento\u2122 \u00e9 a plataforma de com\u00e9rcio eletr\u00f4nico de c\u00f3digo aberto mais popular para a constru\u00e7\u00e3o de lojas online.&nbsp;Magento\u2122 \u00e9 flex\u00edvel, escal\u00e1vel e confi\u00e1vel.&nbsp;Possui um rico conjunto de recursos para atender \u00e0s necessidades de com\u00e9rcio eletr\u00f4nico.<\/p>\n\n\n\n<figure class=\"wp-block-image size-full is-resized\"><img loading=\"lazy\" decoding=\"async\" width=\"839\" height=\"495\" src=\"https:\/\/nsltecnologia.com.br\/wp-content\/uploads\/2023\/01\/screen2.png\" alt=\"\" class=\"wp-image-55954\" style=\"width:677px;height:399px\" srcset=\"https:\/\/nsltecnologia.com.br\/wp-content\/uploads\/2023\/01\/screen2.png 839w, https:\/\/nsltecnologia.com.br\/wp-content\/uploads\/2023\/01\/screen2-300x177.png 300w, https:\/\/nsltecnologia.com.br\/wp-content\/uploads\/2023\/01\/screen2-768x453.png 768w, https:\/\/nsltecnologia.com.br\/wp-content\/uploads\/2023\/01\/screen2-600x354.png 600w\" sizes=\"auto, (max-width: 839px) 100vw, 839px\" \/><\/figure>\n\n\n\n<div style=\"height:32px\" aria-hidden=\"true\" class=\"wp-block-spacer\"><\/div>\n\n\n\n<p>A Plataforma fornece o poder e flexibilidade de criar formas exclusivas e inovadoras para vender o seu produto ou servi\u00e7o, acompanhando a era do varejo que vai ser liderado pela experi\u00eancia. Tenha acesso a recursos completos e prontos para uso, capacidade de personaliza\u00e7\u00e3o incompar\u00e1vel e todas as integra\u00e7\u00f5es necess\u00e1rias para opera\u00e7\u00f5es complexas. Com nossa plataforma de com\u00e9rcio na nuvem, desfrute de um ecossistema global de parceiros de implementa\u00e7\u00e3o e um amplo mercado de extens\u00f5es, chegou a hora de concretizar a estrat\u00e9gia e planejamento do seu neg\u00f3cio.<\/p>\n\n\n\n<div style=\"height:52px\" aria-hidden=\"true\" class=\"wp-block-spacer\"><\/div>\n\n\n\n<h3 class=\"wp-block-heading\">Caracter\u00edsticas e Benef\u00edcios do Magento\u2122 open source eCommerce<\/h3>\n\n\n\n<p>O Magento\u2122 Open Source fornece tudo para voc\u00ea come\u00e7ar.&nbsp;<\/p>\n\n\n\n<p><strong>Recursos integrados<\/strong><\/p>\n\n\n\n<figure class=\"wp-block-table\"><table><tbody><tr><td>Finaliza\u00e7\u00e3o, pagamento e envio integrados<\/td><\/tr><tr><td>Compras otimizadas em dispositivos m\u00f3veis<\/td><\/tr><tr><td>Vendas globais<\/td><\/tr><tr><td>Gerenciamento de cat\u00e1logos<\/td><\/tr><tr><td>Funcionalidade ampliada com o marketplace de aplicativos<\/td><\/tr><tr><td>Compra instant\u00e2nea<\/td><\/tr><tr><td>Pesquisa no site<\/td><\/tr><tr><td>Page Builder <\/td><\/tr><\/tbody><\/table><\/figure>\n\n\n\n<div style=\"height:44px\" aria-hidden=\"true\" class=\"wp-block-spacer\"><\/div>\n\n\n\n<h3 class=\"wp-block-heading\">Experi\u00eancias de Com\u00e9rcio Relevantes<\/h3>\n\n\n\n<div class=\"wp-block-columns is-layout-flex wp-container-core-columns-is-layout-1 wp-block-columns-is-layout-flex\">\n<div class=\"wp-block-column is-layout-flow wp-block-column-is-layout-flow\">\n<p>Combine conte\u00fado, com\u00e9rcio e demandas de clientes para proporcionar intera\u00e7\u00f5es perfeitas com a sua marca. Determine a melhor regra de relacionamento com o seu cliente, crie conte\u00fado e promo\u00e7\u00f5es personalizadas e proporcione a melhor experi\u00eancia de compra desde o primeiro contato.<\/p>\n\n\n\n<ul class=\"wp-block-list\">\n<li>Construtor e Orquestrador de P\u00e1ginas<\/li>\n\n\n\n<li>Personaliza\u00e7\u00e3o<\/li>\n\n\n\n<li>Preparo e Publica\u00e7\u00e3o de Conte\u00fado<\/li>\n\n\n\n<li>Compra Instant\u00e2nea<\/li>\n\n\n\n<li>Merchandising<\/li>\n<\/ul>\n<\/div>\n\n\n\n<div class=\"wp-block-column is-vertically-aligned-center is-layout-flow wp-block-column-is-layout-flow\">\n<figure class=\"wp-block-image size-full\"><img loading=\"lazy\" decoding=\"async\" width=\"800\" height=\"600\" src=\"https:\/\/nsltecnologia.com.br\/wp-content\/uploads\/2023\/01\/page-builder-effortless-control-1.png.img_-1.png\" alt=\"\" class=\"wp-image-55961\" srcset=\"https:\/\/nsltecnologia.com.br\/wp-content\/uploads\/2023\/01\/page-builder-effortless-control-1.png.img_-1.png 800w, https:\/\/nsltecnologia.com.br\/wp-content\/uploads\/2023\/01\/page-builder-effortless-control-1.png.img_-1-300x225.png 300w, https:\/\/nsltecnologia.com.br\/wp-content\/uploads\/2023\/01\/page-builder-effortless-control-1.png.img_-1-768x576.png 768w, https:\/\/nsltecnologia.com.br\/wp-content\/uploads\/2023\/01\/page-builder-effortless-control-1.png.img_-1-600x450.png 600w\" sizes=\"auto, (max-width: 800px) 100vw, 800px\" \/><\/figure>\n<\/div>\n<\/div>\n\n\n\n<div style=\"height:51px\" aria-hidden=\"true\" class=\"wp-block-spacer\"><\/div>\n\n\n\n<h3 class=\"wp-block-heading\">Compras Perfeitas em Qualquer Lugar<\/h3>\n\n\n\n<div class=\"wp-block-columns is-layout-flex wp-container-core-columns-is-layout-2 wp-block-columns-is-layout-flex\">\n<div class=\"wp-block-column is-layout-flow wp-block-column-is-layout-flow\"><div class=\"wp-block-image\">\n<figure class=\"aligncenter size-large\"><img loading=\"lazy\" decoding=\"async\" width=\"1024\" height=\"768\" src=\"https:\/\/nsltecnologia.com.br\/wp-content\/uploads\/2023\/01\/product-recommendations-recommendation-type.png.img_-1024x768.png\" alt=\"\" class=\"wp-image-55979\" srcset=\"https:\/\/nsltecnologia.com.br\/wp-content\/uploads\/2023\/01\/product-recommendations-recommendation-type.png.img_-1024x768.png 1024w, https:\/\/nsltecnologia.com.br\/wp-content\/uploads\/2023\/01\/product-recommendations-recommendation-type.png.img_-300x225.png 300w, https:\/\/nsltecnologia.com.br\/wp-content\/uploads\/2023\/01\/product-recommendations-recommendation-type.png.img_-768x576.png 768w, https:\/\/nsltecnologia.com.br\/wp-content\/uploads\/2023\/01\/product-recommendations-recommendation-type.png.img_-1536x1152.png 1536w, https:\/\/nsltecnologia.com.br\/wp-content\/uploads\/2023\/01\/product-recommendations-recommendation-type.png.img_-1440x1080.png 1440w, https:\/\/nsltecnologia.com.br\/wp-content\/uploads\/2023\/01\/product-recommendations-recommendation-type.png.img_-600x450.png 600w, https:\/\/nsltecnologia.com.br\/wp-content\/uploads\/2023\/01\/product-recommendations-recommendation-type.png.img_.png 1600w\" sizes=\"auto, (max-width: 1024px) 100vw, 1024px\" \/><\/figure><\/div><\/div>\n\n\n\n<div class=\"wp-block-column is-layout-flow wp-block-column-is-layout-flow\">\n<p>Para que o com\u00e9rcio eletr\u00f4nico cres\u00e7a \u00e9 necess\u00e1rio atender \u00e0s necessidades de seus clientes, onde quer que eles estejam. Amplie seu alcance e cres\u00e7a em novos canais, geografias e venda para empresas e consumidores em uma s\u00f3 plataforma. Leve os seus produtos ou servi\u00e7os at\u00e9 os seus clientes, onde, quando e como eles preferirem comprar.<\/p>\n\n\n\n<ul class=\"wp-block-list\">\n<li>Com\u00e9rcio M\u00f3vel em Primeiro Lugar<\/li>\n\n\n\n<li>PWA Studio<\/li>\n\n\n\n<li>Expans\u00e3o Global<\/li>\n\n\n\n<li>Canais de Vendas<\/li>\n<\/ul>\n<\/div>\n<\/div>\n\n\n\n<div style=\"height:53px\" aria-hidden=\"true\" class=\"wp-block-spacer\"><\/div>\n\n\n\n<h3 class=\"wp-block-heading\">Opera\u00e7\u00f5es Inteligentes e Eficientes<\/h3>\n\n\n\n<div class=\"wp-block-columns is-layout-flex wp-container-core-columns-is-layout-3 wp-block-columns-is-layout-flex\">\n<div class=\"wp-block-column is-layout-flow wp-block-column-is-layout-flow\">\n<p>Efici\u00eancia, automa\u00e7\u00e3o e visibilidade dos dados do seu neg\u00f3cio, s\u00e3o a\u00e7\u00f5es necess\u00e1rias para competir no cen\u00e1rio comercial moderno. O Magento open source Commerce facilita a transforma\u00e7\u00e3o, e a opera\u00e7\u00e3o, dos nossos clientes em uma tecnologia eficiente e orientada por dados para ajudar na expans\u00e3o e crescimento da sua empresa.<\/p>\n\n\n\n<ul class=\"wp-block-list\">\n<li>Business Intelligence<\/li>\n\n\n\n<li>Gest\u00e3o log\u00edstica<\/li>\n\n\n\n<li>Gerenciamento de Estoque Inteligente<\/li>\n\n\n\n<li>Gest\u00e3o de Encomendas e Atendimento ao Cliente.<\/li>\n<\/ul>\n<\/div>\n\n\n\n<div class=\"wp-block-column is-vertically-aligned-center is-layout-flow wp-block-column-is-layout-flow\"><div class=\"wp-block-image\">\n<figure class=\"aligncenter size-large is-resized\"><img loading=\"lazy\" decoding=\"async\" width=\"1024\" height=\"576\" src=\"https:\/\/nsltecnologia.com.br\/wp-content\/uploads\/2023\/01\/open-source-marquee-2x.png.img_-1024x576.png\" alt=\"\" class=\"wp-image-55957\" style=\"width:575px;height:324px\" srcset=\"https:\/\/nsltecnologia.com.br\/wp-content\/uploads\/2023\/01\/open-source-marquee-2x.png.img_-1024x576.png 1024w, https:\/\/nsltecnologia.com.br\/wp-content\/uploads\/2023\/01\/open-source-marquee-2x.png.img_-300x169.png 300w, https:\/\/nsltecnologia.com.br\/wp-content\/uploads\/2023\/01\/open-source-marquee-2x.png.img_-768x432.png 768w, https:\/\/nsltecnologia.com.br\/wp-content\/uploads\/2023\/01\/open-source-marquee-2x.png.img_-1536x864.png 1536w, https:\/\/nsltecnologia.com.br\/wp-content\/uploads\/2023\/01\/open-source-marquee-2x.png.img_-2048x1152.png 2048w, https:\/\/nsltecnologia.com.br\/wp-content\/uploads\/2023\/01\/open-source-marquee-2x.png.img_-1920x1080.png 1920w, https:\/\/nsltecnologia.com.br\/wp-content\/uploads\/2023\/01\/open-source-marquee-2x.png.img_-600x338.png 600w\" sizes=\"auto, (max-width: 1024px) 100vw, 1024px\" \/><\/figure><\/div><\/div>\n<\/div>\n\n\n\n<div style=\"height:56px\" aria-hidden=\"true\" class=\"wp-block-spacer\"><\/div>\n\n\n\n<h3 class=\"wp-block-heading\">Opere com Confian\u00e7a<\/h3>\n\n\n\n<div class=\"wp-block-columns is-layout-flex wp-container-core-columns-is-layout-4 wp-block-columns-is-layout-flex\">\n<div class=\"wp-block-column is-layout-flow wp-block-column-is-layout-flow\"><div class=\"wp-block-image\">\n<figure class=\"aligncenter size-large\"><img loading=\"lazy\" decoding=\"async\" width=\"1024\" height=\"768\" src=\"https:\/\/nsltecnologia.com.br\/wp-content\/uploads\/2023\/01\/multichannel-commerce-adobe-can-help2x.jpg.img_-1024x768.jpg\" alt=\"\" class=\"wp-image-55963\" srcset=\"https:\/\/nsltecnologia.com.br\/wp-content\/uploads\/2023\/01\/multichannel-commerce-adobe-can-help2x.jpg.img_-1024x768.jpg 1024w, https:\/\/nsltecnologia.com.br\/wp-content\/uploads\/2023\/01\/multichannel-commerce-adobe-can-help2x.jpg.img_-300x225.jpg 300w, https:\/\/nsltecnologia.com.br\/wp-content\/uploads\/2023\/01\/multichannel-commerce-adobe-can-help2x.jpg.img_-768x576.jpg 768w, https:\/\/nsltecnologia.com.br\/wp-content\/uploads\/2023\/01\/multichannel-commerce-adobe-can-help2x.jpg.img_-600x450.jpg 600w, https:\/\/nsltecnologia.com.br\/wp-content\/uploads\/2023\/01\/multichannel-commerce-adobe-can-help2x.jpg.img_.jpg 1280w\" sizes=\"auto, (max-width: 1024px) 100vw, 1024px\" \/><\/figure><\/div><\/div>\n\n\n\n<div class=\"wp-block-column is-layout-flow wp-block-column-is-layout-flow\">\n<p>Os compradores t\u00eam grandes expectativas em rela\u00e7\u00e3o \u00e0s marcas com as quais se envolvem, como alto desempenho, seguran\u00e7a e intera\u00e7\u00f5es inovadoras. Opere seu com\u00e9rcio eletr\u00f4nico com a confian\u00e7a de que voc\u00ea poder\u00e1 atender e superar essas expectativas.<\/p>\n\n\n\n<ul class=\"wp-block-list\">\n<li>Aberto e Personaliz\u00e1vel<\/li>\n\n\n\n<li>Implanta\u00e7\u00e3o na Nuvem<\/li>\n\n\n\n<li>Seguran\u00e7a e Confian\u00e7a<\/li>\n\n\n\n<li>Desempenho e Escala<\/li>\n\n\n\n<li>APIs<\/li>\n\n\n\n<li>Marketplace<\/li>\n<\/ul>\n<\/div>\n<\/div>\n\n\n\n<div style=\"height:61px\" aria-hidden=\"true\" class=\"wp-block-spacer\"><\/div>\n\n\n\n<div class=\"wp-block-columns is-layout-flex wp-container-core-columns-is-layout-5 wp-block-columns-is-layout-flex\">\n<div class=\"wp-block-column is-layout-flow wp-block-column-is-layout-flow\">\n<h3 class=\"wp-block-heading\">Conte\u00fado e promo\u00e7\u00e3o do site simplificados<\/h3>\n\n\n\n<ul class=\"wp-block-list\">\n<li>Crie conte\u00fado em uma interface f\u00e1cil de usar<\/li>\n\n\n\n<li>Personalize para segmentos espec\u00edficos de cliente<\/li>\n\n\n\n<li>Atualize p\u00e1ginas rapidamente<\/li>\n<\/ul>\n\n\n\n<p>Use ferramentas modernas de arrastar e soltar para criar com facilidade conte\u00fado e experi\u00eancias incr\u00edveis para o cliente, sem precisar da ajuda de desenvolvedores.<\/p>\n<\/div>\n\n\n\n<div class=\"wp-block-column is-vertically-aligned-center is-layout-flow wp-block-column-is-layout-flow\">\n<figure class=\"wp-block-video\"><video controls src=\"https:\/\/nsltecnologia.com.br\/wp-content\/uploads\/2023\/01\/pagebuilder-v1.1-886px-14-10-2019.mp4\"><\/video><\/figure>\n<\/div>\n<\/div>\n\n\n\n<div style=\"height:64px\" aria-hidden=\"true\" class=\"wp-block-spacer\"><\/div>\n\n\n\n<h2 class=\"wp-block-heading has-text-align-center\">Coloque sua loja para funcionar hoje mesmo com o Magento Open Source<\/h2>\n\n\n\n<div style=\"height:30px\" aria-hidden=\"true\" class=\"wp-block-spacer\"><\/div>\n\n\n\n<h2 class=\"wp-block-heading has-text-align-center\">Escolha seu plano de hospedagem gerenciado Magento\u2122<\/h2>\n\n\n\n<p class=\"has-text-align-center\">A hospedagem econ\u00f4mica da nuvem Magento\u2122  foi projetada para atender \u00e0s suas necessidades de neg\u00f3cios.  Sem taxas de licenciamento<em>(licen\u00e7a<\/em> <em>GPL)<\/em>, quantidade de usu\u00e1rios ilimitados e recursos livres.<\/p>\n\n\n\n<p class=\"has-text-align-center\">Projete a sua <strong>performance<\/strong> e escolha seu plano de acordo com a sua <strong>necessidade<\/strong>.<\/p>\n\n\n\n<p class=\"has-small-font-size\"><\/p>\n\n\n\n<p class=\"has-small-font-size\">Realizamos implanta\u00e7\u00e3o em servidores pr\u00f3prios do cliente mediante solicita\u00e7\u00e3o de or\u00e7amento.<\/p>\n\n\n\n<div class=\"wp-block-buttons is-content-justification-center is-layout-flex wp-container-core-buttons-is-layout-1 wp-block-buttons-is-layout-flex\">\n<div class=\"wp-block-button\"><a class=\"wp-block-button__link wp-element-button\" href=\"\" target=\"_blank\" rel=\"noreferrer noopener\">ENTRAR EM CONTATO<\/a><\/div>\n<\/div>\n\n\n\n<div style=\"height:64px\" aria-hidden=\"true\" class=\"wp-block-spacer\"><\/div>\n\n\n\n<p><\/p>\n","protected":false},"excerpt":{"rendered":"<p>Magento\u2122 \u00e9 a plataforma de com\u00e9rcio eletr\u00f4nico de c\u00f3digo aberto mais popular para a constru\u00e7\u00e3o de lojas online.&nbsp;Magento\u2122 \u00e9 flex\u00edvel, escal\u00e1vel e confi\u00e1vel.&nbsp;Possui um rico conjunto de recursos para atender \u00e0s necessidades de com\u00e9rcio eletr\u00f4nico. A Plataforma fornece o poder e flexibilidade de criar formas exclusivas e inovadoras para vender o seu produto ou servi\u00e7o,&hellip; <br \/> <a class=\"button small blue\" href=\"https:\/\/nsltecnologia.com.br\/?page_id=819\">Leia mais<\/a><\/p>\n","protected":false},"author":1,"featured_media":0,"parent":0,"menu_order":0,"comment_status":"closed","ping_status":"closed","template":"","meta":{"_uag_custom_page_level_css":"","footnotes":""},"class_list":["post-819","page","type-page","status-publish","hentry"],"uagb_featured_image_src":{"full":false,"thumbnail":false,"medium":false,"medium_large":false,"large":false,"1536x1536":false,"2048x2048":false,"post-thumbnail":false,"one-page-express-full-hd":false},"uagb_author_info":{"display_name":"nsl","author_link":"https:\/\/nsltecnologia.com.br\/?author=1"},"uagb_comment_info":0,"uagb_excerpt":"Magento\u2122 \u00e9 a plataforma de com\u00e9rcio eletr\u00f4nico de c\u00f3digo aberto mais popular para a constru\u00e7\u00e3o de lojas online.&nbsp;Magento\u2122 \u00e9 flex\u00edvel, escal\u00e1vel e confi\u00e1vel.&nbsp;Possui um rico conjunto de recursos para atender \u00e0s necessidades de com\u00e9rcio eletr\u00f4nico. A Plataforma fornece o poder e flexibilidade de criar formas exclusivas e inovadoras para vender o seu produto ou servi\u00e7o,&hellip;&hellip;","_links":{"self":[{"href":"https:\/\/nsltecnologia.com.br\/index.php?rest_route=\/wp\/v2\/pages\/819","targetHints":{"allow":["GET"]}}],"collection":[{"href":"https:\/\/nsltecnologia.com.br\/index.php?rest_route=\/wp\/v2\/pages"}],"about":[{"href":"https:\/\/nsltecnologia.com.br\/index.php?rest_route=\/wp\/v2\/types\/page"}],"author":[{"embeddable":true,"href":"https:\/\/nsltecnologia.com.br\/index.php?rest_route=\/wp\/v2\/users\/1"}],"replies":[{"embeddable":true,"href":"https:\/\/nsltecnologia.com.br\/index.php?rest_route=%2Fwp%2Fv2%2Fcomments&post=819"}],"version-history":[{"count":21,"href":"https:\/\/nsltecnologia.com.br\/index.php?rest_route=\/wp\/v2\/pages\/819\/revisions"}],"predecessor-version":[{"id":57892,"href":"https:\/\/nsltecnologia.com.br\/index.php?rest_route=\/wp\/v2\/pages\/819\/revisions\/57892"}],"wp:attachment":[{"href":"https:\/\/nsltecnologia.com.br\/index.php?rest_route=%2Fwp%2Fv2%2Fmedia&parent=819"}],"curies":[{"name":"wp","href":"https:\/\/api.w.org\/{rel}","templated":true}]}}