{"id":57913,"date":"2025-08-09T09:45:08","date_gmt":"2025-08-09T12:45:08","guid":{"rendered":"https:\/\/nsltecnologia.com.br\/?page_id=57913"},"modified":"2025-08-09T10:58:12","modified_gmt":"2025-08-09T13:58:12","slug":"odoo-community","status":"publish","type":"page","link":"https:\/\/nsltecnologia.com.br\/?page_id=57913","title":{"rendered":"Odoo Community ERP"},"content":{"rendered":"<div class=\"wp-block-image\">\n<figure class=\"aligncenter size-full\"><img loading=\"lazy\" decoding=\"async\" width=\"570\" height=\"199\" src=\"https:\/\/nsltecnologia.com.br\/wp-content\/uploads\/2025\/08\/image-18.png\" alt=\"\" class=\"wp-image-57947\" srcset=\"https:\/\/nsltecnologia.com.br\/wp-content\/uploads\/2025\/08\/image-18.png 570w, https:\/\/nsltecnologia.com.br\/wp-content\/uploads\/2025\/08\/image-18-300x105.png 300w\" sizes=\"auto, (max-width: 570px) 100vw, 570px\" \/><\/figure><\/div>\n\n\n<div style=\"height:35px\" aria-hidden=\"true\" class=\"wp-block-spacer\"><\/div>\n\n\n\n<p>O <strong>Odoo cpmmunity<\/strong> \u00e9 uma plataforma ERP de gest\u00e3o empresarial open source que integra diversos m\u00f3dulos, como vendas, contabilidade, estoque, produ\u00e7\u00e3o e CRM, facilitando a gest\u00e3o integrada e eficiente das opera\u00e7\u00f5es de neg\u00f3cios. Com mais de 7 milh\u00f5es de usu\u00e1rios ao redor do mundo, o Odoo permite que empresas de todos os portes tenham uma solu\u00e7\u00e3o acess\u00edvel e altamente personaliz\u00e1vel.<\/p>\n\n\n\n<div style=\"height:25px\" aria-hidden=\"true\" class=\"wp-block-spacer\"><\/div>\n\n\n\n<figure class=\"wp-block-image size-full is-resized\"><img loading=\"lazy\" decoding=\"async\" width=\"809\" height=\"132\" src=\"https:\/\/nsltecnologia.com.br\/wp-content\/uploads\/2025\/08\/image-13.png\" alt=\"\" class=\"wp-image-57936\" style=\"width:840px;height:auto\" srcset=\"https:\/\/nsltecnologia.com.br\/wp-content\/uploads\/2025\/08\/image-13.png 809w, https:\/\/nsltecnologia.com.br\/wp-content\/uploads\/2025\/08\/image-13-300x49.png 300w, https:\/\/nsltecnologia.com.br\/wp-content\/uploads\/2025\/08\/image-13-768x125.png 768w, https:\/\/nsltecnologia.com.br\/wp-content\/uploads\/2025\/08\/image-13-600x98.png 600w\" sizes=\"auto, (max-width: 809px) 100vw, 809px\" \/><\/figure>\n\n\n\n<figure class=\"wp-block-image size-full\"><img loading=\"lazy\" decoding=\"async\" width=\"897\" height=\"150\" src=\"https:\/\/nsltecnologia.com.br\/wp-content\/uploads\/2025\/08\/image-1.png\" alt=\"\" class=\"wp-image-57915\" srcset=\"https:\/\/nsltecnologia.com.br\/wp-content\/uploads\/2025\/08\/image-1.png 897w, https:\/\/nsltecnologia.com.br\/wp-content\/uploads\/2025\/08\/image-1-300x50.png 300w, https:\/\/nsltecnologia.com.br\/wp-content\/uploads\/2025\/08\/image-1-768x128.png 768w, https:\/\/nsltecnologia.com.br\/wp-content\/uploads\/2025\/08\/image-1-600x100.png 600w\" sizes=\"auto, (max-width: 897px) 100vw, 897px\" \/><\/figure>\n\n\n\n<p>No Brasil, as particularidades fiscais e tribut\u00e1rias exigem solu\u00e7\u00f5es espec\u00edficas. Nesse contexto, entra em cena a <strong>Localiza\u00e7\u00e3o Brasileira do Odoo<\/strong>, um conjunto essencial de m\u00f3dulos que adaptam o software \u00e0 legisla\u00e7\u00e3o fiscal e cont\u00e1bil brasileira. Essa localiza\u00e7\u00e3o \u00e9 mantida pela<a href=\"https:\/\/odoo-community.org\/\"> <strong>OCA (Odoo Community Association)<\/strong><\/a>, uma associa\u00e7\u00e3o internacional que promove o desenvolvimento colaborativo de m\u00f3dulos gratuitos e open source.<\/p>\n\n\n\n<figure class=\"wp-block-image size-large\"><img loading=\"lazy\" decoding=\"async\" width=\"1024\" height=\"683\" src=\"https:\/\/nsltecnologia.com.br\/wp-content\/uploads\/2025\/08\/1a85574f-96cb-458f-a27c-5e14e586e883-1024x683.png\" alt=\"\" class=\"wp-image-57923\" srcset=\"https:\/\/nsltecnologia.com.br\/wp-content\/uploads\/2025\/08\/1a85574f-96cb-458f-a27c-5e14e586e883-1024x683.png 1024w, https:\/\/nsltecnologia.com.br\/wp-content\/uploads\/2025\/08\/1a85574f-96cb-458f-a27c-5e14e586e883-300x200.png 300w, https:\/\/nsltecnologia.com.br\/wp-content\/uploads\/2025\/08\/1a85574f-96cb-458f-a27c-5e14e586e883-768x512.png 768w, https:\/\/nsltecnologia.com.br\/wp-content\/uploads\/2025\/08\/1a85574f-96cb-458f-a27c-5e14e586e883-600x400.png 600w, https:\/\/nsltecnologia.com.br\/wp-content\/uploads\/2025\/08\/1a85574f-96cb-458f-a27c-5e14e586e883.png 1536w\" sizes=\"auto, (max-width: 1024px) 100vw, 1024px\" \/><\/figure>\n\n\n\n<p>Saiba mais sobre o <a href=\"https:\/\/nsltecnologia.com.br\/?page_id=57910\"><strong>m\u00f3dulo <strong>br_Brasil<\/strong>(Fiscal\/Cont\u00e1bil\/Financeiro Brasileiro)<\/strong><\/a> integrado ao Odoo Comunnity.<\/p>\n\n\n\n<div style=\"height:34px\" aria-hidden=\"true\" class=\"wp-block-spacer\"><\/div>\n\n\n\n<figure class=\"wp-block-image size-full\"><img loading=\"lazy\" decoding=\"async\" width=\"907\" height=\"152\" src=\"https:\/\/nsltecnologia.com.br\/wp-content\/uploads\/2025\/08\/image.png\" alt=\"\" class=\"wp-image-57914\" srcset=\"https:\/\/nsltecnologia.com.br\/wp-content\/uploads\/2025\/08\/image.png 907w, https:\/\/nsltecnologia.com.br\/wp-content\/uploads\/2025\/08\/image-300x50.png 300w, https:\/\/nsltecnologia.com.br\/wp-content\/uploads\/2025\/08\/image-768x129.png 768w, https:\/\/nsltecnologia.com.br\/wp-content\/uploads\/2025\/08\/image-600x101.png 600w\" sizes=\"auto, (max-width: 907px) 100vw, 907px\" \/><\/figure>\n\n\n\n<div style=\"height:30px\" aria-hidden=\"true\" class=\"wp-block-spacer\"><\/div>\n\n\n\n<figure class=\"wp-block-image size-full\"><img loading=\"lazy\" decoding=\"async\" width=\"928\" height=\"265\" src=\"https:\/\/nsltecnologia.com.br\/wp-content\/uploads\/2025\/08\/image-3.png\" alt=\"\" class=\"wp-image-57925\" srcset=\"https:\/\/nsltecnologia.com.br\/wp-content\/uploads\/2025\/08\/image-3.png 928w, https:\/\/nsltecnologia.com.br\/wp-content\/uploads\/2025\/08\/image-3-300x86.png 300w, https:\/\/nsltecnologia.com.br\/wp-content\/uploads\/2025\/08\/image-3-768x219.png 768w, https:\/\/nsltecnologia.com.br\/wp-content\/uploads\/2025\/08\/image-3-600x171.png 600w\" sizes=\"auto, (max-width: 928px) 100vw, 928px\" \/><\/figure>\n\n\n\n<div style=\"height:35px\" aria-hidden=\"true\" class=\"wp-block-spacer\"><\/div>\n\n\n\n<figure class=\"wp-block-image size-full\"><img loading=\"lazy\" decoding=\"async\" width=\"609\" height=\"257\" src=\"https:\/\/nsltecnologia.com.br\/wp-content\/uploads\/2025\/08\/image-4.png\" alt=\"\" class=\"wp-image-57926\" srcset=\"https:\/\/nsltecnologia.com.br\/wp-content\/uploads\/2025\/08\/image-4.png 609w, https:\/\/nsltecnologia.com.br\/wp-content\/uploads\/2025\/08\/image-4-300x127.png 300w, https:\/\/nsltecnologia.com.br\/wp-content\/uploads\/2025\/08\/image-4-600x253.png 600w\" sizes=\"auto, (max-width: 609px) 100vw, 609px\" \/><\/figure>\n\n\n\n<div style=\"height:31px\" aria-hidden=\"true\" class=\"wp-block-spacer\"><\/div>\n\n\n\n<figure class=\"wp-block-image size-full\"><img loading=\"lazy\" decoding=\"async\" width=\"881\" height=\"159\" src=\"https:\/\/nsltecnologia.com.br\/wp-content\/uploads\/2025\/08\/image-5.png\" alt=\"\" class=\"wp-image-57928\" srcset=\"https:\/\/nsltecnologia.com.br\/wp-content\/uploads\/2025\/08\/image-5.png 881w, https:\/\/nsltecnologia.com.br\/wp-content\/uploads\/2025\/08\/image-5-300x54.png 300w, https:\/\/nsltecnologia.com.br\/wp-content\/uploads\/2025\/08\/image-5-768x139.png 768w, https:\/\/nsltecnologia.com.br\/wp-content\/uploads\/2025\/08\/image-5-600x108.png 600w\" sizes=\"auto, (max-width: 881px) 100vw, 881px\" \/><\/figure>\n\n\n\n<figure class=\"wp-block-image size-full\"><img loading=\"lazy\" decoding=\"async\" width=\"302\" height=\"75\" src=\"https:\/\/nsltecnologia.com.br\/wp-content\/uploads\/2025\/08\/image-6.png\" alt=\"\" class=\"wp-image-57929\" srcset=\"https:\/\/nsltecnologia.com.br\/wp-content\/uploads\/2025\/08\/image-6.png 302w, https:\/\/nsltecnologia.com.br\/wp-content\/uploads\/2025\/08\/image-6-300x75.png 300w\" sizes=\"auto, (max-width: 302px) 100vw, 302px\" \/><\/figure>\n\n\n\n<div style=\"height:27px\" aria-hidden=\"true\" class=\"wp-block-spacer\"><\/div>\n\n\n\n<figure class=\"wp-block-image size-full\"><img loading=\"lazy\" decoding=\"async\" width=\"139\" height=\"56\" src=\"https:\/\/nsltecnologia.com.br\/wp-content\/uploads\/2025\/08\/image-7.png\" alt=\"\" class=\"wp-image-57930\"\/><\/figure>\n\n\n\n<figure class=\"wp-block-image size-full\"><img loading=\"lazy\" decoding=\"async\" width=\"600\" height=\"180\" src=\"https:\/\/nsltecnologia.com.br\/wp-content\/uploads\/2025\/08\/image-8.png\" alt=\"\" class=\"wp-image-57931\" srcset=\"https:\/\/nsltecnologia.com.br\/wp-content\/uploads\/2025\/08\/image-8.png 600w, https:\/\/nsltecnologia.com.br\/wp-content\/uploads\/2025\/08\/image-8-300x90.png 300w\" sizes=\"auto, (max-width: 600px) 100vw, 600px\" \/><\/figure>\n\n\n\n<div style=\"height:27px\" aria-hidden=\"true\" class=\"wp-block-spacer\"><\/div>\n\n\n\n<figure class=\"wp-block-image size-full\"><img loading=\"lazy\" decoding=\"async\" width=\"614\" height=\"152\" src=\"https:\/\/nsltecnologia.com.br\/wp-content\/uploads\/2025\/08\/image-9.png\" alt=\"\" class=\"wp-image-57932\" srcset=\"https:\/\/nsltecnologia.com.br\/wp-content\/uploads\/2025\/08\/image-9.png 614w, https:\/\/nsltecnologia.com.br\/wp-content\/uploads\/2025\/08\/image-9-300x74.png 300w, https:\/\/nsltecnologia.com.br\/wp-content\/uploads\/2025\/08\/image-9-600x149.png 600w\" sizes=\"auto, (max-width: 614px) 100vw, 614px\" \/><\/figure>\n\n\n\n<div style=\"height:37px\" aria-hidden=\"true\" class=\"wp-block-spacer\"><\/div>\n\n\n\n<figure class=\"wp-block-image size-full\"><img loading=\"lazy\" decoding=\"async\" width=\"604\" height=\"155\" src=\"https:\/\/nsltecnologia.com.br\/wp-content\/uploads\/2025\/08\/image-11.png\" alt=\"\" class=\"wp-image-57934\" srcset=\"https:\/\/nsltecnologia.com.br\/wp-content\/uploads\/2025\/08\/image-11.png 604w, https:\/\/nsltecnologia.com.br\/wp-content\/uploads\/2025\/08\/image-11-300x77.png 300w, https:\/\/nsltecnologia.com.br\/wp-content\/uploads\/2025\/08\/image-11-600x154.png 600w\" sizes=\"auto, (max-width: 604px) 100vw, 604px\" \/><\/figure>\n\n\n\n<div style=\"height:27px\" aria-hidden=\"true\" class=\"wp-block-spacer\"><\/div>\n\n\n\n<figure class=\"wp-block-image size-full\"><img loading=\"lazy\" decoding=\"async\" width=\"354\" height=\"141\" src=\"https:\/\/nsltecnologia.com.br\/wp-content\/uploads\/2025\/08\/image-12.png\" alt=\"\" class=\"wp-image-57935\" srcset=\"https:\/\/nsltecnologia.com.br\/wp-content\/uploads\/2025\/08\/image-12.png 354w, https:\/\/nsltecnologia.com.br\/wp-content\/uploads\/2025\/08\/image-12-300x119.png 300w\" sizes=\"auto, (max-width: 354px) 100vw, 354px\" \/><\/figure>\n\n\n\n<div style=\"height:35px\" aria-hidden=\"true\" class=\"wp-block-spacer\"><\/div>\n\n\n<div class=\"wp-block-image\">\n<figure class=\"alignleft size-large\"><img loading=\"lazy\" decoding=\"async\" width=\"1024\" height=\"176\" src=\"https:\/\/nsltecnologia.com.br\/wp-content\/uploads\/2025\/08\/image-14-1024x176.png\" alt=\"\" class=\"wp-image-57938\" srcset=\"https:\/\/nsltecnologia.com.br\/wp-content\/uploads\/2025\/08\/image-14-1024x176.png 1024w, https:\/\/nsltecnologia.com.br\/wp-content\/uploads\/2025\/08\/image-14-300x51.png 300w, https:\/\/nsltecnologia.com.br\/wp-content\/uploads\/2025\/08\/image-14-768x132.png 768w, https:\/\/nsltecnologia.com.br\/wp-content\/uploads\/2025\/08\/image-14-600x103.png 600w, https:\/\/nsltecnologia.com.br\/wp-content\/uploads\/2025\/08\/image-14.png 1235w\" sizes=\"auto, (max-width: 1024px) 100vw, 1024px\" \/><\/figure><\/div>\n\n\n<div style=\"height:30px\" aria-hidden=\"true\" class=\"wp-block-spacer\"><\/div>\n\n\n\n<figure class=\"wp-block-image size-full\"><img loading=\"lazy\" decoding=\"async\" width=\"879\" height=\"184\" src=\"https:\/\/nsltecnologia.com.br\/wp-content\/uploads\/2025\/08\/image-15.png\" alt=\"\" class=\"wp-image-57940\" srcset=\"https:\/\/nsltecnologia.com.br\/wp-content\/uploads\/2025\/08\/image-15.png 879w, https:\/\/nsltecnologia.com.br\/wp-content\/uploads\/2025\/08\/image-15-300x63.png 300w, https:\/\/nsltecnologia.com.br\/wp-content\/uploads\/2025\/08\/image-15-768x161.png 768w, https:\/\/nsltecnologia.com.br\/wp-content\/uploads\/2025\/08\/image-15-600x126.png 600w\" sizes=\"auto, (max-width: 879px) 100vw, 879px\" \/><\/figure>\n\n\n\n<div class=\"wp-block-columns is-layout-flex wp-container-core-columns-is-layout-1 wp-block-columns-is-layout-flex\">\n<div class=\"wp-block-column is-layout-flow wp-block-column-is-layout-flow\"><div class=\"wp-block-image\">\n<figure class=\"alignleft size-full\"><img loading=\"lazy\" decoding=\"async\" width=\"498\" height=\"322\" src=\"https:\/\/nsltecnologia.com.br\/wp-content\/uploads\/2025\/08\/image-16.png\" alt=\"\" class=\"wp-image-57941\" srcset=\"https:\/\/nsltecnologia.com.br\/wp-content\/uploads\/2025\/08\/image-16.png 498w, https:\/\/nsltecnologia.com.br\/wp-content\/uploads\/2025\/08\/image-16-300x194.png 300w\" sizes=\"auto, (max-width: 498px) 100vw, 498px\" \/><\/figure><\/div><\/div>\n\n\n\n<div class=\"wp-block-column is-layout-flow wp-block-column-is-layout-flow\"><div class=\"wp-block-image\">\n<figure class=\"alignright size-full is-resized\"><img loading=\"lazy\" decoding=\"async\" width=\"338\" height=\"338\" src=\"https:\/\/nsltecnologia.com.br\/wp-content\/uploads\/2025\/08\/image-17.png\" alt=\"\" class=\"wp-image-57944\" style=\"width:360px;height:auto\" srcset=\"https:\/\/nsltecnologia.com.br\/wp-content\/uploads\/2025\/08\/image-17.png 338w, https:\/\/nsltecnologia.com.br\/wp-content\/uploads\/2025\/08\/image-17-300x300.png 300w, https:\/\/nsltecnologia.com.br\/wp-content\/uploads\/2025\/08\/image-17-150x150.png 150w, https:\/\/nsltecnologia.com.br\/wp-content\/uploads\/2025\/08\/image-17-100x100.png 100w\" sizes=\"auto, (max-width: 338px) 100vw, 338px\" \/><\/figure><\/div><\/div>\n<\/div>\n\n\n\n<div style=\"height:30px\" aria-hidden=\"true\" class=\"wp-block-spacer\"><\/div>\n\n\n\n<h3 class=\"wp-block-heading has-text-align-center\"><strong>Imagine uma biblioteca inteira de aplicativos empresariais ao seu dispor.<\/strong><br>Sem complexidade, sem custo adicional, basta instalar em um clique.<\/h3>\n\n\n\n<div style=\"height:38px\" aria-hidden=\"true\" class=\"wp-block-spacer\"><\/div>\n\n\n\n<h3 class=\"wp-block-heading has-text-align-center\">Implanta\u00e7\u00e3o Odoo Community<\/h3>\n\n\n\n<p class=\"has-text-align-center\">Realizamos implanta\u00e7\u00e3o em formato<strong> SaaS(Software como Servi\u00e7o)<\/strong>, que envolve o software com todos os seus recursos nativos, seus pr\u00e9-requisitos, infraestrutura\/servidor gerenciado em nuvem e suporte t\u00e9cnico mensal<strong>  OU  <\/strong>implanta\u00e7\u00e3o em <strong>Infraestrutura<\/strong> <strong>pr\u00f3pria do contratante<\/strong>, sob demanda, que envolve as demandas necess\u00e1rias de interesse do contratante.<\/p>\n\n\n\n<div class=\"wp-block-columns is-layout-flex wp-container-core-columns-is-layout-2 wp-block-columns-is-layout-flex\">\n<div class=\"wp-block-column is-layout-flow wp-block-column-is-layout-flow\"><div class=\"wp-block-image is-resized\">\n<figure class=\"aligncenter size-full\"><img loading=\"lazy\" decoding=\"async\" width=\"249\" height=\"264\" src=\"https:\/\/nsltecnologia.com.br\/wp-content\/uploads\/2023\/06\/magnify.png\" alt=\"\" class=\"wp-image-56740\" style=\"width:111px;height:auto\"\/><\/figure><\/div>\n\n\n<h4 class=\"wp-block-heading has-text-align-center\">Solicite uma demonstra\u00e7\u00e3o<\/h4>\n\n\n\n<p class=\"has-text-align-center\">Solicite uma apresenta\u00e7\u00e3o, conhe\u00e7a o Odoo  e o valor que ele pode trazer para sua empresa.<\/p>\n\n\n\n<div class=\"wp-block-buttons is-layout-flex wp-block-buttons-is-layout-flex\">\n<div class=\"wp-block-button aligncenter is-style-outline is-style-outline--1\"><a class=\"wp-block-button__link has-vivid-green-cyan-color has-white-background-color has-text-color has-background wp-element-button\" href=\"https:\/\/nsltecnologia.com.br\/#contact-4\" style=\"border-radius:9px\">Solicitar<\/a><\/div>\n<\/div>\n<\/div>\n\n\n\n<div class=\"wp-block-column is-layout-flow wp-block-column-is-layout-flow\"><div class=\"wp-block-image is-resized is-style-rounded\">\n<figure class=\"aligncenter size-full\"><img loading=\"lazy\" decoding=\"async\" width=\"200\" height=\"200\" src=\"https:\/\/nsltecnologia.com.br\/wp-content\/uploads\/2023\/01\/icon_get-200x200-1.png\" alt=\"\" class=\"wp-image-56073\" style=\"width:122px;height:auto\" srcset=\"https:\/\/nsltecnologia.com.br\/wp-content\/uploads\/2023\/01\/icon_get-200x200-1.png 200w, https:\/\/nsltecnologia.com.br\/wp-content\/uploads\/2023\/01\/icon_get-200x200-1-150x150.png 150w, https:\/\/nsltecnologia.com.br\/wp-content\/uploads\/2023\/01\/icon_get-200x200-1-100x100.png 100w\" sizes=\"auto, (max-width: 200px) 100vw, 200px\" \/><\/figure><\/div>\n\n\n<h4 class=\"wp-block-heading has-text-align-center\">Falar com um consultor<\/h4>\n\n\n\n<p class=\"has-text-align-center\">Converse hoje para discutir suas necessidades de Digitaliza\u00e7\u00e3o e de Gest\u00e3o de Documentos.&nbsp;Estamos ansiosos para ouvir de voc\u00ea!<\/p>\n\n\n\n<div class=\"wp-block-buttons is-content-justification-center is-layout-flex wp-container-core-buttons-is-layout-2 wp-block-buttons-is-layout-flex\">\n<div class=\"wp-block-button\"><a class=\"wp-block-button__link wp-element-button\" href=\"https:\/\/web.whatsapp.com\/+5598984958061\">Falar com um Consultor !<\/a><\/div>\n<\/div>\n<\/div>\n<\/div>\n\n\n\n<div style=\"height:53px\" aria-hidden=\"true\" class=\"wp-block-spacer\"><\/div>\n\n\n\n<p>Ambiente Demonstra\u00e7\u00e3o:<a href=\"http:\/\/93.188.164.18:8069\/web\/login\"> https:\/\/odoo.nsltecnologia.com.br<\/a><\/p>\n\n\n\n<figure class=\"wp-block-image size-large\"><img loading=\"lazy\" decoding=\"async\" width=\"1024\" height=\"575\" src=\"https:\/\/nsltecnologia.com.br\/wp-content\/uploads\/2025\/08\/image-19-1024x575.png\" alt=\"\" class=\"wp-image-57962\" srcset=\"https:\/\/nsltecnologia.com.br\/wp-content\/uploads\/2025\/08\/image-19-1024x575.png 1024w, https:\/\/nsltecnologia.com.br\/wp-content\/uploads\/2025\/08\/image-19-300x169.png 300w, https:\/\/nsltecnologia.com.br\/wp-content\/uploads\/2025\/08\/image-19-768x432.png 768w, https:\/\/nsltecnologia.com.br\/wp-content\/uploads\/2025\/08\/image-19-600x337.png 600w, https:\/\/nsltecnologia.com.br\/wp-content\/uploads\/2025\/08\/image-19.png 1365w\" sizes=\"auto, (max-width: 1024px) 100vw, 1024px\" \/><\/figure>\n","protected":false},"excerpt":{"rendered":"<p>O Odoo cpmmunity \u00e9 uma plataforma ERP de gest\u00e3o empresarial open source que integra diversos m\u00f3dulos, como vendas, contabilidade, estoque, produ\u00e7\u00e3o e CRM, facilitando a gest\u00e3o integrada e eficiente das opera\u00e7\u00f5es de neg\u00f3cios. Com mais de 7 milh\u00f5es de usu\u00e1rios ao redor do mundo, o Odoo permite que empresas de todos os portes tenham uma&hellip; <br \/> <a class=\"button small blue\" href=\"https:\/\/nsltecnologia.com.br\/?page_id=57913\">Leia mais<\/a><\/p>\n","protected":false},"author":1,"featured_media":0,"parent":0,"menu_order":0,"comment_status":"closed","ping_status":"closed","template":"","meta":{"_uag_custom_page_level_css":"","footnotes":""},"class_list":["post-57913","page","type-page","status-publish","hentry"],"uagb_featured_image_src":{"full":false,"thumbnail":false,"medium":false,"medium_large":false,"large":false,"1536x1536":false,"2048x2048":false,"post-thumbnail":false,"one-page-express-full-hd":false},"uagb_author_info":{"display_name":"nsl","author_link":"https:\/\/nsltecnologia.com.br\/?author=1"},"uagb_comment_info":0,"uagb_excerpt":"O Odoo cpmmunity \u00e9 uma plataforma ERP de gest\u00e3o empresarial open source que integra diversos m\u00f3dulos, como vendas, contabilidade, estoque, produ\u00e7\u00e3o e CRM, facilitando a gest\u00e3o integrada e eficiente das opera\u00e7\u00f5es de neg\u00f3cios. Com mais de 7 milh\u00f5es de usu\u00e1rios ao redor do mundo, o Odoo permite que empresas de todos os portes tenham uma&hellip;&hellip;","_links":{"self":[{"href":"https:\/\/nsltecnologia.com.br\/index.php?rest_route=\/wp\/v2\/pages\/57913","targetHints":{"allow":["GET"]}}],"collection":[{"href":"https:\/\/nsltecnologia.com.br\/index.php?rest_route=\/wp\/v2\/pages"}],"about":[{"href":"https:\/\/nsltecnologia.com.br\/index.php?rest_route=\/wp\/v2\/types\/page"}],"author":[{"embeddable":true,"href":"https:\/\/nsltecnologia.com.br\/index.php?rest_route=\/wp\/v2\/users\/1"}],"replies":[{"embeddable":true,"href":"https:\/\/nsltecnologia.com.br\/index.php?rest_route=%2Fwp%2Fv2%2Fcomments&post=57913"}],"version-history":[{"count":27,"href":"https:\/\/nsltecnologia.com.br\/index.php?rest_route=\/wp\/v2\/pages\/57913\/revisions"}],"predecessor-version":[{"id":57982,"href":"https:\/\/nsltecnologia.com.br\/index.php?rest_route=\/wp\/v2\/pages\/57913\/revisions\/57982"}],"wp:attachment":[{"href":"https:\/\/nsltecnologia.com.br\/index.php?rest_route=%2Fwp%2Fv2%2Fmedia&parent=57913"}],"curies":[{"name":"wp","href":"https:\/\/api.w.org\/{rel}","templated":true}]}}