{"id":56722,"date":"2023-06-30T10:30:20","date_gmt":"2023-06-30T13:30:20","guid":{"rendered":"https:\/\/nsltecnologia.com.br\/?page_id=56722"},"modified":"2023-07-08T09:51:25","modified_gmt":"2023-07-08T12:51:25","slug":"vufind-projetado-e-desenvolvido-para-bibliotecas-por-bibliotecas","status":"publish","type":"page","link":"https:\/\/nsltecnologia.com.br\/?page_id=56722","title":{"rendered":"VuFind projetado e desenvolvido para bibliotecas por bibliotecas."},"content":{"rendered":"\n<figure class=\"wp-block-image size-full is-resized\"><img loading=\"lazy\" decoding=\"async\" src=\"https:\/\/nsltecnologia.com.br\/wp-content\/uploads\/2023\/06\/VUFIND-LOGO-pq.png\" alt=\"\" class=\"wp-image-56723\" width=\"276\" height=\"92\" srcset=\"https:\/\/nsltecnologia.com.br\/wp-content\/uploads\/2023\/06\/VUFIND-LOGO-pq.png 500w, https:\/\/nsltecnologia.com.br\/wp-content\/uploads\/2023\/06\/VUFIND-LOGO-pq-300x100.png 300w\" sizes=\"auto, (max-width: 276px) 100vw, 276px\" \/><\/figure>\n\n\n\n<div style=\"height:35px\" aria-hidden=\"true\" class=\"wp-block-spacer\"><\/div>\n\n\n\n<p>O objetivo do VuFind \u00e9 permitir que seus usu\u00e1rios pesquisem e naveguem por todos os recursos de sua biblioteca, incluindo:<\/p>\n\n\n\n<ul class=\"wp-block-list\">\n<li>Registros de Cat\u00e1logo (cat\u00e1logos online)<\/li>\n\n\n\n<li>Itens da Biblioteca Digital<\/li>\n\n\n\n<li>Portais de Peri\u00f3dicos<\/li>\n\n\n\n<li>Portais de eventos<\/li>\n\n\n\n<li>Reposit\u00f3rio Institucional<\/li>\n\n\n\n<li>Bibliografia Institucional<\/li>\n\n\n\n<li>Outras cole\u00e7\u00f5es e recursos da biblioteca<\/li>\n<\/ul>\n\n\n\n<p>O VuFind \u00e9 completamente modular, ent\u00e3o voc\u00ea pode implementar apenas o sistema b\u00e1sico ou todos os componentes.&nbsp;Como \u00e9 de c\u00f3digo aberto, voc\u00ea pode modificar ou adicionar m\u00f3dulos para melhor atender \u00e0s suas necessidades.&nbsp;Uma ampla gama de op\u00e7\u00f5es configur\u00e1veis \u200b\u200bpermite uma ampla personaliza\u00e7\u00e3o sem alterar nenhum c\u00f3digo. Altamente customiz\u00e1vel, possibilita se ajustar a diversas finalidades facilmente.<\/p>\n\n\n\n<div style=\"height:82px\" aria-hidden=\"true\" class=\"wp-block-spacer\"><\/div>\n\n\n\n<div class=\"wp-block-columns is-layout-flex wp-container-core-columns-is-layout-1 wp-block-columns-is-layout-flex\">\n<div class=\"wp-block-column is-layout-flow wp-block-column-is-layout-flow\">\n<figure class=\"wp-block-image size-full\"><img loading=\"lazy\" decoding=\"async\" width=\"500\" height=\"345\" src=\"https:\/\/nsltecnologia.com.br\/wp-content\/uploads\/2023\/06\/Estrutura.png\" alt=\"\" class=\"wp-image-56725\" srcset=\"https:\/\/nsltecnologia.com.br\/wp-content\/uploads\/2023\/06\/Estrutura.png 500w, https:\/\/nsltecnologia.com.br\/wp-content\/uploads\/2023\/06\/Estrutura-300x207.png 300w\" sizes=\"auto, (max-width: 500px) 100vw, 500px\" \/><\/figure>\n<\/div>\n\n\n\n<div class=\"wp-block-column is-layout-flow wp-block-column-is-layout-flow\">\n<p class=\"has-text-align-right\">O VuFind opera por meio de coleta (harvesting) autom\u00e1tica de metadados, utilizando o protocolo Open Archives Initiative &#8211; Protocol for Metadata Harvesting (OAI-PMH). Com isso, pode integrar todos os tipos de sistemas que interoperam por meio desse protocolo. Com isso, criar um portal de busca \u00fanico para esses sistemas.<\/p>\n<\/div>\n<\/div>\n\n\n\n<div style=\"height:82px\" aria-hidden=\"true\" class=\"wp-block-spacer\"><\/div>\n\n\n\n<h3 class=\"wp-block-heading\">Caracter\u00edsticas<\/h3>\n\n\n\n<div class=\"wp-block-columns is-layout-flex wp-container-core-columns-is-layout-2 wp-block-columns-is-layout-flex\">\n<div class=\"wp-block-column is-layout-flow wp-block-column-is-layout-flow\">\n<p><strong>Pesquisa com resultados facetados<\/strong><\/p>\n\n\n\n<p>O sistema de pesquisa permite que o usu\u00e1rio pesquise a partir de uma caixa de pesquisa b\u00e1sica e, em seguida, reduza os resultados clicando nas v\u00e1rias facetas dos resultados.<\/p>\n\n\n\n<p><strong>Status e localiza\u00e7\u00e3o do registro ao vivo com consulta Ajax<\/strong><\/p>\n\n\n\n<p>A p\u00e1gina de resultados da pesquisa \u00e9 capaz de exibir o status ao vivo de um registro por meio do uso de AJAX, consultando o cat\u00e1logo naquele exato momento.&nbsp;E como isso \u00e9 feito por meio de AJAX ap\u00f3s o carregamento dos resultados, a p\u00e1gina n\u00e3o ficar\u00e1 lenta por nenhum motivo.<\/p>\n\n\n\n<p><strong>Sugest\u00f5es de recursos &#8220;Mais como isto&#8221;<\/strong><\/p>\n\n\n\n<p>Ao visualizar um registro, o usu\u00e1rio receber\u00e1 sugest\u00f5es de recursos semelhantes ao recurso atual.<\/p>\n\n\n\n<p><strong>Salvar recursos em listas organizadas<\/strong><\/p>\n\n\n\n<p>O usu\u00e1rio tem a capacidade de salvar os recursos da p\u00e1gina de resultados de pesquisa e da p\u00e1gina de exibi\u00e7\u00e3o de registro em suas pr\u00f3prias listas personaliz\u00e1veis.&nbsp;As listas podem ser recuperadas a qualquer momento e estar\u00e3o sempre dispon\u00edveis para o usu\u00e1rio.&nbsp;Isso ajuda a eliminar a necessidade de software de gerenciamento de cita\u00e7\u00f5es baseado em desktop, que tende a ser muito dif\u00edcil para usu\u00e1rios b\u00e1sicos.&nbsp;Isso torna mais simples para todos os usu\u00e1rios!<\/p>\n\n\n\n<p><strong>Procurar recursos<\/strong><\/p>\n\n\n\n<p>O usu\u00e1rio tem a capacidade de navegar no cat\u00e1logo, permitindo-lhe explorar o que a biblioteca tem, em vez de apenas ver um espectro muito restrito de resultados.<\/p>\n<\/div>\n\n\n\n<div class=\"wp-block-column is-layout-flow wp-block-column-is-layout-flow\">\n<p><strong>Biografias do Autor<\/strong><\/p>\n\n\n\n<p>O usu\u00e1rio pode saber mais sobre o autor com informa\u00e7\u00f5es contextuais e ver todos os livros que escreveu na biblioteca.<\/p>\n\n\n\n<p><strong>URLs persistentes<\/strong><\/p>\n\n\n\n<p>Permite que o usu\u00e1rio marque suas consultas ou registros para permitir acesso permanente a uma p\u00e1gina em que j\u00e1 esteve.<\/p>\n\n\n\n<p><strong>Compat\u00edvel com Zotero<\/strong><\/p>\n\n\n\n<p>Seus usu\u00e1rios podem salvar e marcar quaisquer registros com&nbsp;<a href=\"http:\/\/www.zotero.org\/\">Zotero<\/a>&nbsp;ou qualquer outro aplicativo baseado em&nbsp;<a href=\"http:\/\/ocoins.info\/\">COinS<\/a>&nbsp;para que possam armazenar seus registros em um s\u00f3 lugar.<\/p>\n\n\n\n<p><strong>Internacionaliza\u00e7\u00e3o<\/strong><\/p>\n\n\n\n<p>A interface possui tradu\u00e7\u00f5es dispon\u00edveis em \u00e1rabe, portugu\u00eas do Brasil, chin\u00eas, holand\u00eas, ingl\u00eas, franc\u00eas, alem\u00e3o, japon\u00eas, espanhol e muito mais.&nbsp;E se voc\u00ea quiser criar sua pr\u00f3pria tradu\u00e7\u00e3o &#8211; \u00e9 f\u00e1cil.&nbsp;Voc\u00ea pode at\u00e9 criar uma nova tradu\u00e7\u00e3o em ingl\u00eas se quiser alterar algumas das palavras usadas na interface &#8211; isso torna a interface do usu\u00e1rio muito mais f\u00e1cil de personalizar.<\/p>\n\n\n\n<p><strong>Acesse seus dados: Open Search, OAI, Solr<\/strong><\/p>\n\n\n\n<p>O VuFind possui muitas APIs para interagir com a pesquisa, dados e muitos outros recursos.&nbsp;Voc\u00ea pode distribuir seus dados de registro com outras institui\u00e7\u00f5es por meio de um servidor OAI.&nbsp;Voc\u00ea pode pesquisar usando os algoritmos do VuFind via OpenSearch.&nbsp;E se voc\u00ea quiser acesso completo aos seus dados indexados, voc\u00ea pode interagir com o Solr, o mecanismo de indexa\u00e7\u00e3o e pesquisa de back-end do VuFind<\/p>\n<\/div>\n<\/div>\n\n\n\n<div style=\"height:71px\" aria-hidden=\"true\" class=\"wp-block-spacer\"><\/div>\n\n\n\n<h2 class=\"wp-block-heading has-text-align-center\">Escolha seu plano de hospedagem gerenciado para vuFind\u2122<\/h2>\n\n\n\n<p class=\"has-text-align-center\">A hospedagem econ\u00f4mica em nuvem VuFind\u2122  foi projetada para atender \u00e0s suas necessidades de neg\u00f3cios.  Sem taxas de licenciamento<em>(licen\u00e7a<\/em> <em>GPL)<\/em>, quantidade de usu\u00e1rios e documentos ilimitados.<\/p>\n\n\n\n<div style=\"height:35px\" aria-hidden=\"true\" class=\"wp-block-spacer\"><\/div>\n\n\n\n<div class=\"wp-block-columns is-layout-flex wp-container-core-columns-is-layout-3 wp-block-columns-is-layout-flex\">\n<div class=\"wp-block-column is-layout-flow wp-block-column-is-layout-flow\"><div class=\"wp-block-image\">\n<figure class=\"aligncenter size-full is-resized\"><img loading=\"lazy\" decoding=\"async\" src=\"https:\/\/nsltecnologia.com.br\/wp-content\/uploads\/2023\/06\/magnify.png\" alt=\"\" class=\"wp-image-56740\" width=\"99\" height=\"104\"\/><\/figure><\/div>\n\n\n<h4 class=\"wp-block-heading has-text-align-center\">Solicite uma demonstra\u00e7\u00e3o<\/h4>\n\n\n\n<p class=\"has-text-align-center\">Solicite uma apresenta\u00e7\u00e3o e falem com voc\u00ea sobre o VuFind\u2122 e o valor que ele pode trazer para sua empresa.<\/p>\n\n\n\n<div class=\"wp-block-buttons is-layout-flex wp-block-buttons-is-layout-flex\">\n<div class=\"wp-block-button aligncenter is-style-fill\"><a class=\"wp-block-button__link wp-element-button\" href=\"https:\/\/nsltecnologia.com.br\/#contact-4\">Solicitar<\/a><\/div>\n<\/div>\n<\/div>\n\n\n\n<div class=\"wp-block-column is-layout-flow wp-block-column-is-layout-flow\"><div class=\"wp-block-image\">\n<figure class=\"aligncenter size-full is-resized\"><img loading=\"lazy\" decoding=\"async\" src=\"https:\/\/nsltecnologia.com.br\/wp-content\/uploads\/2023\/01\/icon_get-200x200-1.png\" alt=\"\" class=\"wp-image-56073\" width=\"105\" height=\"105\" srcset=\"https:\/\/nsltecnologia.com.br\/wp-content\/uploads\/2023\/01\/icon_get-200x200-1.png 200w, https:\/\/nsltecnologia.com.br\/wp-content\/uploads\/2023\/01\/icon_get-200x200-1-150x150.png 150w, https:\/\/nsltecnologia.com.br\/wp-content\/uploads\/2023\/01\/icon_get-200x200-1-100x100.png 100w\" sizes=\"auto, (max-width: 105px) 100vw, 105px\" \/><\/figure><\/div>\n\n\n<h4 class=\"wp-block-heading has-text-align-center\">Entrar em contato<\/h4>\n\n\n\n<p class=\"has-text-align-center\">Converse hoje para discutir suas necessidades de Gest\u00e3o de Biblioteca.&nbsp;Estamos ansiosos para ouvir de voc\u00ea!<\/p>\n\n\n\n<div class=\"wp-block-jetpack-send-a-message\">\n<div class=\"wp-block-jetpack-whatsapp-button aligncenter is-color-dark\"><a class=\"whatsapp-block__button\" href=\"https:\/\/api.whatsapp.com\/send?phone=5598984958061&amp;text=Oi%2C%20encontrei%20suas%20informa%C3%A7%C3%B5es%20do%20WhatsApp%20no%20seu%20site.\" style=\"background-color:#25D366;color:#fff\" target=\"_self\" rel=\"noopener noreferrer\">Contato<\/a><\/div>\n<\/div>\n<\/div>\n<\/div>\n\n\n\n<div style=\"height:82px\" aria-hidden=\"true\" class=\"wp-block-spacer\"><\/div>\n\n\n\n<h3 class=\"wp-block-heading has-text-align-center\">Quem Utiliza o VuFind ?<\/h3>\n\n\n\n<div class=\"wp-block-columns is-layout-flex wp-container-core-columns-is-layout-4 wp-block-columns-is-layout-flex\">\n<div class=\"wp-block-column is-layout-flow wp-block-column-is-layout-flow\" style=\"flex-basis:100%\">\n<p class=\"has-text-align-center\">Algumas institui\u00e7\u00f5es no Brasil e no Mundo que utilizam o software VuFind<\/p>\n<\/div>\n<\/div>\n\n\n\n<div class=\"wp-block-columns is-layout-flex wp-container-core-columns-is-layout-5 wp-block-columns-is-layout-flex\">\n<div class=\"wp-block-column is-layout-flow wp-block-column-is-layout-flow\"><div class=\"wp-block-image\">\n<figure class=\"aligncenter size-large\"><img loading=\"lazy\" decoding=\"async\" width=\"1024\" height=\"388\" src=\"https:\/\/nsltecnologia.com.br\/wp-content\/uploads\/2023\/06\/logoibict-1024x388.png\" alt=\"\" class=\"wp-image-56729\" srcset=\"https:\/\/nsltecnologia.com.br\/wp-content\/uploads\/2023\/06\/logoibict-1024x388.png 1024w, https:\/\/nsltecnologia.com.br\/wp-content\/uploads\/2023\/06\/logoibict-300x114.png 300w, https:\/\/nsltecnologia.com.br\/wp-content\/uploads\/2023\/06\/logoibict-768x291.png 768w, https:\/\/nsltecnologia.com.br\/wp-content\/uploads\/2023\/06\/logoibict-1536x582.png 1536w, https:\/\/nsltecnologia.com.br\/wp-content\/uploads\/2023\/06\/logoibict-600x227.png 600w, https:\/\/nsltecnologia.com.br\/wp-content\/uploads\/2023\/06\/logoibict.png 1706w\" sizes=\"auto, (max-width: 1024px) 100vw, 1024px\" \/><\/figure><\/div><\/div>\n\n\n\n<div class=\"wp-block-column is-layout-flow wp-block-column-is-layout-flow\"><div class=\"wp-block-image\">\n<figure class=\"aligncenter size-full is-resized\"><img loading=\"lazy\" decoding=\"async\" src=\"https:\/\/nsltecnologia.com.br\/wp-content\/uploads\/2023\/06\/logo_unb1.png\" alt=\"\" class=\"wp-image-56731\" width=\"64\" height=\"58\" srcset=\"https:\/\/nsltecnologia.com.br\/wp-content\/uploads\/2023\/06\/logo_unb1.png 1000w, https:\/\/nsltecnologia.com.br\/wp-content\/uploads\/2023\/06\/logo_unb1-300x276.png 300w, https:\/\/nsltecnologia.com.br\/wp-content\/uploads\/2023\/06\/logo_unb1-768x707.png 768w, https:\/\/nsltecnologia.com.br\/wp-content\/uploads\/2023\/06\/logo_unb1-600x552.png 600w\" sizes=\"auto, (max-width: 64px) 100vw, 64px\" \/><\/figure><\/div><\/div>\n\n\n\n<div class=\"wp-block-column is-layout-flow wp-block-column-is-layout-flow\"><div class=\"wp-block-image\">\n<figure class=\"aligncenter size-full\"><img loading=\"lazy\" decoding=\"async\" width=\"176\" height=\"56\" src=\"https:\/\/nsltecnologia.com.br\/wp-content\/uploads\/2023\/06\/logo-unesp.png\" alt=\"\" class=\"wp-image-56734\"\/><\/figure><\/div><\/div>\n\n\n\n<div class=\"wp-block-column is-layout-flow wp-block-column-is-layout-flow\"><div class=\"wp-block-image\">\n<figure class=\"aligncenter size-full\"><img loading=\"lazy\" decoding=\"async\" width=\"308\" height=\"164\" src=\"https:\/\/nsltecnologia.com.br\/wp-content\/uploads\/2023\/06\/ufsm-logo.png\" alt=\"\" class=\"wp-image-56733\" srcset=\"https:\/\/nsltecnologia.com.br\/wp-content\/uploads\/2023\/06\/ufsm-logo.png 308w, https:\/\/nsltecnologia.com.br\/wp-content\/uploads\/2023\/06\/ufsm-logo-300x160.png 300w\" sizes=\"auto, (max-width: 308px) 100vw, 308px\" \/><\/figure><\/div><\/div>\n\n\n\n<div class=\"wp-block-column is-vertically-aligned-center is-layout-flow wp-block-column-is-layout-flow\">\n<figure class=\"wp-block-image size-full is-resized\"><img loading=\"lazy\" decoding=\"async\" src=\"https:\/\/nsltecnologia.com.br\/wp-content\/uploads\/2023\/06\/enap.png\" alt=\"\" class=\"wp-image-56735\" width=\"172\" height=\"41\" srcset=\"https:\/\/nsltecnologia.com.br\/wp-content\/uploads\/2023\/06\/enap.png 790w, https:\/\/nsltecnologia.com.br\/wp-content\/uploads\/2023\/06\/enap-300x73.png 300w, https:\/\/nsltecnologia.com.br\/wp-content\/uploads\/2023\/06\/enap-768x187.png 768w, https:\/\/nsltecnologia.com.br\/wp-content\/uploads\/2023\/06\/enap-600x146.png 600w\" sizes=\"auto, (max-width: 172px) 100vw, 172px\" \/><\/figure>\n<\/div>\n<\/div>\n\n\n\n<div class=\"wp-block-columns is-layout-flex wp-container-core-columns-is-layout-6 wp-block-columns-is-layout-flex\">\n<div class=\"wp-block-column is-layout-flow wp-block-column-is-layout-flow\" style=\"flex-basis:20%\"><div class=\"wp-block-image\">\n<figure class=\"aligncenter size-full is-resized\"><img loading=\"lazy\" decoding=\"async\" src=\"https:\/\/nsltecnologia.com.br\/wp-content\/uploads\/2023\/06\/ipea-logo.png\" alt=\"\" class=\"wp-image-56745\" width=\"162\" height=\"42\" srcset=\"https:\/\/nsltecnologia.com.br\/wp-content\/uploads\/2023\/06\/ipea-logo.png 696w, https:\/\/nsltecnologia.com.br\/wp-content\/uploads\/2023\/06\/ipea-logo-300x80.png 300w, https:\/\/nsltecnologia.com.br\/wp-content\/uploads\/2023\/06\/ipea-logo-600x159.png 600w\" sizes=\"auto, (max-width: 162px) 100vw, 162px\" \/><\/figure><\/div><\/div>\n\n\n\n<div class=\"wp-block-column is-vertically-aligned-top is-layout-flow wp-block-column-is-layout-flow\" style=\"flex-basis:20%\"><div class=\"wp-block-image\">\n<figure class=\"aligncenter size-full\"><img loading=\"lazy\" decoding=\"async\" width=\"590\" height=\"300\" src=\"https:\/\/nsltecnologia.com.br\/wp-content\/uploads\/2023\/06\/logo-pucrs.webp\" alt=\"\" class=\"wp-image-56748\" srcset=\"https:\/\/nsltecnologia.com.br\/wp-content\/uploads\/2023\/06\/logo-pucrs.webp 590w, https:\/\/nsltecnologia.com.br\/wp-content\/uploads\/2023\/06\/logo-pucrs-300x153.webp 300w\" sizes=\"auto, (max-width: 590px) 100vw, 590px\" \/><\/figure><\/div><\/div>\n\n\n\n<div class=\"wp-block-column is-layout-flow wp-block-column-is-layout-flow\" style=\"flex-basis:20%\"><div class=\"wp-block-image\">\n<figure class=\"aligncenter size-full is-resized\"><img loading=\"lazy\" decoding=\"async\" src=\"https:\/\/nsltecnologia.com.br\/wp-content\/uploads\/2023\/06\/SENADOFD-LOGO.png\" alt=\"\" class=\"wp-image-56749\" width=\"113\" height=\"113\" srcset=\"https:\/\/nsltecnologia.com.br\/wp-content\/uploads\/2023\/06\/SENADOFD-LOGO.png 225w, https:\/\/nsltecnologia.com.br\/wp-content\/uploads\/2023\/06\/SENADOFD-LOGO-150x150.png 150w, https:\/\/nsltecnologia.com.br\/wp-content\/uploads\/2023\/06\/SENADOFD-LOGO-100x100.png 100w\" sizes=\"auto, (max-width: 113px) 100vw, 113px\" \/><\/figure><\/div><\/div>\n\n\n\n<div class=\"wp-block-column is-vertically-aligned-top is-layout-flow wp-block-column-is-layout-flow\" style=\"flex-basis:20%\"><div class=\"wp-block-image\">\n<figure class=\"aligncenter size-full\"><img loading=\"lazy\" decoding=\"async\" width=\"182\" height=\"33\" src=\"https:\/\/nsltecnologia.com.br\/wp-content\/uploads\/2023\/06\/logocapes2.png\" alt=\"\" class=\"wp-image-56750\"\/><\/figure><\/div><\/div>\n\n\n\n<div class=\"wp-block-column is-layout-flow wp-block-column-is-layout-flow\" style=\"flex-basis:20%\">\n<figure class=\"wp-block-image size-full\"><img loading=\"lazy\" decoding=\"async\" width=\"463\" height=\"142\" src=\"https:\/\/nsltecnologia.com.br\/wp-content\/uploads\/2023\/06\/falvey_logo.png\" alt=\"\" class=\"wp-image-56751\" srcset=\"https:\/\/nsltecnologia.com.br\/wp-content\/uploads\/2023\/06\/falvey_logo.png 463w, https:\/\/nsltecnologia.com.br\/wp-content\/uploads\/2023\/06\/falvey_logo-300x92.png 300w\" sizes=\"auto, (max-width: 463px) 100vw, 463px\" \/><\/figure>\n<\/div>\n<\/div>\n","protected":false},"excerpt":{"rendered":"<p>O objetivo do VuFind \u00e9 permitir que seus usu\u00e1rios pesquisem e naveguem por todos os recursos de sua biblioteca, incluindo: O VuFind \u00e9 completamente modular, ent\u00e3o voc\u00ea pode implementar apenas o sistema b\u00e1sico ou todos os componentes.&nbsp;Como \u00e9 de c\u00f3digo aberto, voc\u00ea pode modificar ou adicionar m\u00f3dulos para melhor atender \u00e0s suas necessidades.&nbsp;Uma ampla gama&hellip; <br \/> <a class=\"button small blue\" href=\"https:\/\/nsltecnologia.com.br\/?page_id=56722\">Leia mais<\/a><\/p>\n","protected":false},"author":1,"featured_media":0,"parent":0,"menu_order":0,"comment_status":"closed","ping_status":"closed","template":"","meta":{"_uag_custom_page_level_css":"","footnotes":""},"class_list":["post-56722","page","type-page","status-publish","hentry"],"uagb_featured_image_src":{"full":false,"thumbnail":false,"medium":false,"medium_large":false,"large":false,"1536x1536":false,"2048x2048":false,"post-thumbnail":false,"one-page-express-full-hd":false},"uagb_author_info":{"display_name":"nsl","author_link":"https:\/\/nsltecnologia.com.br\/?author=1"},"uagb_comment_info":0,"uagb_excerpt":"O objetivo do VuFind \u00e9 permitir que seus usu\u00e1rios pesquisem e naveguem por todos os recursos de sua biblioteca, incluindo: O VuFind \u00e9 completamente modular, ent\u00e3o voc\u00ea pode implementar apenas o sistema b\u00e1sico ou todos os componentes.&nbsp;Como \u00e9 de c\u00f3digo aberto, voc\u00ea pode modificar ou adicionar m\u00f3dulos para melhor atender \u00e0s suas necessidades.&nbsp;Uma ampla gama&hellip;&hellip;","_links":{"self":[{"href":"https:\/\/nsltecnologia.com.br\/index.php?rest_route=\/wp\/v2\/pages\/56722","targetHints":{"allow":["GET"]}}],"collection":[{"href":"https:\/\/nsltecnologia.com.br\/index.php?rest_route=\/wp\/v2\/pages"}],"about":[{"href":"https:\/\/nsltecnologia.com.br\/index.php?rest_route=\/wp\/v2\/types\/page"}],"author":[{"embeddable":true,"href":"https:\/\/nsltecnologia.com.br\/index.php?rest_route=\/wp\/v2\/users\/1"}],"replies":[{"embeddable":true,"href":"https:\/\/nsltecnologia.com.br\/index.php?rest_route=%2Fwp%2Fv2%2Fcomments&post=56722"}],"version-history":[{"count":13,"href":"https:\/\/nsltecnologia.com.br\/index.php?rest_route=\/wp\/v2\/pages\/56722\/revisions"}],"predecessor-version":[{"id":56791,"href":"https:\/\/nsltecnologia.com.br\/index.php?rest_route=\/wp\/v2\/pages\/56722\/revisions\/56791"}],"wp:attachment":[{"href":"https:\/\/nsltecnologia.com.br\/index.php?rest_route=%2Fwp%2Fv2%2Fmedia&parent=56722"}],"curies":[{"name":"wp","href":"https:\/\/api.w.org\/{rel}","templated":true}]}}