{"id":56666,"date":"2023-06-08T08:08:57","date_gmt":"2023-06-08T11:08:57","guid":{"rendered":"https:\/\/nsltecnologia.com.br\/?page_id=56666"},"modified":"2023-06-08T09:16:07","modified_gmt":"2023-06-08T12:16:07","slug":"orangehrm-incremente-sua-equipe-de-rh-e-capacite-seu-pessoal-com-um-poderoso-software-de-rh","status":"publish","type":"page","link":"https:\/\/nsltecnologia.com.br\/?page_id=56666","title":{"rendered":"OrangeHRM\u2122, incremente sua equipe de RH e capacite seu pessoal com um poderoso software de RH"},"content":{"rendered":"\n<figure class=\"wp-block-image size-full is-resized\"><img loading=\"lazy\" decoding=\"async\" src=\"https:\/\/nsltecnologia.com.br\/wp-content\/uploads\/2023\/06\/Logo-2.png\" alt=\"\" class=\"wp-image-56668\" width=\"276\" height=\"70\" srcset=\"https:\/\/nsltecnologia.com.br\/wp-content\/uploads\/2023\/06\/Logo-2.png 447w, https:\/\/nsltecnologia.com.br\/wp-content\/uploads\/2023\/06\/Logo-2-300x76.png 300w\" sizes=\"auto, (max-width: 276px) 100vw, 276px\" \/><\/figure>\n\n\n\n<div style=\"height:24px\" aria-hidden=\"true\" class=\"wp-block-spacer\"><\/div>\n\n\n\n<h3 class=\"wp-block-heading\">Forne\u00e7a \u00e0 sua equipe de RH as ferramentas necess\u00e1rias para agilizar tarefas administrativas, dar suporte aos funcion\u00e1rios e tomar decis\u00f5es informadas com o software de RH de c\u00f3digo aberto OrangeHRM\u2122.<\/h3>\n\n\n\n<div style=\"height:77px\" aria-hidden=\"true\" class=\"wp-block-spacer\"><\/div>\n\n\n\n<div style=\"height:77px\" aria-hidden=\"true\" class=\"wp-block-spacer\"><\/div>\n\n\n\n<div class=\"wp-block-columns is-layout-flex wp-container-core-columns-is-layout-1 wp-block-columns-is-layout-flex\">\n<div class=\"wp-block-column is-layout-flow wp-block-column-is-layout-flow\">\n<h3 class=\"wp-block-heading\">Administra\u00e7\u00e3o de RH<\/h3>\n\n\n\n<p>Esteja voc\u00ea no RH h\u00e1 anos ou apenas come\u00e7ando, o m\u00f3dulo de Administra\u00e7\u00e3o de RH foi criado para voc\u00ea. Das fun\u00e7\u00f5es de usu\u00e1rio do Admin &amp; Employee Self Service (ESS) ao aplicativo m\u00f3vel, os recursos de administra\u00e7\u00e3o de RH fornecem todas as ferramentas b\u00e1sicas necess\u00e1rias para gerenciar seu HRIS com facilidade<\/p>\n<\/div>\n\n\n\n<div class=\"wp-block-column is-vertically-aligned-center is-layout-flow wp-block-column-is-layout-flow\">\n<figure class=\"wp-block-image size-large\"><img loading=\"lazy\" decoding=\"async\" width=\"1024\" height=\"492\" src=\"https:\/\/nsltecnologia.com.br\/wp-content\/uploads\/2023\/06\/HR-Administration-Starter-2-1024x492.webp\" alt=\"\" class=\"wp-image-56679\" srcset=\"https:\/\/nsltecnologia.com.br\/wp-content\/uploads\/2023\/06\/HR-Administration-Starter-2-1024x492.webp 1024w, https:\/\/nsltecnologia.com.br\/wp-content\/uploads\/2023\/06\/HR-Administration-Starter-2-300x144.webp 300w, https:\/\/nsltecnologia.com.br\/wp-content\/uploads\/2023\/06\/HR-Administration-Starter-2-768x369.webp 768w, https:\/\/nsltecnologia.com.br\/wp-content\/uploads\/2023\/06\/HR-Administration-Starter-2-600x288.webp 600w, https:\/\/nsltecnologia.com.br\/wp-content\/uploads\/2023\/06\/HR-Administration-Starter-2.webp 1355w\" sizes=\"auto, (max-width: 1024px) 100vw, 1024px\" \/><\/figure>\n<\/div>\n<\/div>\n\n\n\n<div style=\"height:91px\" aria-hidden=\"true\" class=\"wp-block-spacer\"><\/div>\n\n\n\n<div style=\"height:91px\" aria-hidden=\"true\" class=\"wp-block-spacer\"><\/div>\n\n\n\n<div class=\"wp-block-columns is-layout-flex wp-container-core-columns-is-layout-2 wp-block-columns-is-layout-flex\">\n<div class=\"wp-block-column is-vertically-aligned-center is-layout-flow wp-block-column-is-layout-flow\" style=\"flex-basis:50%\"><div class=\"wp-block-image\">\n<figure class=\"aligncenter size-large\"><img loading=\"lazy\" decoding=\"async\" width=\"1024\" height=\"494\" src=\"https:\/\/nsltecnologia.com.br\/wp-content\/uploads\/2023\/06\/Employee-Management-Starter-1024x494.webp\" alt=\"\" class=\"wp-image-56671\" srcset=\"https:\/\/nsltecnologia.com.br\/wp-content\/uploads\/2023\/06\/Employee-Management-Starter-1024x494.webp 1024w, https:\/\/nsltecnologia.com.br\/wp-content\/uploads\/2023\/06\/Employee-Management-Starter-300x145.webp 300w, https:\/\/nsltecnologia.com.br\/wp-content\/uploads\/2023\/06\/Employee-Management-Starter-768x370.webp 768w, https:\/\/nsltecnologia.com.br\/wp-content\/uploads\/2023\/06\/Employee-Management-Starter-600x289.webp 600w, https:\/\/nsltecnologia.com.br\/wp-content\/uploads\/2023\/06\/Employee-Management-Starter.webp 1357w\" sizes=\"auto, (max-width: 1024px) 100vw, 1024px\" \/><\/figure><\/div><\/div>\n\n\n\n<div class=\"wp-block-column is-layout-flow wp-block-column-is-layout-flow\" style=\"flex-basis:50%\">\n<h3 class=\"has-text-align-right wp-block-heading\">Gest\u00e3o de Funcion\u00e1rios<\/h3>\n\n\n\n<p class=\"has-text-align-right\">Com o Gerenciamento de Funcion\u00e1rios, voc\u00ea obt\u00e9m acesso ao Painel, Banco de Dados de Funcion\u00e1rios e Diret\u00f3rio Corporativo.&nbsp;Voc\u00ea poder\u00e1 armazenar todas as informa\u00e7\u00f5es de seus funcion\u00e1rios na nuvem e dizer adeus ao gerenciamento de tudo no papel.<\/p>\n<\/div>\n<\/div>\n\n\n\n<div style=\"height:74px\" aria-hidden=\"true\" class=\"wp-block-spacer\"><\/div>\n\n\n\n<div style=\"height:74px\" aria-hidden=\"true\" class=\"wp-block-spacer\"><\/div>\n\n\n\n<div class=\"wp-block-columns is-layout-flex wp-container-core-columns-is-layout-3 wp-block-columns-is-layout-flex\">\n<div class=\"wp-block-column is-layout-flow wp-block-column-is-layout-flow\">\n<h3 class=\"wp-block-heading\">PTO \/ Gest\u00e3o de Licen\u00e7as<\/h3>\n\n\n\n<p>Este m\u00f3dulo por si s\u00f3 torna muito melhor trabalhar em RH.&nbsp;Com sua configura\u00e7\u00e3o avan\u00e7ada de licen\u00e7as e podendo gerenciar solicita\u00e7\u00f5es e aprova\u00e7\u00f5es de PTO.&nbsp;Isso ajudar\u00e1 a liberar voc\u00ea para fazer muito mais.<\/p>\n<\/div>\n\n\n\n<div class=\"wp-block-column is-vertically-aligned-center is-layout-flow wp-block-column-is-layout-flow\">\n<figure class=\"wp-block-image size-large\"><img loading=\"lazy\" decoding=\"async\" width=\"1024\" height=\"494\" src=\"https:\/\/nsltecnologia.com.br\/wp-content\/uploads\/2023\/06\/PTO-Leave-Management-1024x494.webp\" alt=\"\" class=\"wp-image-56672\" srcset=\"https:\/\/nsltecnologia.com.br\/wp-content\/uploads\/2023\/06\/PTO-Leave-Management-1024x494.webp 1024w, https:\/\/nsltecnologia.com.br\/wp-content\/uploads\/2023\/06\/PTO-Leave-Management-300x145.webp 300w, https:\/\/nsltecnologia.com.br\/wp-content\/uploads\/2023\/06\/PTO-Leave-Management-768x371.webp 768w, https:\/\/nsltecnologia.com.br\/wp-content\/uploads\/2023\/06\/PTO-Leave-Management-600x290.webp 600w, https:\/\/nsltecnologia.com.br\/wp-content\/uploads\/2023\/06\/PTO-Leave-Management.webp 1357w\" sizes=\"auto, (max-width: 1024px) 100vw, 1024px\" \/><\/figure>\n<\/div>\n<\/div>\n\n\n\n<div style=\"height:85px\" aria-hidden=\"true\" class=\"wp-block-spacer\"><\/div>\n\n\n\n<div style=\"height:85px\" aria-hidden=\"true\" class=\"wp-block-spacer\"><\/div>\n\n\n\n<div class=\"wp-block-columns is-layout-flex wp-container-core-columns-is-layout-4 wp-block-columns-is-layout-flex\">\n<div class=\"wp-block-column is-vertically-aligned-center is-layout-flow wp-block-column-is-layout-flow\"><div class=\"wp-block-image\">\n<figure class=\"aligncenter size-large\"><img loading=\"lazy\" decoding=\"async\" width=\"1024\" height=\"494\" src=\"https:\/\/nsltecnologia.com.br\/wp-content\/uploads\/2023\/06\/Reporting-Analytics-1024x494.webp\" alt=\"\" class=\"wp-image-56673\" srcset=\"https:\/\/nsltecnologia.com.br\/wp-content\/uploads\/2023\/06\/Reporting-Analytics-1024x494.webp 1024w, https:\/\/nsltecnologia.com.br\/wp-content\/uploads\/2023\/06\/Reporting-Analytics-300x145.webp 300w, https:\/\/nsltecnologia.com.br\/wp-content\/uploads\/2023\/06\/Reporting-Analytics-768x370.webp 768w, https:\/\/nsltecnologia.com.br\/wp-content\/uploads\/2023\/06\/Reporting-Analytics-600x289.webp 600w, https:\/\/nsltecnologia.com.br\/wp-content\/uploads\/2023\/06\/Reporting-Analytics.webp 1354w\" sizes=\"auto, (max-width: 1024px) 100vw, 1024px\" \/><\/figure><\/div><\/div>\n\n\n\n<div class=\"wp-block-column is-layout-flow wp-block-column-is-layout-flow\">\n<h3 class=\"has-text-align-right wp-block-heading\">Relat\u00f3rios e an\u00e1lises<\/h3>\n\n\n\n<p class=\"has-text-align-right\">Assim como o restante da empresa se preocupa com as m\u00e9tricas, voc\u00ea tamb\u00e9m pode se preocupar com os Relat\u00f3rios OrangeHRM.&nbsp;Esteja voc\u00ea buscando clareza nos dados de rotatividade de funcion\u00e1rios ou se perguntando como foram suas avalia\u00e7\u00f5es de desempenho, esses relat\u00f3rios d\u00e3o poder ao RH.&nbsp;Obtenha uma melhor compreens\u00e3o com melhores relat\u00f3rios.<\/p>\n<\/div>\n<\/div>\n\n\n\n<div style=\"height:81px\" aria-hidden=\"true\" class=\"wp-block-spacer\"><\/div>\n\n\n\n<div style=\"height:81px\" aria-hidden=\"true\" class=\"wp-block-spacer\"><\/div>\n\n\n\n<div class=\"wp-block-columns is-layout-flex wp-container-core-columns-is-layout-5 wp-block-columns-is-layout-flex\">\n<div class=\"wp-block-column is-layout-flow wp-block-column-is-layout-flow\">\n<h3 class=\"wp-block-heading\">Desempenho<\/h3>\n\n\n\n<p>Neste pilar voc\u00ea tem acesso \u00e0 fun\u00e7\u00e3o de avalia\u00e7\u00f5es 180\u00b0 do nosso pilar Performance.&nbsp;Voc\u00ea ser\u00e1 capaz de ter uma vis\u00e3o panor\u00e2mica do feedback de sua empresa uns aos outros.<\/p>\n<\/div>\n\n\n\n<div class=\"wp-block-column is-vertically-aligned-center is-layout-flow wp-block-column-is-layout-flow\">\n<figure class=\"wp-block-image size-large is-resized\"><img loading=\"lazy\" decoding=\"async\" src=\"https:\/\/nsltecnologia.com.br\/wp-content\/uploads\/2023\/06\/Performance-Starter-1024x492.webp\" alt=\"\" class=\"wp-image-56676\" width=\"402\" height=\"193\" srcset=\"https:\/\/nsltecnologia.com.br\/wp-content\/uploads\/2023\/06\/Performance-Starter-1024x492.webp 1024w, https:\/\/nsltecnologia.com.br\/wp-content\/uploads\/2023\/06\/Performance-Starter-300x144.webp 300w, https:\/\/nsltecnologia.com.br\/wp-content\/uploads\/2023\/06\/Performance-Starter-768x369.webp 768w, https:\/\/nsltecnologia.com.br\/wp-content\/uploads\/2023\/06\/Performance-Starter-600x288.webp 600w, https:\/\/nsltecnologia.com.br\/wp-content\/uploads\/2023\/06\/Performance-Starter.webp 1359w\" sizes=\"auto, (max-width: 402px) 100vw, 402px\" \/><\/figure>\n<\/div>\n<\/div>\n\n\n\n<div style=\"height:90px\" aria-hidden=\"true\" class=\"wp-block-spacer\"><\/div>\n\n\n\n<div style=\"height:90px\" aria-hidden=\"true\" class=\"wp-block-spacer\"><\/div>\n\n\n\n<div class=\"wp-block-columns are-vertically-aligned-center is-layout-flex wp-container-core-columns-is-layout-6 wp-block-columns-is-layout-flex\">\n<div class=\"wp-block-column is-vertically-aligned-center is-layout-flow wp-block-column-is-layout-flow\">\n<figure class=\"wp-block-image size-large\"><img loading=\"lazy\" decoding=\"async\" width=\"1024\" height=\"494\" src=\"https:\/\/nsltecnologia.com.br\/wp-content\/uploads\/2023\/06\/Recruitment-ATS-Starter-1024x494.webp\" alt=\"\" class=\"wp-image-56682\" srcset=\"https:\/\/nsltecnologia.com.br\/wp-content\/uploads\/2023\/06\/Recruitment-ATS-Starter-1024x494.webp 1024w, https:\/\/nsltecnologia.com.br\/wp-content\/uploads\/2023\/06\/Recruitment-ATS-Starter-300x145.webp 300w, https:\/\/nsltecnologia.com.br\/wp-content\/uploads\/2023\/06\/Recruitment-ATS-Starter-768x371.webp 768w, https:\/\/nsltecnologia.com.br\/wp-content\/uploads\/2023\/06\/Recruitment-ATS-Starter-600x290.webp 600w, https:\/\/nsltecnologia.com.br\/wp-content\/uploads\/2023\/06\/Recruitment-ATS-Starter.webp 1357w\" sizes=\"auto, (max-width: 1024px) 100vw, 1024px\" \/><\/figure>\n<\/div>\n\n\n\n<div class=\"wp-block-column is-vertically-aligned-center is-layout-flow wp-block-column-is-layout-flow\">\n<h3 class=\"has-text-align-right wp-block-heading\">Recrutamento (ATS)<\/h3>\n\n\n\n<p class=\"has-text-align-right\">A equipe de recrutamento pode ser composta por um ou v\u00e1rios, n\u00e3o importa.&nbsp;O que importa \u00e9 a experi\u00eancia geral desses candidatos.&nbsp;\u00c9 o trampolim para ter uma grande cultura e encontrar o ajuste certo para sua empresa.&nbsp;N\u00e3o tente construir uma cultura impec\u00e1vel sem as ferramentas certas.<\/p>\n<\/div>\n<\/div>\n\n\n\n<div style=\"height:81px\" aria-hidden=\"true\" class=\"wp-block-spacer\"><\/div>\n\n\n\n<div style=\"height:81px\" aria-hidden=\"true\" class=\"wp-block-spacer\"><\/div>\n\n\n\n<div class=\"wp-block-columns is-layout-flex wp-container-core-columns-is-layout-7 wp-block-columns-is-layout-flex\">\n<div class=\"wp-block-column is-layout-flow wp-block-column-is-layout-flow\">\n<h3 class=\"wp-block-heading\">Rastreamento de tempo<\/h3>\n\n\n\n<p>A import\u00e2ncia de acertar o controle de tempo pode literalmente economizar horas para voc\u00ea e sua equipe todas as semanas.&nbsp;Voc\u00ea n\u00e3o precisar\u00e1 mais rastrear todas as pessoas que se esqueceram de entrar ou sair em uma ter\u00e7a-feira aleat\u00f3ria.&nbsp;Com OrangeHRM, o sistema existe para ajudar todos a serem bem-sucedidos.<\/p>\n<\/div>\n\n\n\n<div class=\"wp-block-column is-vertically-aligned-center is-layout-flow wp-block-column-is-layout-flow\">\n<figure class=\"wp-block-image size-large\"><img loading=\"lazy\" decoding=\"async\" width=\"1024\" height=\"494\" src=\"https:\/\/nsltecnologia.com.br\/wp-content\/uploads\/2023\/06\/Time-Tracking-1024x494.webp\" alt=\"\" class=\"wp-image-56685\" srcset=\"https:\/\/nsltecnologia.com.br\/wp-content\/uploads\/2023\/06\/Time-Tracking-1024x494.webp 1024w, https:\/\/nsltecnologia.com.br\/wp-content\/uploads\/2023\/06\/Time-Tracking-300x145.webp 300w, https:\/\/nsltecnologia.com.br\/wp-content\/uploads\/2023\/06\/Time-Tracking-768x370.webp 768w, https:\/\/nsltecnologia.com.br\/wp-content\/uploads\/2023\/06\/Time-Tracking-600x289.webp 600w, https:\/\/nsltecnologia.com.br\/wp-content\/uploads\/2023\/06\/Time-Tracking.webp 1358w\" sizes=\"auto, (max-width: 1024px) 100vw, 1024px\" \/><\/figure>\n<\/div>\n<\/div>\n\n\n\n<div style=\"height:72px\" aria-hidden=\"true\" class=\"wp-block-spacer\"><\/div>\n\n\n\n<div style=\"height:72px\" aria-hidden=\"true\" class=\"wp-block-spacer\"><\/div>\n\n\n\n<div class=\"wp-block-columns is-layout-flex wp-container-core-columns-is-layout-8 wp-block-columns-is-layout-flex\">\n<div class=\"wp-block-column is-vertically-aligned-center is-layout-flow wp-block-column-is-layout-flow\">\n<figure class=\"wp-block-image size-large\"><img loading=\"lazy\" decoding=\"async\" width=\"1024\" height=\"499\" src=\"https:\/\/nsltecnologia.com.br\/wp-content\/uploads\/2023\/06\/Mobile-App-Starter-1024x499.webp\" alt=\"\" class=\"wp-image-56688\" srcset=\"https:\/\/nsltecnologia.com.br\/wp-content\/uploads\/2023\/06\/Mobile-App-Starter-1024x499.webp 1024w, https:\/\/nsltecnologia.com.br\/wp-content\/uploads\/2023\/06\/Mobile-App-Starter-300x146.webp 300w, https:\/\/nsltecnologia.com.br\/wp-content\/uploads\/2023\/06\/Mobile-App-Starter-768x374.webp 768w, https:\/\/nsltecnologia.com.br\/wp-content\/uploads\/2023\/06\/Mobile-App-Starter-600x292.webp 600w, https:\/\/nsltecnologia.com.br\/wp-content\/uploads\/2023\/06\/Mobile-App-Starter.webp 1346w\" sizes=\"auto, (max-width: 1024px) 100vw, 1024px\" \/><\/figure>\n<\/div>\n\n\n\n<div class=\"wp-block-column is-layout-flow wp-block-column-is-layout-flow\">\n<h2 class=\"has-text-align-right wp-block-heading\">Aplicativo m\u00f3vel<\/h2>\n\n\n\n<p class=\"has-text-align-right\">Quando voc\u00ea baixa o aplicativo m\u00f3vel da OrangeHRM, ele oferece a capacidade de desbloquear a funcionalidade na ponta dos dedos.&nbsp;Voc\u00ea pode se inscrever para PTO, entrar ou sair, visualizar a frequ\u00eancia dos funcion\u00e1rios e muito mais.&nbsp;Esse recurso mant\u00e9m voc\u00ea atualizado enquanto estiver em tr\u00e2nsito.<\/p>\n<\/div>\n<\/div>\n\n\n\n<div style=\"height:70px\" aria-hidden=\"true\" class=\"wp-block-spacer\"><\/div>\n\n\n\n<div style=\"height:70px\" aria-hidden=\"true\" class=\"wp-block-spacer\"><\/div>\n\n\n\n<div class=\"wp-block-columns is-layout-flex wp-container-core-columns-is-layout-9 wp-block-columns-is-layout-flex\">\n<div class=\"wp-block-column is-layout-flow wp-block-column-is-layout-flow\">\n<h3 class=\"wp-block-heading\">Dashboard<\/h3>\n\n\n\n<p>O Dashboard \u00e9 o centro de comando para tudo o que \u00e9 mais importante para o usu\u00e1rio.&nbsp;Para os funcion\u00e1rios, ele mostra os ac\u00famulos de PTO, not\u00edcias da empresa, controle de tempo e a lista continua.&nbsp;Se for o seu painel, ele mostra tudo isso, gr\u00e1ficos de relat\u00f3rios, quem entra e sai e sua lista de tarefas.&nbsp;Isso ajuda a economizar tempo, mantendo todos organizados.<\/p>\n<\/div>\n\n\n\n<div class=\"wp-block-column is-vertically-aligned-center is-layout-flow wp-block-column-is-layout-flow\">\n<figure class=\"wp-block-image size-large\"><img loading=\"lazy\" decoding=\"async\" width=\"1024\" height=\"496\" src=\"https:\/\/nsltecnologia.com.br\/wp-content\/uploads\/2023\/06\/Dashboard-1024x496.webp\" alt=\"\" class=\"wp-image-56694\" srcset=\"https:\/\/nsltecnologia.com.br\/wp-content\/uploads\/2023\/06\/Dashboard-1024x496.webp 1024w, https:\/\/nsltecnologia.com.br\/wp-content\/uploads\/2023\/06\/Dashboard-300x145.webp 300w, https:\/\/nsltecnologia.com.br\/wp-content\/uploads\/2023\/06\/Dashboard-768x372.webp 768w, https:\/\/nsltecnologia.com.br\/wp-content\/uploads\/2023\/06\/Dashboard-600x291.webp 600w, https:\/\/nsltecnologia.com.br\/wp-content\/uploads\/2023\/06\/Dashboard.webp 1348w\" sizes=\"auto, (max-width: 1024px) 100vw, 1024px\" \/><\/figure>\n<\/div>\n<\/div>\n\n\n\n<div style=\"height:70px\" aria-hidden=\"true\" class=\"wp-block-spacer\"><\/div>\n\n\n\n<div style=\"height:70px\" aria-hidden=\"true\" class=\"wp-block-spacer\"><\/div>\n\n\n\n<div class=\"wp-block-columns is-layout-flex wp-container-core-columns-is-layout-10 wp-block-columns-is-layout-flex\">\n<div class=\"wp-block-column is-vertically-aligned-center is-layout-flow wp-block-column-is-layout-flow\">\n<figure class=\"wp-block-image size-large\"><img loading=\"lazy\" decoding=\"async\" width=\"1024\" height=\"495\" src=\"https:\/\/nsltecnologia.com.br\/wp-content\/uploads\/2023\/06\/Corporate-Directory-1024x495.webp\" alt=\"\" class=\"wp-image-56696\" srcset=\"https:\/\/nsltecnologia.com.br\/wp-content\/uploads\/2023\/06\/Corporate-Directory-1024x495.webp 1024w, https:\/\/nsltecnologia.com.br\/wp-content\/uploads\/2023\/06\/Corporate-Directory-300x145.webp 300w, https:\/\/nsltecnologia.com.br\/wp-content\/uploads\/2023\/06\/Corporate-Directory-768x371.webp 768w, https:\/\/nsltecnologia.com.br\/wp-content\/uploads\/2023\/06\/Corporate-Directory-600x290.webp 600w, https:\/\/nsltecnologia.com.br\/wp-content\/uploads\/2023\/06\/Corporate-Directory.webp 1347w\" sizes=\"auto, (max-width: 1024px) 100vw, 1024px\" \/><\/figure>\n<\/div>\n\n\n\n<div class=\"wp-block-column is-layout-flow wp-block-column-is-layout-flow\">\n<h3 class=\"has-text-align-right wp-block-heading\">Diret\u00f3rio Corporativo<\/h3>\n\n\n\n<p class=\"has-text-align-right\">N\u00e3o responda a perguntas pontuais de sua equipe sobre qual pessoa se reporta a qual gerente ou qual \u00e9 o n\u00famero de telefone de fulano.&nbsp;Com o Diret\u00f3rio Corporativo, voc\u00ea pode ver o endere\u00e7o, n\u00famero de telefone, endere\u00e7o de e-mail, cargo e muito mais de todos.<\/p>\n<\/div>\n<\/div>\n\n\n\n<div style=\"height:70px\" aria-hidden=\"true\" class=\"wp-block-spacer\"><\/div>\n\n\n\n<div style=\"height:70px\" aria-hidden=\"true\" class=\"wp-block-spacer\"><\/div>\n\n\n\n<h2 class=\"has-text-align-center wp-block-heading\">Escolha seu plano de hospedagem gerenciado para OrangeHRM\u2122<\/h2>\n\n\n\n<p class=\"has-text-align-center\">A hospedagem econ\u00f4mica em nuvem OrangeHRM\u2122  foi projetada para atender \u00e0s suas necessidades de neg\u00f3cios.  Sem taxas de licenciamento<em>(licen\u00e7a<\/em> <em>GPL)<\/em>, quantidade de usu\u00e1rios e documentos ilimitados.<\/p>\n\n\n\n<p class=\"has-text-align-center\">Uma oferta de servi\u00e7os totalmente gerenciados (SaaS) \u00e9 o melhor gerenciamento de RH, oferecendo seguran\u00e7a e conformidade de n\u00edvel empresarial at\u00e9 os dispositivos dos usu\u00e1rios, mantendo a simplicidade e a facilidade de acesso.<\/p>\n\n\n\n<div style=\"height:35px\" aria-hidden=\"true\" class=\"wp-block-spacer\"><\/div>\n\n\n\n<div class=\"wp-block-columns is-layout-flex wp-container-core-columns-is-layout-11 wp-block-columns-is-layout-flex\">\n<div class=\"wp-block-column is-layout-flow wp-block-column-is-layout-flow\"><div class=\"wp-block-image\">\n<figure class=\"aligncenter size-full is-resized\"><img loading=\"lazy\" decoding=\"async\" src=\"https:\/\/nsltecnologia.com.br\/wp-content\/uploads\/2023\/01\/estudioconfiguracao.png\" alt=\"\" class=\"wp-image-56068\" width=\"105\" height=\"105\" srcset=\"https:\/\/nsltecnologia.com.br\/wp-content\/uploads\/2023\/01\/estudioconfiguracao.png 200w, https:\/\/nsltecnologia.com.br\/wp-content\/uploads\/2023\/01\/estudioconfiguracao-150x150.png 150w, https:\/\/nsltecnologia.com.br\/wp-content\/uploads\/2023\/01\/estudioconfiguracao-100x100.png 100w\" sizes=\"auto, (max-width: 105px) 100vw, 105px\" \/><\/figure><\/div>\n\n\n<h4 class=\"has-text-align-center wp-block-heading\">Solicite uma demonstra\u00e7\u00e3o<\/h4>\n\n\n\n<p class=\"has-text-align-center\">Solicite uma apresenta\u00e7\u00e3o e falem com voc\u00ea sobre o OrangeHRM\u2122 e o valor que ele pode trazer para sua empresa.<\/p>\n\n\n\n<div class=\"wp-block-buttons is-layout-flex wp-block-buttons-is-layout-flex\">\n<div class=\"wp-block-button aligncenter is-style-fill\"><a class=\"wp-block-button__link wp-element-button\" href=\"https:\/\/nsltecnologia.com.br\/#contact-4\">Solicitar<\/a><\/div>\n<\/div>\n<\/div>\n\n\n\n<div class=\"wp-block-column is-layout-flow wp-block-column-is-layout-flow\"><div class=\"wp-block-image\">\n<figure class=\"aligncenter size-full is-resized\"><img loading=\"lazy\" decoding=\"async\" src=\"https:\/\/nsltecnologia.com.br\/wp-content\/uploads\/2023\/01\/icon_get-200x200-1.png\" alt=\"\" class=\"wp-image-56073\" width=\"105\" height=\"105\" srcset=\"https:\/\/nsltecnologia.com.br\/wp-content\/uploads\/2023\/01\/icon_get-200x200-1.png 200w, https:\/\/nsltecnologia.com.br\/wp-content\/uploads\/2023\/01\/icon_get-200x200-1-150x150.png 150w, https:\/\/nsltecnologia.com.br\/wp-content\/uploads\/2023\/01\/icon_get-200x200-1-100x100.png 100w\" sizes=\"auto, (max-width: 105px) 100vw, 105px\" \/><\/figure><\/div>\n\n\n<h4 class=\"has-text-align-center wp-block-heading\">Entrar em contato<\/h4>\n\n\n\n<p class=\"has-text-align-center\">Converse hoje para discutir suas necessidades de RH.\u00a0Estamos ansiosos para ouvir de voc\u00ea!<\/p>\n\n\n\n<div class=\"wp-block-jetpack-send-a-message\">\n<div class=\"wp-block-jetpack-whatsapp-button aligncenter is-color-dark\"><a class=\"whatsapp-block__button\" href=\"https:\/\/api.whatsapp.com\/send?phone=5598984958061&amp;text=Oi%2C%20encontrei%20suas%20informa%C3%A7%C3%B5es%20do%20WhatsApp%20no%20seu%20site.\" style=\"background-color:#25D366;color:#fff\" target=\"_self\" rel=\"noopener noreferrer\">Contato<\/a><\/div>\n<\/div>\n<\/div>\n<\/div>\n","protected":false},"excerpt":{"rendered":"<p>Forne\u00e7a \u00e0 sua equipe de RH as ferramentas necess\u00e1rias para agilizar tarefas administrativas, dar suporte aos funcion\u00e1rios e tomar decis\u00f5es informadas com o software de RH de c\u00f3digo aberto OrangeHRM\u2122. Administra\u00e7\u00e3o de RH Esteja voc\u00ea no RH h\u00e1 anos ou apenas come\u00e7ando, o m\u00f3dulo de Administra\u00e7\u00e3o de RH foi criado para voc\u00ea. Das fun\u00e7\u00f5es de&hellip; <br \/> <a class=\"button small blue\" href=\"https:\/\/nsltecnologia.com.br\/?page_id=56666\">Leia mais<\/a><\/p>\n","protected":false},"author":1,"featured_media":0,"parent":0,"menu_order":0,"comment_status":"closed","ping_status":"closed","template":"","meta":{"_uag_custom_page_level_css":"","footnotes":""},"class_list":["post-56666","page","type-page","status-publish","hentry"],"uagb_featured_image_src":{"full":false,"thumbnail":false,"medium":false,"medium_large":false,"large":false,"1536x1536":false,"2048x2048":false,"post-thumbnail":false,"one-page-express-full-hd":false},"uagb_author_info":{"display_name":"nsl","author_link":"https:\/\/nsltecnologia.com.br\/?author=1"},"uagb_comment_info":0,"uagb_excerpt":"Forne\u00e7a \u00e0 sua equipe de RH as ferramentas necess\u00e1rias para agilizar tarefas administrativas, dar suporte aos funcion\u00e1rios e tomar decis\u00f5es informadas com o software de RH de c\u00f3digo aberto OrangeHRM\u2122. Administra\u00e7\u00e3o de RH Esteja voc\u00ea no RH h\u00e1 anos ou apenas come\u00e7ando, o m\u00f3dulo de Administra\u00e7\u00e3o de RH foi criado para voc\u00ea. Das fun\u00e7\u00f5es de&hellip;&hellip;","_links":{"self":[{"href":"https:\/\/nsltecnologia.com.br\/index.php?rest_route=\/wp\/v2\/pages\/56666","targetHints":{"allow":["GET"]}}],"collection":[{"href":"https:\/\/nsltecnologia.com.br\/index.php?rest_route=\/wp\/v2\/pages"}],"about":[{"href":"https:\/\/nsltecnologia.com.br\/index.php?rest_route=\/wp\/v2\/types\/page"}],"author":[{"embeddable":true,"href":"https:\/\/nsltecnologia.com.br\/index.php?rest_route=\/wp\/v2\/users\/1"}],"replies":[{"embeddable":true,"href":"https:\/\/nsltecnologia.com.br\/index.php?rest_route=%2Fwp%2Fv2%2Fcomments&post=56666"}],"version-history":[{"count":14,"href":"https:\/\/nsltecnologia.com.br\/index.php?rest_route=\/wp\/v2\/pages\/56666\/revisions"}],"predecessor-version":[{"id":56706,"href":"https:\/\/nsltecnologia.com.br\/index.php?rest_route=\/wp\/v2\/pages\/56666\/revisions\/56706"}],"wp:attachment":[{"href":"https:\/\/nsltecnologia.com.br\/index.php?rest_route=%2Fwp%2Fv2%2Fmedia&parent=56666"}],"curies":[{"name":"wp","href":"https:\/\/api.w.org\/{rel}","templated":true}]}}