{"id":55705,"date":"2022-12-27T12:41:11","date_gmt":"2022-12-27T15:41:11","guid":{"rendered":"https:\/\/nsltecnologia.com.br\/?page_id=55705"},"modified":"2022-12-27T12:41:11","modified_gmt":"2022-12-27T15:41:11","slug":"erpnext-helpdesk","status":"publish","type":"page","link":"https:\/\/nsltecnologia.com.br\/?page_id=55705","title":{"rendered":"ERPNext HelpDesk"},"content":{"rendered":"\n<h1 class=\"wp-block-heading\">Eleve o atendimento ao cliente para o pr\u00f3ximo n\u00edvel com um help desk SaaS de c\u00f3digo aberto<\/h1>\n\n\n\n<p>Reinvente sua central de suporte SaaS hoje.&nbsp;O ERPNext tem tudo o que voc\u00ea precisa para refinar seu suporte ao cliente em um s\u00f3 lugar \u2014 gerenciamento de tickets em v\u00e1rios canais, automa\u00e7\u00e3o de processos, rastreamento de SLA, gera\u00e7\u00e3o de relat\u00f3rios e muito mais.<\/p>\n\n\n\n<p>Confi\u00e1vel por empresas em todo o mundo<\/p>\n\n\n\n<h2 class=\"wp-block-heading\">Suba de N\u00edvel com Insights em Tempo Real<\/h2>\n\n\n\n<p>O ERPNext inclui pain\u00e9is configur\u00e1veis \u200b\u200bpara ajud\u00e1-lo a simplificar os problemas de servi\u00e7o.&nbsp;Os insights em tempo real ajudam voc\u00ea a identificar gargalos e implementar as melhores pr\u00e1ticas mais rapidamente em sua central de atendimento SaaS.<img loading=\"lazy\" decoding=\"async\" alt=\"painel de suporte t\u00e9cnico saas de c\u00f3digo aberto\" src=\"https:\/\/erpnext.com\/files\/help-desk-software-dashboard.png\" width=\"1281\" height=\"800\"><\/p>\n\n\n\n<h2 class=\"wp-block-heading\">Intera\u00e7\u00f5es Omnichannel<\/h2>\n\n\n\n<p>N\u00e3o perca as chamadas de suporte de seus clientes.&nbsp;O ERPNext facilita a convers\u00e3o de todas as intera\u00e7\u00f5es em dados para que sua equipe de suporte n\u00e3o precise fazer malabarismos entre aplicativos.&nbsp;Com Call Popup, voc\u00ea pode receber notifica\u00e7\u00f5es ao vivo de chamadas recebidas em seu desktop.&nbsp;Voc\u00ea tamb\u00e9m pode transformar e-mails em sua caixa de entrada em tickets com este software de suporte t\u00e9cnico SaaS de c\u00f3digo aberto.<\/p>\n\n\n\n<figure class=\"wp-block-image\"><img decoding=\"async\" src=\"https:\/\/erpnext.com\/files\/omnichannel-interactions.png\" alt=\"Intera\u00e7\u00f5es Omnichannel\"\/><\/figure>\n\n\n\n<h2 class=\"wp-block-heading\">Automatizar atribui\u00e7\u00f5es de tickets<\/h2>\n\n\n\n<p>Reduza a sobrecarga do trabalho manual configurando regras de atribui\u00e7\u00e3o (como round robin ou balanceamento de carga) para atribuir t\u00edquetes automaticamente entre a equipe.&nbsp;Isso deixa mais tempo para responder aos clientes, capacitando seu suporte t\u00e9cnico SaaS para cumprir os compromissos no prazo.<\/p>\n\n\n\n<figure class=\"wp-block-image\"><img decoding=\"async\" src=\"https:\/\/erpnext.com\/files\/automating-ticket-assignmentse432fc.png\" alt=\"Automatizar atribui\u00e7\u00f5es de tickets\"\/><\/figure>\n\n\n\n<h2 class=\"wp-block-heading\">Excel\u00eancia da equipe<\/h2>\n\n\n\n<p>Colabore para resolver t\u00edquetes de suporte com v\u00e1rias atribui\u00e7\u00f5es ou men\u00e7\u00f5es.&nbsp;O ERPNext inclui relat\u00f3rios prontos para uso para monitorar o desempenho de sua equipe de suporte e analisar o tr\u00e1fego de tickets (incluindo tickets abertos e fechados).<\/p>\n\n\n\n<figure class=\"wp-block-image\"><img decoding=\"async\" src=\"https:\/\/erpnext.com\/files\/support-issue-frequencyd55d80.png\" alt=\"Excel\u00eancia da equipe\"\/><\/figure>\n\n\n\n<h2 class=\"wp-block-heading\">Acordo de n\u00edvel de servi\u00e7o<\/h2>\n\n\n\n<p>Personalize a experi\u00eancia do cliente com SLAs (para sua pol\u00edtica de suporte, tempos de resposta e resolu\u00e7\u00e3o, etc.) com base nas expectativas que voc\u00ea define com os clientes.&nbsp;Voc\u00ea pode acompanhar o cumprimento ou falhas para melhorar seu processo de suporte.<\/p>\n\n\n\n<p><img loading=\"lazy\" decoding=\"async\" alt=\"help desk saas de c\u00f3digo aberto - Acordo de n\u00edvel de servi\u00e7o\" src=\"https:\/\/erpnext.com\/files\/service-level-agreement27fc24.png\" width=\"1281\" height=\"800\"><\/p>\n\n\n\n<h2 class=\"wp-block-heading\">Portal do cliente<\/h2>\n\n\n\n<p>Aumente a intera\u00e7\u00e3o de seus clientes com seu sistema e melhore a experi\u00eancia do cliente.&nbsp;Seus clientes podem acompanhar o status de seus problemas e a correspond\u00eancia de sua equipe no Portal de Assuntos do ERPNext.&nbsp;Basta convidar os clientes como usu\u00e1rios em sua conta ERPNext e deix\u00e1-los colher os benef\u00edcios da total transpar\u00eancia &#8211; abrindo pedidos de vendas, rastreando remessas por meio do status da nota de entrega, levantando t\u00edquetes de emiss\u00e3o e acompanhando os detalhes da resolu\u00e7\u00e3o.<\/p>\n\n\n\n<figure class=\"wp-block-image\"><img decoding=\"async\" src=\"https:\/\/erpnext.com\/files\/helpdesk-customer-issue-portal.png\" alt=\"Portal do cliente\"\/><\/figure>\n\n\n\n<h2 class=\"wp-block-heading\">Base de conhecimento<\/h2>\n\n\n\n<p>Reduza a carga de t\u00edquetes criando artigos de ajuda e perguntas frequentes, para que sua equipe de atendimento possa trabalhar nos problemas complexos que precisam de sua aten\u00e7\u00e3o.&nbsp;Isso n\u00e3o apenas expande sua base de conhecimento, mas tamb\u00e9m permite que seus clientes encontrem solu\u00e7\u00f5es sem ter que esperar por um agente.<\/p>\n\n\n\n<figure class=\"wp-block-image\"><img decoding=\"async\" src=\"https:\/\/erpnext.com\/files\/help-articled2d5a6.png\" alt=\"Base de conhecimento\"\/><\/figure>\n\n\n\n<h2 class=\"wp-block-heading\">Agendamento de visitas de manuten\u00e7\u00e3o<\/h2>\n\n\n\n<p>Usando o recurso Agendamento de manuten\u00e7\u00e3o, voc\u00ea pode evitar perder visitas de manuten\u00e7\u00e3o.&nbsp;Registre o funcion\u00e1rio e o trabalho realizado em cada visita e capture o feedback do cliente, tudo com um \u00fanico clique.<\/p>\n\n\n\n<figure class=\"wp-block-image\"><img decoding=\"async\" src=\"https:\/\/erpnext.com\/files\/maintenance-schedule24193c.png\" alt=\"Agendamento de visitas de manuten\u00e7\u00e3o\"\/><\/figure>\n\n\n\n<h2 class=\"wp-block-heading\">Personaliza\u00e7\u00f5es instant\u00e2neas<\/h2>\n\n\n\n<p>Crie seu pr\u00f3prio software de suporte t\u00e9cnico SaaS.&nbsp;Mapeie seus dados mais importantes adicionando campos personalizados em seus formul\u00e1rios.&nbsp;Personalize o comportamento do formul\u00e1rio buscando valores automaticamente, oculte campos com base nas fun\u00e7\u00f5es do usu\u00e1rio e crie formatos de impress\u00e3o personalizados \u2014 tudo sem uma \u00fanica linha de c\u00f3digo.<\/p>\n\n\n\n<figure class=\"wp-block-image\"><img decoding=\"async\" src=\"https:\/\/erpnext.com\/files\/customize-sla.png\" alt=\"Personaliza\u00e7\u00f5es instant\u00e2neas\"\/><\/figure>\n","protected":false},"excerpt":{"rendered":"<p>Eleve o atendimento ao cliente para o pr\u00f3ximo n\u00edvel com um help desk SaaS de c\u00f3digo aberto Reinvente sua central de suporte SaaS hoje.&nbsp;O ERPNext tem tudo o que voc\u00ea precisa para refinar seu suporte ao cliente em um s\u00f3 lugar \u2014 gerenciamento de tickets em v\u00e1rios canais, automa\u00e7\u00e3o de processos, rastreamento de SLA, gera\u00e7\u00e3o&hellip; <br \/> <a class=\"button small blue\" href=\"https:\/\/nsltecnologia.com.br\/?page_id=55705\">Leia mais<\/a><\/p>\n","protected":false},"author":1,"featured_media":0,"parent":0,"menu_order":0,"comment_status":"closed","ping_status":"closed","template":"","meta":{"_uag_custom_page_level_css":"","footnotes":""},"class_list":["post-55705","page","type-page","status-publish","hentry"],"uagb_featured_image_src":{"full":false,"thumbnail":false,"medium":false,"medium_large":false,"large":false,"1536x1536":false,"2048x2048":false,"post-thumbnail":false,"one-page-express-full-hd":false},"uagb_author_info":{"display_name":"nsl","author_link":"https:\/\/nsltecnologia.com.br\/?author=1"},"uagb_comment_info":0,"uagb_excerpt":"Eleve o atendimento ao cliente para o pr\u00f3ximo n\u00edvel com um help desk SaaS de c\u00f3digo aberto Reinvente sua central de suporte SaaS hoje.&nbsp;O ERPNext tem tudo o que voc\u00ea precisa para refinar seu suporte ao cliente em um s\u00f3 lugar \u2014 gerenciamento de tickets em v\u00e1rios canais, automa\u00e7\u00e3o de processos, rastreamento de SLA, gera\u00e7\u00e3o&hellip;&hellip;","_links":{"self":[{"href":"https:\/\/nsltecnologia.com.br\/index.php?rest_route=\/wp\/v2\/pages\/55705","targetHints":{"allow":["GET"]}}],"collection":[{"href":"https:\/\/nsltecnologia.com.br\/index.php?rest_route=\/wp\/v2\/pages"}],"about":[{"href":"https:\/\/nsltecnologia.com.br\/index.php?rest_route=\/wp\/v2\/types\/page"}],"author":[{"embeddable":true,"href":"https:\/\/nsltecnologia.com.br\/index.php?rest_route=\/wp\/v2\/users\/1"}],"replies":[{"embeddable":true,"href":"https:\/\/nsltecnologia.com.br\/index.php?rest_route=%2Fwp%2Fv2%2Fcomments&post=55705"}],"version-history":[{"count":1,"href":"https:\/\/nsltecnologia.com.br\/index.php?rest_route=\/wp\/v2\/pages\/55705\/revisions"}],"predecessor-version":[{"id":55706,"href":"https:\/\/nsltecnologia.com.br\/index.php?rest_route=\/wp\/v2\/pages\/55705\/revisions\/55706"}],"wp:attachment":[{"href":"https:\/\/nsltecnologia.com.br\/index.php?rest_route=%2Fwp%2Fv2%2Fmedia&parent=55705"}],"curies":[{"name":"wp","href":"https:\/\/api.w.org\/{rel}","templated":true}]}}