{"id":55702,"date":"2022-12-27T12:35:59","date_gmt":"2022-12-27T15:35:59","guid":{"rendered":"https:\/\/nsltecnologia.com.br\/?page_id=55702"},"modified":"2022-12-27T12:35:59","modified_gmt":"2022-12-27T15:35:59","slug":"erpnext-site","status":"publish","type":"page","link":"https:\/\/nsltecnologia.com.br\/?page_id=55702","title":{"rendered":"ERPNext Site"},"content":{"rendered":"\n<h1 class=\"wp-block-heading\">Crie sites impressionantes com o criador de sites de c\u00f3digo aberto n\u00ba 1 do mundo<\/h1>\n\n\n\n<p>Uma plataforma que lhe d\u00e1 a liberdade de criar, projetar, gerenciar e desenvolver sua presen\u00e7a na web exatamente da maneira que voc\u00ea deseja em minutos.<\/p>\n\n\n\n<p>Confi\u00e1vel por empresas em todo o mundo<\/p>\n\n\n\n<h2 class=\"wp-block-heading\">Seu site no seu melhor<\/h2>\n\n\n\n<p>Um construtor de sites simples, mas poderoso, com recursos avan\u00e7ados de temas para personalizar a apar\u00eancia do seu site e torn\u00e1-lo compat\u00edvel com sua marca.<\/p>\n\n\n\n<p><img loading=\"lazy\" decoding=\"async\" alt=\"Construtor de sites de c\u00f3digo aberto\" src=\"https:\/\/erpnext.com\/files\/custom-websiteab61bf.png\" width=\"1280\" height=\"800\"><\/p>\n\n\n\n<h2 class=\"wp-block-heading\">Sites Responsivos<\/h2>\n\n\n\n<p>ERPNext \u00e9 o software de site compat\u00edvel com dispositivos m\u00f3veis.&nbsp;Gerencie o layout do seu site com a tecnologia de ponta do Bootstrap 4.&nbsp;Personalize a apar\u00eancia e o layout do seu site para qualquer tamanho de tela.&nbsp;O construtor de sites responsivo fornece a experi\u00eancia ideal para uma ampla variedade de dispositivos &#8211; celulares, tablets e computadores.<\/p>\n\n\n\n<figure class=\"wp-block-image\"><img decoding=\"async\" src=\"https:\/\/erpnext.com\/files\/responsive-content3b18de.png\" alt=\"Sites Responsivos\"\/><\/figure>\n\n\n\n<h2 class=\"wp-block-heading\">Motor de Otimiza\u00e7\u00e3o de Busca<\/h2>\n\n\n\n<p>\u00c9 crucial que seu site tenha uma classifica\u00e7\u00e3o alta para as palavras-chave que seus clientes em potencial est\u00e3o procurando.&nbsp;Melhore a visibilidade de seus produtos e ofertas otimizando o SEO do seu site e maximizando a promo\u00e7\u00e3o social.&nbsp;N\u00e3o perca mais neg\u00f3cios \u2014 expanda seu alcance e envolva o p\u00fablico em minutos.<\/p>\n\n\n\n<figure class=\"wp-block-image\"><img decoding=\"async\" src=\"https:\/\/erpnext.com\/files\/seof4cad7.png\" alt=\"Motor de Otimiza\u00e7\u00e3o de Busca\"\/><\/figure>\n\n\n\n<h2 class=\"wp-block-heading\">Blogar<\/h2>\n\n\n\n<p>Seja para sua empresa ou para voc\u00ea mesmo, um bom blog pode ajudar a posicionar sua marca como l\u00edder do setor e estabelecer la\u00e7os mais fortes com os clientes.&nbsp;Responder a coment\u00e1rios e perguntas em seu blog pode revelar o que seus clientes gostam e o que est\u00e3o procurando \u2014 desde feedback sobre seu produto at\u00e9 perguntas frequentes sobre sua empresa.&nbsp;Crie um blog incr\u00edvel, aumente sua comunidade e compartilhe suas ideias.<\/p>\n\n\n\n<figure class=\"wp-block-image\"><img decoding=\"async\" src=\"https:\/\/erpnext.com\/files\/blog-post.png\" alt=\"Blogar\"\/><\/figure>\n\n\n\n<h2 class=\"wp-block-heading\">Com\u00e9rcio eletr\u00f4nico<\/h2>\n\n\n\n<p>O ERPNext \u00e9 um software de constru\u00e7\u00e3o de sites ou um construtor de lojas online?&nbsp;Experimente o poder de dois em um.&nbsp;Configure sua vitrine on-line da maneira que desejar &#8211; adicione belas cole\u00e7\u00f5es de produtos, galerias de produtos, adi\u00e7\u00e3o r\u00e1pida ao carrinho, carrinhos de compras e muito mais.&nbsp;Personalize suas p\u00e1ginas de produto e carrinho para atender \u00e0s suas necessidades de neg\u00f3cios.<\/p>\n\n\n\n<p><img loading=\"lazy\" decoding=\"async\" alt=\"Construtor de Sites de C\u00f3digo Aberto - Carrinho de Compras\" src=\"https:\/\/erpnext.com\/files\/shopping-cart.png\" width=\"1280\" height=\"800\"><\/p>\n\n\n\n<h2 class=\"wp-block-heading\">Formul\u00e1rios da Web com um clique<\/h2>\n\n\n\n<p>O recurso Web Forms do construtor de sites do ERPNext permite que voc\u00ea crie formul\u00e1rios din\u00e2micos em seu site.&nbsp;Use-os para coletar qualquer informa\u00e7\u00e3o, como endere\u00e7os e detalhes de contato de seus clientes ou declara\u00e7\u00f5es de despesas e licen\u00e7as de seus funcion\u00e1rios.&nbsp;Basta um \u00fanico clique para reduzir a entrada manual e coletar automaticamente as informa\u00e7\u00f5es do usu\u00e1rio.<\/p>\n\n\n\n<figure class=\"wp-block-image\"><img decoding=\"async\" src=\"https:\/\/erpnext.com\/files\/support-webform.png\" alt=\"Formul\u00e1rios da Web com um clique\"\/><\/figure>\n\n\n\n<h2 class=\"wp-block-heading\">Bate-papo no site<\/h2>\n\n\n\n<p>Capte a aten\u00e7\u00e3o de seus clientes em potencial enquanto eles navegam em seu site ativando o bate-papo com visitantes do site.&nbsp;\u00c9 uma configura\u00e7\u00e3o \u00fanica que permite que voc\u00ea registre o bate-papo de cada visitante, para que possa analisar suas necessidades de neg\u00f3cios e fechar vendas mais rapidamente.<\/p>\n\n\n\n<figure class=\"wp-block-image\"><img decoding=\"async\" src=\"https:\/\/erpnext.com\/files\/website-chat69c32c.png\" alt=\"Bate-papo no site\"\/><\/figure>\n\n\n\n<h2 class=\"wp-block-heading\">Chaves de login social<\/h2>\n\n\n\n<p>O login social acelera o processo de integra\u00e7\u00e3o de novos usu\u00e1rios, permitindo que eles fa\u00e7am login em seu site por meio de suas contas do Google, Facebook ou GitHub.&nbsp;\u00c9 f\u00e1cil de configurar &#8211; apenas uma configura\u00e7\u00e3o \u00fanica que ajudar\u00e1 voc\u00ea a ganhar usu\u00e1rios facilmente.&nbsp;Os logins sociais tamb\u00e9m ajudam voc\u00ea a entender a qualidade de seus clientes, pois o perfil social deles \u00e9 facilmente acess\u00edvel.&nbsp;Saiba a diferen\u00e7a entre um cliente potencial e um usu\u00e1rio suspeito!<\/p>\n\n\n\n<figure class=\"wp-block-image\"><img decoding=\"async\" src=\"https:\/\/erpnext.com\/files\/social-login-google4e09d1.png\" alt=\"Chaves de login social\"\/><\/figure>\n","protected":false},"excerpt":{"rendered":"<p>Crie sites impressionantes com o criador de sites de c\u00f3digo aberto n\u00ba 1 do mundo Uma plataforma que lhe d\u00e1 a liberdade de criar, projetar, gerenciar e desenvolver sua presen\u00e7a na web exatamente da maneira que voc\u00ea deseja em minutos. Confi\u00e1vel por empresas em todo o mundo Seu site no seu melhor Um construtor de&hellip; <br \/> <a class=\"button small blue\" href=\"https:\/\/nsltecnologia.com.br\/?page_id=55702\">Leia mais<\/a><\/p>\n","protected":false},"author":1,"featured_media":0,"parent":0,"menu_order":0,"comment_status":"closed","ping_status":"closed","template":"","meta":{"_uag_custom_page_level_css":"","footnotes":""},"class_list":["post-55702","page","type-page","status-publish","hentry"],"uagb_featured_image_src":{"full":false,"thumbnail":false,"medium":false,"medium_large":false,"large":false,"1536x1536":false,"2048x2048":false,"post-thumbnail":false,"one-page-express-full-hd":false},"uagb_author_info":{"display_name":"nsl","author_link":"https:\/\/nsltecnologia.com.br\/?author=1"},"uagb_comment_info":0,"uagb_excerpt":"Crie sites impressionantes com o criador de sites de c\u00f3digo aberto n\u00ba 1 do mundo Uma plataforma que lhe d\u00e1 a liberdade de criar, projetar, gerenciar e desenvolver sua presen\u00e7a na web exatamente da maneira que voc\u00ea deseja em minutos. Confi\u00e1vel por empresas em todo o mundo Seu site no seu melhor Um construtor de&hellip;&hellip;","_links":{"self":[{"href":"https:\/\/nsltecnologia.com.br\/index.php?rest_route=\/wp\/v2\/pages\/55702","targetHints":{"allow":["GET"]}}],"collection":[{"href":"https:\/\/nsltecnologia.com.br\/index.php?rest_route=\/wp\/v2\/pages"}],"about":[{"href":"https:\/\/nsltecnologia.com.br\/index.php?rest_route=\/wp\/v2\/types\/page"}],"author":[{"embeddable":true,"href":"https:\/\/nsltecnologia.com.br\/index.php?rest_route=\/wp\/v2\/users\/1"}],"replies":[{"embeddable":true,"href":"https:\/\/nsltecnologia.com.br\/index.php?rest_route=%2Fwp%2Fv2%2Fcomments&post=55702"}],"version-history":[{"count":1,"href":"https:\/\/nsltecnologia.com.br\/index.php?rest_route=\/wp\/v2\/pages\/55702\/revisions"}],"predecessor-version":[{"id":55703,"href":"https:\/\/nsltecnologia.com.br\/index.php?rest_route=\/wp\/v2\/pages\/55702\/revisions\/55703"}],"wp:attachment":[{"href":"https:\/\/nsltecnologia.com.br\/index.php?rest_route=%2Fwp%2Fv2%2Fmedia&parent=55702"}],"curies":[{"name":"wp","href":"https:\/\/api.w.org\/{rel}","templated":true}]}}