{"id":55698,"date":"2022-12-27T12:30:37","date_gmt":"2022-12-27T15:30:37","guid":{"rendered":"https:\/\/nsltecnologia.com.br\/?page_id=55698"},"modified":"2022-12-27T12:30:37","modified_gmt":"2022-12-27T15:30:37","slug":"erpnext-gestao-de-ativos","status":"publish","type":"page","link":"https:\/\/nsltecnologia.com.br\/?page_id=55698","title":{"rendered":"ERPNext Gest\u00e3o de Ativos"},"content":{"rendered":"\n<h1 class=\"wp-block-heading\">Manuten\u00e7\u00e3o de ativos sem esfor\u00e7o com o software de gerenciamento de ativos de c\u00f3digo aberto n\u00ba 1<\/h1>\n\n\n\n<p>O ERPNext simplifica o gerenciamento de ativos &#8211; da compra ao perecimento, da infraestrutura de TI ao equipamento.&nbsp;Cubra todas as filiais da sua organiza\u00e7\u00e3o, tudo em um sistema centralizado.&nbsp;Use recursos amplos em uma \u00fanica ferramenta para gerenciar melhor os ativos.<\/p>\n\n\n\n<p>Confi\u00e1vel por empresas em todo o mundo<\/p>\n\n\n\n<h2 class=\"wp-block-heading\">Ciclo de Vida do Ativo<\/h2>\n\n\n\n<p>Procure aqui todas as informa\u00e7\u00f5es sobre ativos em um s\u00f3 lugar.&nbsp;Criado ap\u00f3s a compra ou recebimento de um ativo, o ciclo de vida do ativo inclui todas as respostas que voc\u00ea pode precisar \u2013 status de um ativo, custodiante, localiza\u00e7\u00e3o, garantia e seguro, deprecia\u00e7\u00e3o e cronograma de deprecia\u00e7\u00e3o, transfer\u00eancia de ativos, sucata, venda e movimentos e muito mais.&nbsp;\u00c9 transparente e cristalino &#8211; como todas as coisas deveriam ser.<\/p>\n\n\n\n<figure class=\"wp-block-image\"><img decoding=\"async\" src=\"https:\/\/erpnext.com\/files\/assets-list-view.png\" alt=\"Ciclo de Vida do Ativo\"\/><\/figure>\n\n\n\n<h2 class=\"wp-block-heading\">Invent\u00e1rio de Ativos<\/h2>\n\n\n\n<p>O ERPNext possui invent\u00e1rio integrado para que voc\u00ea possa gerenciar facilmente todas as informa\u00e7\u00f5es sobre um ativo.&nbsp;Itens em lote ou serializados?&nbsp;Fa\u00e7a sua escolha.&nbsp;Digitalize c\u00f3digos de barras com a c\u00e2mera do seu dispositivo para uma pesquisa extremamente r\u00e1pida, sa\u00eddas mais r\u00e1pidas e decis\u00f5es baseadas em dados com base na disponibilidade, localiza\u00e7\u00e3o e muito mais dos ativos.&nbsp;Quando um ativo \u00e9 adquirido, o sistema cria automaticamente o registro do ativo com base nas informa\u00e7\u00f5es armazenadas no cadastro de itens.<\/p>\n\n\n\n<figure class=\"wp-block-image\"><img decoding=\"async\" src=\"https:\/\/erpnext.com\/files\/asset-item-master.png\" alt=\"Invent\u00e1rio de Ativos\"\/><\/figure>\n\n\n\n<h2 class=\"wp-block-heading\">Ativos de compra<\/h2>\n\n\n\n<p>A aquisi\u00e7\u00e3o de ativos \u00e9 feita por meio de recibos de compra (notas de recebimento de mercadorias) ou faturas de compra.&nbsp;O sistema cria diretamente um cadastro para o ativo, com base nas informa\u00e7\u00f5es armazenadas no cadastro de itens.&nbsp;M\u00e9todos de deprecia\u00e7\u00e3o, cronograma, detalhes do seguro e muito mais podem ser atualizados com apenas alguns cliques.&nbsp;\u00c9 a aquisi\u00e7\u00e3o de ativos simplificada com configura\u00e7\u00e3o \u00fanica.<\/p>\n\n\n\n<figure class=\"wp-block-image\"><img decoding=\"async\" src=\"https:\/\/erpnext.com\/files\/purchasing-assets.png\" alt=\"Ativos de compra\"\/><\/figure>\n\n\n\n<h2 class=\"wp-block-heading\">Vendendo Ativos<\/h2>\n\n\n\n<p>Com alguns cliques, voc\u00ea pode vender ativos que n\u00e3o precisa mais.&nbsp;N\u00e3o h\u00e1 sobrecarga de manuten\u00e7\u00e3o de livros cont\u00e1beis, pois o sistema criar\u00e1 automaticamente esses lan\u00e7amentos cont\u00e1beis, mantendo o processo r\u00e1pido e cont\u00ednuo.<\/p>\n\n\n\n<figure class=\"wp-block-image\"><img decoding=\"async\" src=\"https:\/\/erpnext.com\/files\/selling-assets.png\" alt=\"Vendendo Ativos\"\/><\/figure>\n\n\n\n<h2 class=\"wp-block-heading\">Automatizando a deprecia\u00e7\u00e3o de ativos<\/h2>\n\n\n\n<p>A contabilidade de ativos automatizada remove o inc\u00f4modo de entradas manuais de deprecia\u00e7\u00e3o.&nbsp;Configure cronogramas de deprecia\u00e7\u00e3o para v\u00e1rias categorias de ativos e observe o software calcular automaticamente o valor ou as datas de deprecia\u00e7\u00e3o e criar lan\u00e7amentos cont\u00e1beis.<\/p>\n\n\n\n<p><img loading=\"lazy\" decoding=\"async\" alt=\"Software de gerenciamento de ativos de c\u00f3digo aberto - Deprecia\u00e7\u00e3o de ativos\" src=\"https:\/\/erpnext.com\/files\/asset-depreciationeaf949.png\" width=\"1280\" height=\"800\"><\/p>\n\n\n\n<h2 class=\"wp-block-heading\">Sucata de Ativos<\/h2>\n\n\n\n<p>Quando voc\u00ea n\u00e3o precisar mais de um ativo, poder\u00e1 descart\u00e1-lo com apenas um clique.&nbsp;Os lan\u00e7amentos cont\u00e1beis s\u00e3o gerenciados por nosso software de gerenciamento de ativos para que o processo seja sempre tranquilo.<\/p>\n\n\n\n<figure class=\"wp-block-image\"><img decoding=\"async\" src=\"https:\/\/erpnext.com\/files\/scrapping-assets.png\" alt=\"Sucata de Ativos\"\/><\/figure>\n\n\n\n<h2 class=\"wp-block-heading\">Ajuste do valor do ativo<\/h2>\n\n\n\n<p>Se o valor de um ativo aumentar ou cair repentinamente, ele pode ser registrado usando o recurso de ajuste de valor do ativo.&nbsp;O sistema criar\u00e1 lan\u00e7amentos (com base nos valores de reajuste inseridos) e recalcular\u00e1 os valores de deprecia\u00e7\u00e3o.<\/p>\n\n\n\n<figure class=\"wp-block-image\"><img decoding=\"async\" src=\"https:\/\/erpnext.com\/files\/asset-value-adjustment.png\" alt=\"Ajuste do valor do ativo\"\/><\/figure>\n\n\n\n<h2 class=\"wp-block-heading\">Relat\u00f3rio de ativos<\/h2>\n\n\n\n<p>Identifique gargalos, monitore o desempenho e melhore a presta\u00e7\u00e3o de servi\u00e7os com recursos de gera\u00e7\u00e3o de relat\u00f3rios.&nbsp;Relat\u00f3rios padr\u00e3o prontos para uso e relat\u00f3rios personalizados f\u00e1ceis de criar capacitam voc\u00ea com an\u00e1lise baseada em dados para melhores decis\u00f5es.<\/p>\n\n\n\n<figure class=\"wp-block-image\"><img decoding=\"async\" src=\"https:\/\/erpnext.com\/files\/asset-depreciation-report.png\" alt=\"Relat\u00f3rio de ativos\"\/><\/figure>\n\n\n\n<h2 class=\"wp-block-heading\">Personaliza\u00e7\u00f5es instant\u00e2neas<\/h2>\n\n\n\n<p>Crie seu pr\u00f3prio software de gerenciamento de ativos de c\u00f3digo aberto.&nbsp;Mapeie os dados de seu interesse adicionando campos personalizados em seus formul\u00e1rios.&nbsp;Em seguida, personalize o comportamento do formul\u00e1rio buscando valores automaticamente, oculte campos com base nas fun\u00e7\u00f5es do usu\u00e1rio e crie formatos de impress\u00e3o personalizados \u2014 tudo sem uma \u00fanica linha de c\u00f3digo.<\/p>\n\n\n\n<figure class=\"wp-block-image\"><img decoding=\"async\" src=\"https:\/\/erpnext.com\/files\/customize-asset.png\" alt=\"Personaliza\u00e7\u00f5es instant\u00e2neas\"\/><\/figure>\n","protected":false},"excerpt":{"rendered":"<p>Manuten\u00e7\u00e3o de ativos sem esfor\u00e7o com o software de gerenciamento de ativos de c\u00f3digo aberto n\u00ba 1 O ERPNext simplifica o gerenciamento de ativos &#8211; da compra ao perecimento, da infraestrutura de TI ao equipamento.&nbsp;Cubra todas as filiais da sua organiza\u00e7\u00e3o, tudo em um sistema centralizado.&nbsp;Use recursos amplos em uma \u00fanica ferramenta para gerenciar melhor&hellip; <br \/> <a class=\"button small blue\" href=\"https:\/\/nsltecnologia.com.br\/?page_id=55698\">Leia mais<\/a><\/p>\n","protected":false},"author":1,"featured_media":0,"parent":0,"menu_order":0,"comment_status":"closed","ping_status":"closed","template":"","meta":{"_uag_custom_page_level_css":"","footnotes":""},"class_list":["post-55698","page","type-page","status-publish","hentry"],"uagb_featured_image_src":{"full":false,"thumbnail":false,"medium":false,"medium_large":false,"large":false,"1536x1536":false,"2048x2048":false,"post-thumbnail":false,"one-page-express-full-hd":false},"uagb_author_info":{"display_name":"nsl","author_link":"https:\/\/nsltecnologia.com.br\/?author=1"},"uagb_comment_info":0,"uagb_excerpt":"Manuten\u00e7\u00e3o de ativos sem esfor\u00e7o com o software de gerenciamento de ativos de c\u00f3digo aberto n\u00ba 1 O ERPNext simplifica o gerenciamento de ativos &#8211; da compra ao perecimento, da infraestrutura de TI ao equipamento.&nbsp;Cubra todas as filiais da sua organiza\u00e7\u00e3o, tudo em um sistema centralizado.&nbsp;Use recursos amplos em uma \u00fanica ferramenta para gerenciar melhor&hellip;&hellip;","_links":{"self":[{"href":"https:\/\/nsltecnologia.com.br\/index.php?rest_route=\/wp\/v2\/pages\/55698","targetHints":{"allow":["GET"]}}],"collection":[{"href":"https:\/\/nsltecnologia.com.br\/index.php?rest_route=\/wp\/v2\/pages"}],"about":[{"href":"https:\/\/nsltecnologia.com.br\/index.php?rest_route=\/wp\/v2\/types\/page"}],"author":[{"embeddable":true,"href":"https:\/\/nsltecnologia.com.br\/index.php?rest_route=\/wp\/v2\/users\/1"}],"replies":[{"embeddable":true,"href":"https:\/\/nsltecnologia.com.br\/index.php?rest_route=%2Fwp%2Fv2%2Fcomments&post=55698"}],"version-history":[{"count":1,"href":"https:\/\/nsltecnologia.com.br\/index.php?rest_route=\/wp\/v2\/pages\/55698\/revisions"}],"predecessor-version":[{"id":55699,"href":"https:\/\/nsltecnologia.com.br\/index.php?rest_route=\/wp\/v2\/pages\/55698\/revisions\/55699"}],"wp:attachment":[{"href":"https:\/\/nsltecnologia.com.br\/index.php?rest_route=%2Fwp%2Fv2%2Fmedia&parent=55698"}],"curies":[{"name":"wp","href":"https:\/\/api.w.org\/{rel}","templated":true}]}}