{"id":55691,"date":"2022-12-27T12:23:29","date_gmt":"2022-12-27T15:23:29","guid":{"rendered":"https:\/\/nsltecnologia.com.br\/?page_id=55691"},"modified":"2022-12-27T12:23:29","modified_gmt":"2022-12-27T15:23:29","slug":"erpnext-projetos","status":"publish","type":"page","link":"https:\/\/nsltecnologia.com.br\/?page_id=55691","title":{"rendered":"ERPNext Projetos"},"content":{"rendered":"\n<h1 class=\"wp-block-heading\">Atualize seu estilo de trabalho com um software de gerenciamento de projetos de c\u00f3digo aberto<\/h1>\n\n\n\n<p>Organize, agende, planeje e analise projetos com uma abordagem orientada por tarefas que agilizar\u00e1 a colabora\u00e7\u00e3o da equipe e acelerar\u00e1 seu trabalho.<\/p>\n\n\n\n<p>Confi\u00e1vel por empresas em todo o mundo<\/p>\n\n\n\n<h2 class=\"wp-block-heading\">Espa\u00e7o de trabalho completo<\/h2>\n\n\n\n<p>Acompanhe os prazos e o progresso do projeto com uma vis\u00e3o geral clara.&nbsp;Planeje com anteced\u00eancia os pr\u00f3ximos projetos, usando previs\u00f5es baseadas em projetos compar\u00e1veis \u200b\u200be estime os prazos com mais precis\u00e3o.<\/p>\n\n\n\n<p><img loading=\"lazy\" decoding=\"async\" alt=\"Software de Gerenciamento de Projetos de C\u00f3digo Aberto - Visualiza\u00e7\u00e3o Kanban de Tarefas\" src=\"https:\/\/erpnext.com\/files\/projects-task-kanban.png\" width=\"1281\" height=\"800\"><\/p>\n\n\n\n<h2 class=\"wp-block-heading\">\u00c1gil<\/h2>\n\n\n\n<p>Descubra a abordagem orientada por tarefas para simplificar seus projetos.&nbsp;Com lacunas de comunica\u00e7\u00e3o m\u00ednimas e total transpar\u00eancia, o ERPNext facilita o compartilhamento e a colabora\u00e7\u00e3o entre toda a equipe do projeto.&nbsp;Divida seu projeto em pequenas tarefas e atribua-as \u00e0 sua equipe para melhorar a colabora\u00e7\u00e3o.&nbsp;Avalie o progresso e a efici\u00eancia do projeto com escopo e prioridades claros, cronogramas estimados e marcos.<\/p>\n\n\n\n<figure class=\"wp-block-image\"><img decoding=\"async\" src=\"https:\/\/erpnext.com\/files\/all-in-onef7f200.png\" alt=\"\u00c1gil\"\/><\/figure>\n\n\n\n<h2 class=\"wp-block-heading\">Lista de tarefas e bate-papo em tempo real<\/h2>\n\n\n\n<p>Facilite a vida profissional com este software de gerenciamento de projetos simples e flex\u00edvel.&nbsp;Crie e atribua tarefas aos seus funcion\u00e1rios.&nbsp;O sistema adicionar\u00e1 automaticamente as tarefas em suas tarefas para manter as atribui\u00e7\u00f5es e o rastreamento de tarefas sem problemas.&nbsp;E com men\u00e7\u00f5es e bate-papo em tempo real, n\u00e3o h\u00e1 necessidade de trazer bate-papos externos para a comunica\u00e7\u00e3o interna.<\/p>\n\n\n\n<figure class=\"wp-block-image\"><img decoding=\"async\" src=\"https:\/\/erpnext.com\/files\/todos-and-chat84a45b.png\" alt=\"Lista de tarefas e bate-papo em tempo real\"\/><\/figure>\n\n\n\n<h2 class=\"wp-block-heading\">Armazenamento de documentos<\/h2>\n\n\n\n<p>Gerenciar projetos e todos os seus documentos pode ser complicado e \u00e9 crucial que todos possam acessar arquivos importantes.&nbsp;O ERPNext permite carregar e compartilhar arquivos multim\u00eddia (como imagens, v\u00eddeos, documentos).&nbsp;Voc\u00ea pode optar por carregar os arquivos diretamente ou usar um link da web.<\/p>\n\n\n\n<figure class=\"wp-block-image\"><img decoding=\"async\" src=\"https:\/\/erpnext.com\/files\/sp-documents-storage.png\" alt=\"Armazenamento de documentos\"\/><\/figure>\n\n\n\n<h2 class=\"wp-block-heading\">E-mails<\/h2>\n\n\n\n<p>Evite encalhar e-mails importantes sincronizando suas contas de e-mail no ERPNext.&nbsp;Com uma trilha unificada de todas as correspond\u00eancias e respostas autom\u00e1ticas para e-mails recebidos, voc\u00ea pode contar com uma comunica\u00e7\u00e3o tranquila com todas as partes interessadas (seja membros internos da equipe do projeto ou clientes externos).<\/p>\n\n\n\n<figure class=\"wp-block-image\"><img decoding=\"async\" src=\"https:\/\/erpnext.com\/files\/sp-email.png\" alt=\"E-mails\"\/><\/figure>\n\n\n\n<h2 class=\"wp-block-heading\">An\u00e1lise de lucro<\/h2>\n\n\n\n<p>Fique por dentro dos or\u00e7amentos e despesas do projeto com insights precisos e atuais.&nbsp;Planeje o custo de cada fase do projeto, aloque or\u00e7amentos em rela\u00e7\u00e3o aos projetos e veja quanto do seu or\u00e7amento alocado foi gasto \u2014 tudo rapidamente.<\/p>\n\n\n\n<p><img loading=\"lazy\" decoding=\"async\" alt=\"Software de gerenciamento de projetos de c\u00f3digo aberto - relat\u00f3rio de varia\u00e7\u00e3o de or\u00e7amento\" src=\"https:\/\/erpnext.com\/files\/budget-variance-report.png\" width=\"1281\" height=\"800\"><\/p>\n\n\n\n<h2 class=\"wp-block-heading\">Controle de tempo e cobran\u00e7a<\/h2>\n\n\n\n<p>Simplifique o acompanhamento definindo itens acion\u00e1veis \u200b\u200b\u2014 as atividades para projetos e tarefas, com base no que precisa ser feito.&nbsp;Capture custos de recursos e faturamento para obter informa\u00e7\u00f5es sobre a lucratividade do projeto.&nbsp;Vincule diretamente o trabalho \u00e0 folha de pagamento para processar os sal\u00e1rios instantaneamente.<\/p>\n\n\n\n<figure class=\"wp-block-image\"><img decoding=\"async\" src=\"https:\/\/erpnext.com\/files\/project-billing-summary.png\" alt=\"Controle de tempo e cobran\u00e7a\"\/><\/figure>\n\n\n\n<h2 class=\"wp-block-heading\">Acesso do cliente<\/h2>\n\n\n\n<p>Se voc\u00ea trabalha com clientes, vai adorar o ERPNext.&nbsp;Registre tudo com seus clientes e sua equipe.&nbsp;Usando o ERPNext, os clientes podem n\u00e3o apenas visualizar o status do projeto, mas tamb\u00e9m levantar quest\u00f5es de suporte, digitalizar faturas faturadas e assim por diante.&nbsp;Voc\u00ea tamb\u00e9m pode us\u00e1-lo para an\u00fancios tamb\u00e9m!&nbsp;Ofere\u00e7a a seus clientes uma experi\u00eancia completa e impec\u00e1vel enquanto eles aguardam a entrega de seus servi\u00e7os.<\/p>\n\n\n\n<figure class=\"wp-block-image\"><img decoding=\"async\" src=\"https:\/\/erpnext.com\/files\/customer-accessef27fc.png\" alt=\"Acesso do cliente\"\/><\/figure>\n\n\n\n<h2 class=\"wp-block-heading\">Personaliza\u00e7\u00f5es instant\u00e2neas<\/h2>\n\n\n\n<p>Crie seu pr\u00f3prio software de gerenciamento de projetos de c\u00f3digo aberto.&nbsp;Mapeie seus dados mais importantes adicionando campos personalizados em seus formul\u00e1rios.&nbsp;Personalize o comportamento do formul\u00e1rio buscando valores automaticamente, oculte campos com base nas fun\u00e7\u00f5es do usu\u00e1rio e crie formatos de impress\u00e3o personalizados, tudo sem uma \u00fanica linha de c\u00f3digo.<\/p>\n\n\n\n<figure class=\"wp-block-image\"><img decoding=\"async\" src=\"https:\/\/erpnext.com\/files\/customize-project.png\" alt=\"Personaliza\u00e7\u00f5es instant\u00e2neas\"\/><\/figure>\n","protected":false},"excerpt":{"rendered":"<p>Atualize seu estilo de trabalho com um software de gerenciamento de projetos de c\u00f3digo aberto Organize, agende, planeje e analise projetos com uma abordagem orientada por tarefas que agilizar\u00e1 a colabora\u00e7\u00e3o da equipe e acelerar\u00e1 seu trabalho. Confi\u00e1vel por empresas em todo o mundo Espa\u00e7o de trabalho completo Acompanhe os prazos e o progresso do&hellip; <br \/> <a class=\"button small blue\" href=\"https:\/\/nsltecnologia.com.br\/?page_id=55691\">Leia mais<\/a><\/p>\n","protected":false},"author":1,"featured_media":0,"parent":0,"menu_order":0,"comment_status":"closed","ping_status":"closed","template":"","meta":{"_uag_custom_page_level_css":"","footnotes":""},"class_list":["post-55691","page","type-page","status-publish","hentry"],"uagb_featured_image_src":{"full":false,"thumbnail":false,"medium":false,"medium_large":false,"large":false,"1536x1536":false,"2048x2048":false,"post-thumbnail":false,"one-page-express-full-hd":false},"uagb_author_info":{"display_name":"nsl","author_link":"https:\/\/nsltecnologia.com.br\/?author=1"},"uagb_comment_info":0,"uagb_excerpt":"Atualize seu estilo de trabalho com um software de gerenciamento de projetos de c\u00f3digo aberto Organize, agende, planeje e analise projetos com uma abordagem orientada por tarefas que agilizar\u00e1 a colabora\u00e7\u00e3o da equipe e acelerar\u00e1 seu trabalho. Confi\u00e1vel por empresas em todo o mundo Espa\u00e7o de trabalho completo Acompanhe os prazos e o progresso do&hellip;&hellip;","_links":{"self":[{"href":"https:\/\/nsltecnologia.com.br\/index.php?rest_route=\/wp\/v2\/pages\/55691","targetHints":{"allow":["GET"]}}],"collection":[{"href":"https:\/\/nsltecnologia.com.br\/index.php?rest_route=\/wp\/v2\/pages"}],"about":[{"href":"https:\/\/nsltecnologia.com.br\/index.php?rest_route=\/wp\/v2\/types\/page"}],"author":[{"embeddable":true,"href":"https:\/\/nsltecnologia.com.br\/index.php?rest_route=\/wp\/v2\/users\/1"}],"replies":[{"embeddable":true,"href":"https:\/\/nsltecnologia.com.br\/index.php?rest_route=%2Fwp%2Fv2%2Fcomments&post=55691"}],"version-history":[{"count":1,"href":"https:\/\/nsltecnologia.com.br\/index.php?rest_route=\/wp\/v2\/pages\/55691\/revisions"}],"predecessor-version":[{"id":55692,"href":"https:\/\/nsltecnologia.com.br\/index.php?rest_route=\/wp\/v2\/pages\/55691\/revisions\/55692"}],"wp:attachment":[{"href":"https:\/\/nsltecnologia.com.br\/index.php?rest_route=%2Fwp%2Fv2%2Fmedia&parent=55691"}],"curies":[{"name":"wp","href":"https:\/\/api.w.org\/{rel}","templated":true}]}}