{"id":55685,"date":"2022-12-27T12:13:26","date_gmt":"2022-12-27T15:13:26","guid":{"rendered":"https:\/\/nsltecnologia.com.br\/?page_id=55685"},"modified":"2022-12-27T12:13:26","modified_gmt":"2022-12-27T15:13:26","slug":"erpnext-rh-e-folha-de-pagamento","status":"publish","type":"page","link":"https:\/\/nsltecnologia.com.br\/?page_id=55685","title":{"rendered":"ERPNext RH e Folha de Pagamento"},"content":{"rendered":"\n<h1 class=\"wp-block-heading\">HRMS de c\u00f3digo aberto e software de folha de pagamento para o seu neg\u00f3cio em crescimento<\/h1>\n\n\n\n<p>O ERPNext torna mais f\u00e1cil e eficiente recrutar e gerenciar funcion\u00e1rios e atendimento, acompanhar licen\u00e7as e despesas e lidar com integra\u00e7\u00e3o, treinamento e avalia\u00e7\u00f5es.&nbsp;Processe a folha de pagamento sem problemas com estruturas salariais configur\u00e1veis \u200b\u200be contracheques personalizados.<\/p>\n\n\n\n<p>Confi\u00e1vel por empresas em todo o mundo<\/p>\n\n\n\n<h2 class=\"wp-block-heading\">Aquisi\u00e7\u00e3o de talento<\/h2>\n\n\n\n<p>Recrute e adquira talentos de forma inteligente.&nbsp;Gerencie as contrata\u00e7\u00f5es com uma ferramenta de recrutamento integrada que permite planejar os requisitos de m\u00e3o de obra, publicar vagas de emprego em seu site, analisar e enviar por e-mail aos candidatos e armazenar documentos.&nbsp;Com dados vinculados entre planos de pessoal e vagas de emprego, garantiremos que voc\u00ea n\u00e3o exceda seu or\u00e7amento de RH.<\/p>\n\n\n\n<figure class=\"wp-block-image\"><img decoding=\"async\" src=\"https:\/\/erpnext.com\/files\/job-applicantc51a5e.png\" alt=\"aquisi\u00e7\u00e3o de talento\"\/><\/figure>\n\n\n\n<h2 class=\"wp-block-heading\">Reposit\u00f3rio de Funcion\u00e1rios<\/h2>\n\n\n\n<p>O gerenciamento de informa\u00e7\u00f5es de funcion\u00e1rios pode ser complexo e complicado, pois requer o rastreamento de documentos externos.&nbsp;O ERPNext permite carregar e compartilhar arquivos multim\u00eddia (como imagens, v\u00eddeos, documentos).&nbsp;Voc\u00ea pode optar por carregar os arquivos diretamente ou usar um link da web.<\/p>\n\n\n\n<figure class=\"wp-block-image\"><img decoding=\"async\" src=\"https:\/\/erpnext.com\/files\/employee-repository7db144.png\" alt=\"Reposit\u00f3rio de Funcion\u00e1rios\"\/><\/figure>\n\n\n\n<h2 class=\"wp-block-heading\">Treinamento de funcion\u00e1rio<\/h2>\n\n\n\n<p>Continue capacitando sua equipe com nosso m\u00f3dulo de Programa de Treinamento de Recursos Humanos.&nbsp;Agende eventos de treinamento para seus funcion\u00e1rios, que s\u00e3o vinculados automaticamente aos calend\u00e1rios dos funcion\u00e1rios para que todos possam visualizar os treinamentos agendados e planejar suas listas de tarefas de acordo.<\/p>\n\n\n\n<figure class=\"wp-block-image\"><img decoding=\"async\" src=\"https:\/\/erpnext.com\/files\/training-kanban3cc7f5.png\" alt=\"Treinamento de funcion\u00e1rio\"\/><\/figure>\n\n\n\n<h2 class=\"wp-block-heading\">Indicadores Chave de Performance<\/h2>\n\n\n\n<p>Acompanhe o desempenho do funcion\u00e1rio no estilo independente e redefina a excel\u00eancia da equipe em nosso sistema de Pontos de Energia.&nbsp;Com um m\u00f3dulo de avalia\u00e7\u00e3o integrado e um painel de KPIs de RH essenciais, voc\u00ea pode ficar de olho nas jornadas dos funcion\u00e1rios e processar aumentos salariais e b\u00f4nus para os melhores desempenhos.<\/p>\n\n\n\n<figure class=\"wp-block-image\"><img decoding=\"async\" src=\"https:\/\/erpnext.com\/files\/energy-point-dashboardd6d000.png\" alt=\"Indicadores Chave de Performance\"\/><\/figure>\n\n\n\n<h2 class=\"wp-block-heading\">Gerenciamento de despesas<\/h2>\n\n\n\n<p>Gerencie despesas, solicita\u00e7\u00f5es de viagens e adiantamentos de funcion\u00e1rios de forma eficiente com nosso software HRMS e folha de pagamento de c\u00f3digo aberto.&nbsp;O ERPNext ajuda os gerentes a ver todas as despesas dos funcion\u00e1rios de uma s\u00f3 vez.&nbsp;Aprova\u00e7\u00f5es f\u00e1ceis e fluxos de trabalho configur\u00e1veis \u200b\u200bprontos para uso ajudam a economizar o esfor\u00e7o manual de gerenciar relat\u00f3rios de despesas.<\/p>\n\n\n\n<p><img loading=\"lazy\" decoding=\"async\" alt=\"HRMS e folha de pagamento de c\u00f3digo aberto - Relat\u00f3rio de reembolso de despesas n\u00e3o pagas\" src=\"https:\/\/erpnext.com\/files\/unpaid-expense-claim-report.png\" width=\"1280\" height=\"800\"><\/p>\n\n\n\n<h2 class=\"wp-block-heading\">Atendimento Autom\u00e1tico<\/h2>\n\n\n\n<p>Nossa ferramenta HRMS de c\u00f3digo aberto integra perfeitamente o rastreamento de presen\u00e7a com a folha de pagamento e o gerenciamento de licen\u00e7as.&nbsp;O ERPNext inclui v\u00e1rias op\u00e7\u00f5es para capturar atendimento em tempo real, incluindo integra\u00e7\u00e3o de hardware biom\u00e9trico.<\/p>\n\n\n\n<figure class=\"wp-block-image\"><img decoding=\"async\" src=\"https:\/\/erpnext.com\/files\/monthly-attendance-sheet178ce5.png\" alt=\"Atendimento Autom\u00e1tico\"\/><\/figure>\n\n\n\n<h2 class=\"wp-block-heading\">Deixar Gest\u00e3o<\/h2>\n\n\n\n<p>Configure as op\u00e7\u00f5es de gerenciamento de licen\u00e7as para cada departamento ou unidade de neg\u00f3cios.&nbsp;Basta inserir fins de semana, definir o n\u00famero de horas de trabalho, conceder permiss\u00e3o para transferir licen\u00e7as e muito mais, tudo com apenas alguns cliques.&nbsp;Tudo aparecer\u00e1 no calend\u00e1rio de licen\u00e7as e nos livros de resumo de licen\u00e7as centralizados, que fornecem uma vis\u00e3o transparente de todas as informa\u00e7\u00f5es de licen\u00e7a dos funcion\u00e1rios.<\/p>\n\n\n\n<figure class=\"wp-block-image\"><img decoding=\"async\" src=\"https:\/\/erpnext.com\/files\/leave-calendarda32c2.png\" alt=\"Deixar Gest\u00e3o\"\/><\/figure>\n\n\n\n<h2 class=\"wp-block-heading\">Per\u00edodo da Folha de Pagamento e Tabelas de Impostos<\/h2>\n\n\n\n<p>Defina o per\u00edodo de processamento da folha de pagamento (ano fiscal ou mensal, a escolha \u00e9 sua) e defina as placas salariais de impostos para os funcion\u00e1rios.&nbsp;Voc\u00ea tamb\u00e9m pode adicionar v\u00e1rias lajes de impostos para um per\u00edodo da folha de pagamento, dependendo das regulamenta\u00e7\u00f5es fiscais do seu pa\u00eds.<\/p>\n\n\n\n<figure class=\"wp-block-image\"><img decoding=\"async\" src=\"https:\/\/erpnext.com\/files\/payroll-period-and-taxable-amountsa8cc80.png\" alt=\"Per\u00edodo da Folha de Pagamento e Tabelas de Impostos\"\/><\/figure>\n\n\n\n<h2 class=\"wp-block-heading\">Estruturas salariais configur\u00e1veis<\/h2>\n\n\n\n<p>Use diferentes estruturas salariais para recompensar funcion\u00e1rios de alto desempenho ou de alto escal\u00e3o.&nbsp;Voc\u00ea pode definir diferentes c\u00e1lculos para cada estrutura salarial, com base em componentes configur\u00e1veis, proventos e descontos.&nbsp;Atribua a cada funcion\u00e1rio ou departamento a estrutura salarial correta e, em seguida, processe a folha de pagamento e observe os comprovantes de sal\u00e1rio serem gerados automaticamente.<\/p>\n\n\n\n<figure class=\"wp-block-image\"><img decoding=\"async\" src=\"https:\/\/erpnext.com\/files\/payroll-salary-structure38f8e0.png\" alt=\"Estruturas salariais configur\u00e1veis\"\/><\/figure>\n\n\n\n<h2 class=\"wp-block-heading\">Folha de pagamento<\/h2>\n\n\n\n<p>Deixe para tr\u00e1s a dor de gerar recibos de sal\u00e1rio individuais e adote o processamento de folha de pagamento sem esfor\u00e7o.&nbsp;O ERPNext possui gera\u00e7\u00e3o autom\u00e1tica de holerites com base em planilhas de ponto (com valida\u00e7\u00e3o autom\u00e1tica), componentes salariais e estruturas salariais.<\/p>\n\n\n\n<p><img loading=\"lazy\" decoding=\"async\" alt=\"HRMS e folha de pagamento de c\u00f3digo aberto - entrada da folha de pagamento\" src=\"https:\/\/erpnext.com\/files\/payroll-entry3a6acd.png\" width=\"1280\" height=\"799\"><\/p>\n\n\n\n<h2 class=\"wp-block-heading\">Validar Presen\u00e7a<\/h2>\n\n\n\n<p>O trabalho remoto \u00e9 uma tend\u00eancia quente atualmente, mas se voc\u00ea for mais antigo, poder\u00e1 verificar a frequ\u00eancia dos funcion\u00e1rios com nosso software de folha de pagamento inteligente.&nbsp;Basta um clique para gerar recibos de vencimento com base no total de dias atuais, licen\u00e7a sem vencimento, meios dias e assim por diante.<\/p>\n\n\n\n<figure class=\"wp-block-image\"><img decoding=\"async\" src=\"https:\/\/erpnext.com\/files\/payroll-validate-attendance306cdf.png\" alt=\"Validar Presen\u00e7a\"\/><\/figure>\n\n\n\n<h2 class=\"wp-block-heading\">Verificar planilhas de tempo<\/h2>\n\n\n\n<p>\u00c0s vezes, o sal\u00e1rio de um funcion\u00e1rio \u00e9 baseado no n\u00famero de horas que ele trabalhou em um projeto espec\u00edfico.&nbsp;Se essas horas forem rastreadas por meio de folhas de ponto, voc\u00ea poder\u00e1 garantir que o lan\u00e7amento da folha de pagamento cobre essas horas extras no recibo de sal\u00e1rio automaticamente.<\/p>\n\n\n\n<figure class=\"wp-block-image\"><img decoding=\"async\" src=\"https:\/\/erpnext.com\/files\/payroll-timesheet74cd75.png\" alt=\"Verificar planilhas de tempo\"\/><\/figure>\n\n\n\n<h2 class=\"wp-block-heading\">Folhas de pagamento personalizadas<\/h2>\n\n\n\n<p>Com os recursos de f\u00e1cil personaliza\u00e7\u00e3o do ERPNext, voc\u00ea pode criar formatos de impress\u00e3o com sua marca para obter uma sensa\u00e7\u00e3o personalizada.&nbsp;Inclua o papel timbrado da sua organiza\u00e7\u00e3o, configure o formato dos componentes salariais ou obtenha uma apar\u00eancia elegante e profissional incluindo informa\u00e7\u00f5es como data de pagamento e per\u00edodo de pagamento.<\/p>\n\n\n\n<figure class=\"wp-block-image\"><img decoding=\"async\" src=\"https:\/\/erpnext.com\/files\/payroll-payslip1f1a9b.png\" alt=\"Folhas de pagamento personalizadas\"\/><\/figure>\n\n\n\n<h2 class=\"wp-block-heading\">Pagamento variavel<\/h2>\n\n\n\n<p>Seja para um b\u00f4nus de desempenho excepcional ou subs\u00eddio\/atraso de representa\u00e7\u00e3o, voc\u00ea pode precisar fazer ajustes ad hoc em suas estruturas salariais.&nbsp;\u00c9 por isso que o recurso Sal\u00e1rio Adicional permite adicionar ou deduzir o sal\u00e1rio de um determinado funcion\u00e1rio durante o processamento da folha de pagamento.<\/p>\n\n\n\n<figure class=\"wp-block-image\"><img decoding=\"async\" src=\"https:\/\/erpnext.com\/files\/payroll-additional-salarya3add5.png\" alt=\"Pagamento variavel\"\/><\/figure>\n\n\n\n<h2 class=\"wp-block-heading\">Folhas de pagamento protegidas por senha<\/h2>\n\n\n\n<p>No mundo do GDPR r\u00edgido e dos regulamentos de dados, entendemos a import\u00e2ncia de manter os dados confidenciais seguros.&nbsp;Com uma configura\u00e7\u00e3o simples, garanta que os contracheques de seus funcion\u00e1rios sejam protegidos por senha para que sejam os \u00fanicos a acessar os detalhes de seus contracheques.&nbsp;As senhas dos holerites podem ser configuradas nas configura\u00e7\u00f5es do ERPNext.<\/p>\n\n\n\n<p><img loading=\"lazy\" decoding=\"async\" alt=\"HRMS e folha de pagamento de c\u00f3digo aberto - contracheques protegidos por senha\" src=\"https:\/\/erpnext.com\/files\/payroll-password-protected-slip48afa6.png\" width=\"1280\" height=\"799\"><\/p>\n\n\n\n<h2 class=\"wp-block-heading\">Personaliza\u00e7\u00f5es instant\u00e2neas<\/h2>\n\n\n\n<p>Crie seu pr\u00f3prio HRMS de c\u00f3digo aberto e software de folha de pagamento.&nbsp;Mapeie os dados de seu interesse adicionando campos personalizados em seus formul\u00e1rios.&nbsp;Em seguida, personalize o comportamento do formul\u00e1rio buscando valores automaticamente, oculte campos com base nas fun\u00e7\u00f5es do usu\u00e1rio e crie formatos de impress\u00e3o personalizados \u2014 tudo sem uma \u00fanica linha de c\u00f3digo.<\/p>\n\n\n\n<figure class=\"wp-block-image\"><img decoding=\"async\" src=\"https:\/\/erpnext.com\/files\/customize-employeefc8aa5.png\" alt=\"Personaliza\u00e7\u00f5es instant\u00e2neas\"\/><\/figure>\n\n\n\n<p><\/p>\n\n\n\n<h2 class=\"wp-block-heading\">Auto integra\u00e7\u00e3o e implementa\u00e7\u00e3o<\/h2>\n\n\n\n<p>Todas as ferramentas necess\u00e1rias para alcan\u00e7ar a excel\u00eancia em RH fazem parte do primeiro ERP DIY inteligente do mundo.&nbsp;Transforme sua organiza\u00e7\u00e3o com excelente documenta\u00e7\u00e3o e tutoriais em v\u00eddeo que facilitam uma implementa\u00e7\u00e3o de ERP super r\u00e1pida e sem toque.<\/p>\n\n\n\n<figure class=\"wp-block-image\"><img decoding=\"async\" src=\"https:\/\/erpnext.com\/files\/recruitment-docs.png\" alt=\"Auto integra\u00e7\u00e3o e implementa\u00e7\u00e3o\"\/><\/figure>\n","protected":false},"excerpt":{"rendered":"<p>HRMS de c\u00f3digo aberto e software de folha de pagamento para o seu neg\u00f3cio em crescimento O ERPNext torna mais f\u00e1cil e eficiente recrutar e gerenciar funcion\u00e1rios e atendimento, acompanhar licen\u00e7as e despesas e lidar com integra\u00e7\u00e3o, treinamento e avalia\u00e7\u00f5es.&nbsp;Processe a folha de pagamento sem problemas com estruturas salariais configur\u00e1veis \u200b\u200be contracheques personalizados. Confi\u00e1vel por&hellip; <br \/> <a class=\"button small blue\" href=\"https:\/\/nsltecnologia.com.br\/?page_id=55685\">Leia mais<\/a><\/p>\n","protected":false},"author":1,"featured_media":0,"parent":0,"menu_order":0,"comment_status":"closed","ping_status":"closed","template":"","meta":{"_uag_custom_page_level_css":"","footnotes":""},"class_list":["post-55685","page","type-page","status-publish","hentry"],"uagb_featured_image_src":{"full":false,"thumbnail":false,"medium":false,"medium_large":false,"large":false,"1536x1536":false,"2048x2048":false,"post-thumbnail":false,"one-page-express-full-hd":false},"uagb_author_info":{"display_name":"nsl","author_link":"https:\/\/nsltecnologia.com.br\/?author=1"},"uagb_comment_info":0,"uagb_excerpt":"HRMS de c\u00f3digo aberto e software de folha de pagamento para o seu neg\u00f3cio em crescimento O ERPNext torna mais f\u00e1cil e eficiente recrutar e gerenciar funcion\u00e1rios e atendimento, acompanhar licen\u00e7as e despesas e lidar com integra\u00e7\u00e3o, treinamento e avalia\u00e7\u00f5es.&nbsp;Processe a folha de pagamento sem problemas com estruturas salariais configur\u00e1veis \u200b\u200be contracheques personalizados. Confi\u00e1vel por&hellip;&hellip;","_links":{"self":[{"href":"https:\/\/nsltecnologia.com.br\/index.php?rest_route=\/wp\/v2\/pages\/55685","targetHints":{"allow":["GET"]}}],"collection":[{"href":"https:\/\/nsltecnologia.com.br\/index.php?rest_route=\/wp\/v2\/pages"}],"about":[{"href":"https:\/\/nsltecnologia.com.br\/index.php?rest_route=\/wp\/v2\/types\/page"}],"author":[{"embeddable":true,"href":"https:\/\/nsltecnologia.com.br\/index.php?rest_route=\/wp\/v2\/users\/1"}],"replies":[{"embeddable":true,"href":"https:\/\/nsltecnologia.com.br\/index.php?rest_route=%2Fwp%2Fv2%2Fcomments&post=55685"}],"version-history":[{"count":1,"href":"https:\/\/nsltecnologia.com.br\/index.php?rest_route=\/wp\/v2\/pages\/55685\/revisions"}],"predecessor-version":[{"id":55686,"href":"https:\/\/nsltecnologia.com.br\/index.php?rest_route=\/wp\/v2\/pages\/55685\/revisions\/55686"}],"wp:attachment":[{"href":"https:\/\/nsltecnologia.com.br\/index.php?rest_route=%2Fwp%2Fv2%2Fmedia&parent=55685"}],"curies":[{"name":"wp","href":"https:\/\/api.w.org\/{rel}","templated":true}]}}