{"id":55675,"date":"2022-12-27T11:51:44","date_gmt":"2022-12-27T14:51:44","guid":{"rendered":"https:\/\/nsltecnologia.com.br\/?page_id=55675"},"modified":"2022-12-27T11:51:44","modified_gmt":"2022-12-27T14:51:44","slug":"erpnext-saude","status":"publish","type":"page","link":"https:\/\/nsltecnologia.com.br\/?page_id=55675","title":{"rendered":"ERPNext Sa\u00fade"},"content":{"rendered":"\n<h1 class=\"wp-block-heading\">Todos os dados cr\u00edticos ao seu alcance para tomar decis\u00f5es de sa\u00fade baseadas em dados<\/h1>\n\n\n\n<p>O ERPNext \u00e9 um software ERP DIY aberto e moderno para hospitais, cl\u00ednicas e dispens\u00e1rios.<\/p>\n\n\n\n<h2 class=\"wp-block-heading\">ERP de c\u00f3digo aberto para o setor de sa\u00fade<\/h2>\n\n\n\n<p>Estima-se que o mercado de sa\u00fade chegue a US$ 1 bilh\u00e3o nos pr\u00f3ximos anos.&nbsp;Este \u00e9 o resultado direto do aumento da conscientiza\u00e7\u00e3o sobre a sa\u00fade e sua import\u00e2ncia.&nbsp;Com iniciativas recentes do governo para fornecer instala\u00e7\u00f5es de sa\u00fade para todos os cantos do mundo, as coisas parecem bastante promissoras para o setor de sa\u00fade.<br><br>Com a crescente concorr\u00eancia nas ind\u00fastrias de sa\u00fade, as empresas do setor de sa\u00fade precisam se destacar.&nbsp;D\u00ea um salto \u00e0 frente aproveitando a tecnologia empresarial de \u00faltima gera\u00e7\u00e3o.&nbsp;O ERPNext \u00e9 uma solu\u00e7\u00e3o de c\u00f3digo aberto para assist\u00eancia m\u00e9dica que o ajudar\u00e1 a manter todos os dados cr\u00edticos sob o mesmo teto.<img loading=\"lazy\" decoding=\"async\" alt=\"Ind\u00fastria de sa\u00fade\" src=\"https:\/\/erpnext.com\/files\/healthcare.jpg\" width=\"5665\" height=\"3449\"><\/p>\n\n\n\n<h2 class=\"wp-block-heading\">Reposit\u00f3rio de pacientes<\/h2>\n\n\n\n<p>No ERPNext, voc\u00ea pode criar um arquivo de paciente para qualquer pessoa que receba seus servi\u00e7os de sa\u00fade.&nbsp;Salve informa\u00e7\u00f5es importantes para cada paciente.&nbsp;Com o sistema integrado do ERPNext, todos os dados estar\u00e3o acess\u00edveis a todos em um s\u00f3 lugar.<\/p>\n\n\n\n<figure class=\"wp-block-image\"><img decoding=\"async\" src=\"https:\/\/erpnext.com\/files\/healthcare-patient-repository.png\" alt=\"Reposit\u00f3rio de pacientes\"\/><\/figure>\n\n\n\n<h2 class=\"wp-block-heading\">Profissionais de sa\u00fade<\/h2>\n\n\n\n<p>O ERPNext permite criar v\u00e1rios profissionais (m\u00e9dicos, enfermeiros, etc.) e vincular cada um \u00e0s suas permiss\u00f5es de acesso apropriadas.&nbsp;Voc\u00ea tamb\u00e9m pode vincular cada pessoa aos documentos de seus funcion\u00e1rios, o que permite que os funcion\u00e1rios acessem suas licen\u00e7as, folha de pagamento e outros dados de RH.<\/p>\n\n\n\n<figure class=\"wp-block-image\"><img decoding=\"async\" src=\"https:\/\/erpnext.com\/files\/healthcare-practitioner.png\" alt=\"Profissionais de sa\u00fade\"\/><\/figure>\n\n\n\n<h2 class=\"wp-block-heading\">Hor\u00e1rio do Praticante<\/h2>\n\n\n\n<p>A agenda m\u00e9dica do ERPNext ajudar\u00e1 voc\u00ea a configurar a disponibilidade dos profissionais de sa\u00fade.&nbsp;Defina os dias e hor\u00e1rios de cada pessoa e, em seguida, o sistema bloquear\u00e1 as consultas dos pacientes dentro da agenda de cada profissional.<\/p>\n\n\n\n<figure class=\"wp-block-image\"><img decoding=\"async\" src=\"https:\/\/erpnext.com\/files\/healthcare-practitioner-schedule.png\" alt=\"Hor\u00e1rio do Praticante\"\/><\/figure>\n\n\n\n<h2 class=\"wp-block-heading\">Consultas de pacientes<\/h2>\n\n\n\n<p>Com total visibilidade da agenda de cada profissional, n\u00e3o h\u00e1 chance de agendar hor\u00e1rios duplos.&nbsp;Voc\u00ea pode at\u00e9 mesmo automatizar e-mails de notifica\u00e7\u00e3o a serem enviados assim que um paciente agendar uma consulta.<\/p>\n\n\n\n<figure class=\"wp-block-image\"><img decoding=\"async\" src=\"https:\/\/erpnext.com\/files\/healthcare-appointments.png\" alt=\"Consultas de pacientes\"\/><\/figure>\n\n\n\n<h2 class=\"wp-block-heading\">Armazenamento de documentos<\/h2>\n\n\n\n<p>Os m\u00e9dicos precisam manter v\u00e1rios relat\u00f3rios, notas e informa\u00e7\u00f5es para cada paciente.&nbsp;Em vez de lidar com aplicativos de armazenamento de terceiros, use os anexos de arquivos do ERPNext para armazenar documentos multim\u00eddia de qualquer formato \u2014 de texto, PDFs e relat\u00f3rios a imagens ou v\u00eddeos.&nbsp;Isso garante que o registro do paciente reflita todas as informa\u00e7\u00f5es pertinentes.<\/p>\n\n\n\n<figure class=\"wp-block-image\"><img decoding=\"async\" src=\"https:\/\/erpnext.com\/files\/healthcare-documents-storage.png\" alt=\"Armazenamento de documentos\"\/><\/figure>\n\n\n\n<h2 class=\"wp-block-heading\">Hist\u00f3rico do paciente<\/h2>\n\n\n\n<p>Com o relat\u00f3rio de hist\u00f3rico do paciente, voc\u00ea pode visualizar os registros hist\u00f3ricos de qualquer paciente \u2014 detalhes prim\u00e1rios, alergias, medicamentos anteriores, intera\u00e7\u00f5es do paciente com m\u00e9dicos e assim por diante.&nbsp;Veja o ciclo de vida de um paciente, desde o in\u00edcio de sua jornada com sua unidade de sa\u00fade.<\/p>\n\n\n\n<p><img loading=\"lazy\" decoding=\"async\" alt=\"Hist\u00f3rico do paciente\" src=\"https:\/\/erpnext.com\/files\/healthcare-patient-history.png\" width=\"1280\" height=\"799\"><\/p>\n\n\n\n<h2 class=\"wp-block-heading\">E-mails<\/h2>\n\n\n\n<p>N\u00e3o h\u00e1 necessidade de lidar com cadeias de e-mail confusas &#8211; e-mail do seu pr\u00f3prio software de assist\u00eancia m\u00e9dica!&nbsp;Voc\u00ea pode enviar um e-mail para seus pacientes ou seus respons\u00e1veis \u200b\u200bsobre suas consultas, medicamentos ou acompanhamentos.&nbsp;As respostas ser\u00e3o buscadas automaticamente no encadeamento de e-mail no ERPNext, que mant\u00e9m toda a correspond\u00eancia no mesmo lugar.<\/p>\n\n\n\n<figure class=\"wp-block-image\"><img decoding=\"async\" src=\"https:\/\/erpnext.com\/files\/healthcare-emails.png\" alt=\"E-mails\"\/><\/figure>\n\n\n\n<h2 class=\"wp-block-heading\">Encontros com pacientes<\/h2>\n\n\n\n<p>O ERPNext permite que voc\u00ea registre cada encontro com os pacientes.&nbsp;Voc\u00ea pode criar um encontro com o paciente, seja com base em um compromisso agendado anteriormente ou criando diretamente um novo encontro com o paciente.&nbsp;Todos os detalhes relacionados ao paciente ser\u00e3o preenchidos automaticamente, juntamente com os \u00faltimos sinais vitais, registros do paciente e outras informa\u00e7\u00f5es importantes.<\/p>\n\n\n\n<figure class=\"wp-block-image\"><img decoding=\"async\" src=\"https:\/\/erpnext.com\/files\/healthcare-patient-encounter.png\" alt=\"Encontros com pacientes\"\/><\/figure>\n\n\n\n<h2 class=\"wp-block-heading\">Prescri\u00e7\u00f5es<\/h2>\n\n\n\n<p>Registre todas as observa\u00e7\u00f5es e avalia\u00e7\u00f5es de todas as consultas do paciente por meio de prescri\u00e7\u00f5es.&nbsp;Nosso criador de formato de impress\u00e3o configur\u00e1vel facilita a formata\u00e7\u00e3o da prescri\u00e7\u00e3o \u2014 adicione o papel timbrado do seu hospital, mova os campos de dados e mostre apenas as informa\u00e7\u00f5es que voc\u00ea deseja.&nbsp;\u00c9 lindo, formata\u00e7\u00e3o impec\u00e1vel \u00e0 sua disposi\u00e7\u00e3o com esta ferramenta facilmente configur\u00e1vel.<\/p>\n\n\n\n<figure class=\"wp-block-image\"><img decoding=\"async\" src=\"https:\/\/erpnext.com\/files\/healthcare-prescription.png\" alt=\"Prescri\u00e7\u00f5es\"\/><\/figure>\n\n\n\n<h2 class=\"wp-block-heading\">Procedimentos Cl\u00ednicos<\/h2>\n\n\n\n<p>Voc\u00ea pode usar o ERPNext para mapear qualquer procedimento cl\u00ednico \u2014 por exemplo, limpeza de feridas, ultrassonografia, endoscopia ou cirurgia de catarata.&nbsp;O ERPNext permite pr\u00e9-configurar modelos de procedimentos cl\u00ednicos para que voc\u00ea n\u00e3o precise definir propriedades padr\u00e3o, como consum\u00edveis, toda vez que solicitar um procedimento.&nbsp;A cobran\u00e7a tamb\u00e9m pode ser automatizada com base no estoque utilizado em cada procedimento e no valor do m\u00e9dico consultor.<\/p>\n\n\n\n<figure class=\"wp-block-image\"><img decoding=\"async\" src=\"https:\/\/erpnext.com\/files\/healthcare-clinical-procedures.png\" alt=\"Procedimentos Cl\u00ednicos\"\/><\/figure>\n\n\n\n<h2 class=\"wp-block-heading\">Medicamentos e Equipamentos<\/h2>\n\n\n\n<p>O ERPNext apresenta invent\u00e1rio integrado para uma visualiza\u00e7\u00e3o em tempo real da disponibilidade do produto, n\u00edveis de estoque em seus armaz\u00e9ns, transfer\u00eancias de estoque e muito mais.&nbsp;Itens em lote ou serializados?&nbsp;Fa\u00e7a sua escolha.&nbsp;Digitalize c\u00f3digos de barras com a c\u00e2mera do dispositivo para uma pesquisa extremamente r\u00e1pida em seu estoque de medicamentos, equipamentos m\u00e9dicos, ativos e muito mais.<\/p>\n\n\n\n<figure class=\"wp-block-image\"><img decoding=\"async\" src=\"https:\/\/erpnext.com\/files\/healthcare-inventory.png\" alt=\"Medicamentos e Equipamentos\"\/><\/figure>\n\n\n\n<h2 class=\"wp-block-heading\">Faturamento e pre\u00e7os<\/h2>\n\n\n\n<p>Faturar seus pacientes e buscar pagamentos a receber com solicita\u00e7\u00f5es de pagamento e notifica\u00e7\u00f5es por e-mail\/SMS.&nbsp;Processe contas mais rapidamente com modelos de formato de impress\u00e3o personalizados (usando modelos HTML ou Jinja) e configura\u00e7\u00e3o \u00fanica.<img loading=\"lazy\" decoding=\"async\" alt=\"Cobran\u00e7a\" src=\"https:\/\/erpnext.com\/files\/healthcare-billing-patients.png\" width=\"1280\" height=\"799\"><\/p>\n\n\n\n<h2 class=\"wp-block-heading\">Reabastecimento de Estoque Automatizado<\/h2>\n\n\n\n<p>Em uma ind\u00fastria onde a linha entre a vida e a morte \u00e9 t\u00eanue, voc\u00ea n\u00e3o pode se dar ao luxo de ficar sem medicamentos importantes.&nbsp;Para evitar isso, voc\u00ea pode rastrear o n\u00edvel de reabastecimento de um item.&nbsp;Quando o n\u00edvel de estoque ficar abaixo do n\u00edvel de reabastecimento, o ERPNext criar\u00e1 automaticamente uma solicita\u00e7\u00e3o de material.&nbsp;Isso ajuda a reabastecer o estoque exatamente no momento certo e reduz as chances de esgotamento do estoque.<\/p>\n\n\n\n<figure class=\"wp-block-image\"><img decoding=\"async\" src=\"https:\/\/erpnext.com\/files\/healthcare-auto-replenishment.png\" alt=\"Reabastecimento de Estoque Automatizado\"\/><\/figure>\n\n\n\n<h2 class=\"wp-block-heading\">Personaliza\u00e7\u00f5es instant\u00e2neas<\/h2>\n\n\n\n<p>Crie seu pr\u00f3prio software de sa\u00fade de c\u00f3digo aberto.&nbsp;Mapeie seus dados mais importantes adicionando campos personalizados em seus formul\u00e1rios.&nbsp;Personalize o comportamento do formul\u00e1rio buscando valores automaticamente, oculte campos com base nas fun\u00e7\u00f5es do usu\u00e1rio e crie formatos de impress\u00e3o personalizados \u2014 tudo sem uma \u00fanica linha de c\u00f3digo.<\/p>\n\n\n\n<figure class=\"wp-block-image\"><img decoding=\"async\" src=\"https:\/\/erpnext.com\/files\/healthcare-customize-form.png\" alt=\"Personaliza\u00e7\u00f5es instant\u00e2neas\"\/><\/figure>\n\n\n\n<h2 class=\"wp-block-heading\">Autointegra\u00e7\u00e3o e implementa\u00e7\u00e3o<\/h2>\n\n\n\n<p>Todas as ferramentas de que voc\u00ea precisa para alcan\u00e7ar a excel\u00eancia fazem parte do primeiro ERP DIY inteligente do mundo.&nbsp;Transforme sua organiza\u00e7\u00e3o com excelente documenta\u00e7\u00e3o e tutoriais em v\u00eddeo que facilitam uma implementa\u00e7\u00e3o de ERP super r\u00e1pida e sem toque.<\/p>\n\n\n\n<h2 class=\"wp-block-heading\">ERPNext \u00e9 a melhor solu\u00e7\u00e3o ERP 100% Open Source do mundo<\/h2>\n\n\n\n<p>Software de c\u00f3digo aberto para empresas modernas<\/p>\n","protected":false},"excerpt":{"rendered":"<p>Todos os dados cr\u00edticos ao seu alcance para tomar decis\u00f5es de sa\u00fade baseadas em dados O ERPNext \u00e9 um software ERP DIY aberto e moderno para hospitais, cl\u00ednicas e dispens\u00e1rios. ERP de c\u00f3digo aberto para o setor de sa\u00fade Estima-se que o mercado de sa\u00fade chegue a US$ 1 bilh\u00e3o nos pr\u00f3ximos anos.&nbsp;Este \u00e9 o&hellip; <br \/> <a class=\"button small blue\" href=\"https:\/\/nsltecnologia.com.br\/?page_id=55675\">Leia mais<\/a><\/p>\n","protected":false},"author":1,"featured_media":0,"parent":0,"menu_order":0,"comment_status":"closed","ping_status":"closed","template":"","meta":{"_uag_custom_page_level_css":"","footnotes":""},"class_list":["post-55675","page","type-page","status-publish","hentry"],"uagb_featured_image_src":{"full":false,"thumbnail":false,"medium":false,"medium_large":false,"large":false,"1536x1536":false,"2048x2048":false,"post-thumbnail":false,"one-page-express-full-hd":false},"uagb_author_info":{"display_name":"nsl","author_link":"https:\/\/nsltecnologia.com.br\/?author=1"},"uagb_comment_info":0,"uagb_excerpt":"Todos os dados cr\u00edticos ao seu alcance para tomar decis\u00f5es de sa\u00fade baseadas em dados O ERPNext \u00e9 um software ERP DIY aberto e moderno para hospitais, cl\u00ednicas e dispens\u00e1rios. ERP de c\u00f3digo aberto para o setor de sa\u00fade Estima-se que o mercado de sa\u00fade chegue a US$ 1 bilh\u00e3o nos pr\u00f3ximos anos.&nbsp;Este \u00e9 o&hellip;&hellip;","_links":{"self":[{"href":"https:\/\/nsltecnologia.com.br\/index.php?rest_route=\/wp\/v2\/pages\/55675","targetHints":{"allow":["GET"]}}],"collection":[{"href":"https:\/\/nsltecnologia.com.br\/index.php?rest_route=\/wp\/v2\/pages"}],"about":[{"href":"https:\/\/nsltecnologia.com.br\/index.php?rest_route=\/wp\/v2\/types\/page"}],"author":[{"embeddable":true,"href":"https:\/\/nsltecnologia.com.br\/index.php?rest_route=\/wp\/v2\/users\/1"}],"replies":[{"embeddable":true,"href":"https:\/\/nsltecnologia.com.br\/index.php?rest_route=%2Fwp%2Fv2%2Fcomments&post=55675"}],"version-history":[{"count":1,"href":"https:\/\/nsltecnologia.com.br\/index.php?rest_route=\/wp\/v2\/pages\/55675\/revisions"}],"predecessor-version":[{"id":55676,"href":"https:\/\/nsltecnologia.com.br\/index.php?rest_route=\/wp\/v2\/pages\/55675\/revisions\/55676"}],"wp:attachment":[{"href":"https:\/\/nsltecnologia.com.br\/index.php?rest_route=%2Fwp%2Fv2%2Fmedia&parent=55675"}],"curies":[{"name":"wp","href":"https:\/\/api.w.org\/{rel}","templated":true}]}}