{"id":55672,"date":"2022-12-27T11:46:45","date_gmt":"2022-12-27T14:46:45","guid":{"rendered":"https:\/\/nsltecnologia.com.br\/?page_id=55672"},"modified":"2022-12-27T11:46:45","modified_gmt":"2022-12-27T14:46:45","slug":"erpnext-sem-fins-lucrativos","status":"publish","type":"page","link":"https:\/\/nsltecnologia.com.br\/?page_id=55672","title":{"rendered":"ERPNext Sem fins Lucrativos"},"content":{"rendered":"\n<h1 class=\"wp-block-heading\">Fa\u00e7a o seu melhor trabalho com o melhor software ERP de c\u00f3digo aberto para ONGs do mundo<\/h1>\n\n\n\n<p>Administre sua organiza\u00e7\u00e3o sem fins lucrativos sem problemas rastreando membros, associa\u00e7\u00f5es, volunt\u00e1rios, doadores e solicita\u00e7\u00f5es de subs\u00eddios.<\/p>\n\n\n\n<h2 class=\"wp-block-heading\">Sem fins lucrativos, pr\u00f3-bom trabalho<\/h2>\n\n\n\n<p>Administrar uma organiza\u00e7\u00e3o sem fins lucrativos sustent\u00e1vel n\u00e3o \u00e9 brincadeira.\u00a0Desde encontrar membros adequados at\u00e9 administrar a log\u00edstica e fazer um bom trabalho, h\u00e1 muitos fatores envolvidos.<br><br>Com pre\u00e7os modestos que permitem o acesso a todos os m\u00f3dulos, o ERPNext cobre a gest\u00e3o de ONGs e muito mais para administrar sua organiza\u00e7\u00e3o.\u00a0Seja rastreando membros, doadores e volunt\u00e1rios ou registrando e recebendo solicita\u00e7\u00f5es de subs\u00eddios &#8211; o ERPNext cuida de tudo.<\/p>\n\n\n\n<p><img loading=\"lazy\" decoding=\"async\" width=\"1280\" height=\"848\" src=\"https:\/\/erpnext.com\/files\/ngo-cover.jpg\" alt=\"ERP para ONGs\"><\/p>\n\n\n\n<h2 class=\"wp-block-heading\">Membros<\/h2>\n\n\n\n<p>Os membros s\u00e3o uma parte vital de qualquer organiza\u00e7\u00e3o sem fins lucrativos.&nbsp;Gerencie os membros de sua ONG e categorize-os em diferentes tipos.&nbsp;Defina a expira\u00e7\u00e3o da associa\u00e7\u00e3o e verifique se os clientes ou fornecedores existentes s\u00e3o membros da sua organiza\u00e7\u00e3o sem fins lucrativos.<\/p>\n\n\n\n<p><img loading=\"lazy\" decoding=\"async\" alt=\"ERP para ONGs - Membros\" src=\"https:\/\/erpnext.com\/files\/ngo-member.png\" width=\"1177\" height=\"686\"><\/p>\n\n\n\n<h2 class=\"wp-block-heading\">Filia\u00e7\u00e3o<\/h2>\n\n\n\n<p>Registre e rastreie as associa\u00e7\u00f5es de todos os membros.&nbsp;Altere o status da associa\u00e7\u00e3o para rastrear membros futuros ou novos.&nbsp;Registre os detalhes do pagamento para definir o status ou n\u00edvel de associa\u00e7\u00e3o correto para cada pessoa.<\/p>\n\n\n\n<figure class=\"wp-block-image\"><img decoding=\"async\" src=\"https:\/\/erpnext.com\/files\/ngo-membership.png\" alt=\"Filia\u00e7\u00e3o\"\/><\/figure>\n\n\n\n<h2 class=\"wp-block-heading\">Tipos de associa\u00e7\u00e3o<\/h2>\n\n\n\n<p>Quer seus membros sejam fundadores, indiv\u00edduos poderosos ou organiza\u00e7\u00f5es, voc\u00ea pode registrar qualquer tipo de membro.&nbsp;Voc\u00ea tem total liberdade para criar e atribuir diferentes tipos de membros e classificar as pessoas com base neles.<\/p>\n\n\n\n<figure class=\"wp-block-image\"><img decoding=\"async\" src=\"https:\/\/erpnext.com\/files\/ngo-memtype.png\" alt=\"Tipos de associa\u00e7\u00e3o\"\/><\/figure>\n\n\n\n<h2 class=\"wp-block-heading\">Volunt\u00e1rio<\/h2>\n\n\n\n<p>Al\u00e9m dos membros, os volunt\u00e1rios tamb\u00e9m s\u00e3o vitais para muitas ONGs.&nbsp;Classifique os volunt\u00e1rios com base nas categorias que voc\u00ea definir.&nbsp;A disponibilidade e o status de cada volunt\u00e1rio podem ser registrados, juntamente com as habilidades com as quais eles podem contribuir.<\/p>\n\n\n\n<figure class=\"wp-block-image\"><img decoding=\"async\" src=\"https:\/\/erpnext.com\/files\/ngo-vol.png\" alt=\"Volunt\u00e1rio\"\/><\/figure>\n\n\n\n<h2 class=\"wp-block-heading\">Doador<\/h2>\n\n\n\n<p>Nem todo mundo pode estar interessado em se tornar um membro.&nbsp;Registre indiv\u00edduos ou organiza\u00e7\u00f5es (incluindo seu endere\u00e7o e detalhes de contato) que doam uma ou v\u00e1rias vezes.&nbsp;Quando voc\u00ea recebe doa\u00e7\u00f5es, \u00e9 f\u00e1cil selecionar doadores para que cada registro de doador reflita as informa\u00e7\u00f5es mais recentes.<\/p>\n\n\n\n<figure class=\"wp-block-image\"><img decoding=\"async\" src=\"https:\/\/erpnext.com\/files\/ngo-donor.png\" alt=\"Doador\"\/><\/figure>\n\n\n\n<h2 class=\"wp-block-heading\">Solicita\u00e7\u00e3o de subs\u00eddio<\/h2>\n\n\n\n<p>Algumas ONGs podem obter subs\u00eddios de governos ou funda\u00e7\u00f5es, enquanto outras ONGs podem conceder subs\u00eddios a outras.&nbsp;N\u00e3o importa a outorga, \u00e9 f\u00e1cil registrar e acompanhar no ERPNext.<\/p>\n\n\n\n<p><img loading=\"lazy\" decoding=\"async\" alt=\"ERP para ONGs - Candidaturas a Subs\u00eddios\" src=\"https:\/\/erpnext.com\/files\/ngo-grant.png\" width=\"1177\" height=\"698\"><\/p>\n\n\n\n<h2 class=\"wp-block-heading\">Contabilidade multimoeda<\/h2>\n\n\n\n<p>Organiza\u00e7\u00f5es sem fins lucrativos podem receber grandes doa\u00e7\u00f5es do exterior ou podem precisar encomendar itens do exterior.&nbsp;O ERPNext simplifica as transa\u00e7\u00f5es em v\u00e1rias moedas.&nbsp;Gerencie transa\u00e7\u00f5es e relat\u00f3rios em diferentes moedas com mestres de moeda e taxa de c\u00e2mbio que capturam v\u00e1rias taxas de c\u00e2mbio e fatores de convers\u00e3o.<\/p>\n\n\n\n<figure class=\"wp-block-image\"><img decoding=\"async\" src=\"https:\/\/erpnext.com\/files\/multi-currency-accounting387fe5.png\" alt=\"Contabilidade multimoeda\"\/><\/figure>\n\n\n\n<h2 class=\"wp-block-heading\">Faturamento e pre\u00e7os<\/h2>\n\n\n\n<p>Registre faturas de compra para os itens que voc\u00ea pede e usa em sua jornada sem fins lucrativos.&nbsp;Processe transa\u00e7\u00f5es e faturas mais rapidamente com modelos de impress\u00e3o personalizados (usando modelos HTML ou Jinja) e configura\u00e7\u00f5es \u00fanicas.<\/p>\n\n\n\n<figure class=\"wp-block-image\"><img decoding=\"async\" src=\"https:\/\/erpnext.com\/files\/ngo-pi.png\" alt=\"Faturamento e pre\u00e7os\"\/><\/figure>\n\n\n\n<h2 class=\"wp-block-heading\">Personaliza\u00e7\u00f5es instant\u00e2neas<\/h2>\n\n\n\n<p>Crie seu pr\u00f3prio software ERP para ONGs.&nbsp;Mapeie seus dados mais importantes adicionando campos personalizados em seus formul\u00e1rios.&nbsp;Personalize o comportamento do formul\u00e1rio buscando valores automaticamente, oculte campos com base nas fun\u00e7\u00f5es do usu\u00e1rio e crie formatos de impress\u00e3o personalizados, tudo sem uma \u00fanica linha de c\u00f3digo.<\/p>\n\n\n\n<figure class=\"wp-block-image\"><img decoding=\"async\" src=\"https:\/\/erpnext.com\/files\/ngo-customize.png\" alt=\"Personaliza\u00e7\u00f5es instant\u00e2neas\"\/><\/figure>\n\n\n\n<h2 class=\"wp-block-heading\"><\/h2>\n","protected":false},"excerpt":{"rendered":"<p>Fa\u00e7a o seu melhor trabalho com o melhor software ERP de c\u00f3digo aberto para ONGs do mundo Administre sua organiza\u00e7\u00e3o sem fins lucrativos sem problemas rastreando membros, associa\u00e7\u00f5es, volunt\u00e1rios, doadores e solicita\u00e7\u00f5es de subs\u00eddios. Sem fins lucrativos, pr\u00f3-bom trabalho Administrar uma organiza\u00e7\u00e3o sem fins lucrativos sustent\u00e1vel n\u00e3o \u00e9 brincadeira.\u00a0Desde encontrar membros adequados at\u00e9 administrar a&hellip; <br \/> <a class=\"button small blue\" href=\"https:\/\/nsltecnologia.com.br\/?page_id=55672\">Leia mais<\/a><\/p>\n","protected":false},"author":1,"featured_media":0,"parent":0,"menu_order":0,"comment_status":"closed","ping_status":"closed","template":"","meta":{"_uag_custom_page_level_css":"","footnotes":""},"class_list":["post-55672","page","type-page","status-publish","hentry"],"uagb_featured_image_src":{"full":false,"thumbnail":false,"medium":false,"medium_large":false,"large":false,"1536x1536":false,"2048x2048":false,"post-thumbnail":false,"one-page-express-full-hd":false},"uagb_author_info":{"display_name":"nsl","author_link":"https:\/\/nsltecnologia.com.br\/?author=1"},"uagb_comment_info":0,"uagb_excerpt":"Fa\u00e7a o seu melhor trabalho com o melhor software ERP de c\u00f3digo aberto para ONGs do mundo Administre sua organiza\u00e7\u00e3o sem fins lucrativos sem problemas rastreando membros, associa\u00e7\u00f5es, volunt\u00e1rios, doadores e solicita\u00e7\u00f5es de subs\u00eddios. Sem fins lucrativos, pr\u00f3-bom trabalho Administrar uma organiza\u00e7\u00e3o sem fins lucrativos sustent\u00e1vel n\u00e3o \u00e9 brincadeira.\u00a0Desde encontrar membros adequados at\u00e9 administrar a&hellip;&hellip;","_links":{"self":[{"href":"https:\/\/nsltecnologia.com.br\/index.php?rest_route=\/wp\/v2\/pages\/55672","targetHints":{"allow":["GET"]}}],"collection":[{"href":"https:\/\/nsltecnologia.com.br\/index.php?rest_route=\/wp\/v2\/pages"}],"about":[{"href":"https:\/\/nsltecnologia.com.br\/index.php?rest_route=\/wp\/v2\/types\/page"}],"author":[{"embeddable":true,"href":"https:\/\/nsltecnologia.com.br\/index.php?rest_route=\/wp\/v2\/users\/1"}],"replies":[{"embeddable":true,"href":"https:\/\/nsltecnologia.com.br\/index.php?rest_route=%2Fwp%2Fv2%2Fcomments&post=55672"}],"version-history":[{"count":1,"href":"https:\/\/nsltecnologia.com.br\/index.php?rest_route=\/wp\/v2\/pages\/55672\/revisions"}],"predecessor-version":[{"id":55673,"href":"https:\/\/nsltecnologia.com.br\/index.php?rest_route=\/wp\/v2\/pages\/55672\/revisions\/55673"}],"wp:attachment":[{"href":"https:\/\/nsltecnologia.com.br\/index.php?rest_route=%2Fwp%2Fv2%2Fmedia&parent=55672"}],"curies":[{"name":"wp","href":"https:\/\/api.w.org\/{rel}","templated":true}]}}