{"id":55668,"date":"2022-12-27T11:40:46","date_gmt":"2022-12-27T14:40:46","guid":{"rendered":"https:\/\/nsltecnologia.com.br\/?page_id=55668"},"modified":"2022-12-27T13:08:49","modified_gmt":"2022-12-27T16:08:49","slug":"erpnext-retalho","status":"publish","type":"page","link":"https:\/\/nsltecnologia.com.br\/?page_id=55668","title":{"rendered":"ERPNext Varejo"},"content":{"rendered":"\n<h1 class=\"wp-block-heading\">Venda mais r\u00e1pido com software ERP de varejo de c\u00f3digo aberto simples, mas poderoso<\/h1>\n\n\n\n<p>Me\u00e7a, gerencie e venda mais com uma solu\u00e7\u00e3o de nuvem abrangente para ajud\u00e1-lo a simplificar o gerenciamento de varejo, rastrear invent\u00e1rio, gerenciar clientes e aumentar a lucratividade dos neg\u00f3cios.<\/p>\n\n\n\n<h2 class=\"wp-block-heading\">Ponto de venda<\/h2>\n\n\n\n<p>Compat\u00edvel com qualquer dispositivo, o software de ponto de venda de c\u00f3digo aberto ERPNext \u00e9 f\u00e1cil de usar, extremamente flex\u00edvel e totalmente integrado ao invent\u00e1rio para gerenciamento de varejo em tempo real.&nbsp;Ele ainda funciona tanto online.<\/p>\n\n\n\n<p><img loading=\"lazy\" decoding=\"async\" alt=\"software erp de gest\u00e3o de varejo - ponto de venda\" src=\"https:\/\/erpnext.com\/files\/point-of-sale.png\" width=\"1281\" height=\"800\"><\/p>\n\n\n\n<h2 class=\"wp-block-heading\">A\u00e7\u00f5es<\/h2>\n\n\n\n<p>O ERPNext apresenta invent\u00e1rio integrado para uma visualiza\u00e7\u00e3o em tempo real da disponibilidade do produto, n\u00edveis de estoque em seus armaz\u00e9ns, transfer\u00eancias de estoque e muito mais.&nbsp;Itens em lote ou serializados?&nbsp;Fa\u00e7a sua escolha.&nbsp;Digitalize c\u00f3digos de barras com a c\u00e2mera do seu dispositivo para uma pesquisa extremamente r\u00e1pida no estoque para um melhor gerenciamento de varejo.<\/p>\n\n\n\n<figure class=\"wp-block-image\"><img decoding=\"async\" src=\"https:\/\/erpnext.com\/files\/item.png\" alt=\"A\u00e7\u00f5es\"\/><\/figure>\n\n\n\n<h2 class=\"wp-block-heading\">Gest\u00e3o de Varejo Multilojas<\/h2>\n\n\n\n<p>Cadastre novas filiais da empresa com apenas alguns cliques e comece a negociar agora mesmo!&nbsp;Voc\u00ea pode configurar as dimens\u00f5es de cada filial e analisar suas despesas, movimenta\u00e7\u00f5es de estoque, lucros e perdas para avaliar sua lucratividade geral.<\/p>\n\n\n\n<figure class=\"wp-block-image\"><img decoding=\"async\" src=\"https:\/\/erpnext.com\/files\/multistore-management.png\" alt=\"Gest\u00e3o de Varejo Multilojas\"\/><\/figure>\n\n\n\n<h2 class=\"wp-block-heading\">Esquemas promocionais<\/h2>\n\n\n\n<p>Introduzido para varejistas e distribuidores de grande porte, o gerenciamento de descontos ou margens de varejo com base em taxa ou valor nunca foi t\u00e3o f\u00e1cil.&nbsp;Com esquemas promocionais, voc\u00ea pode gerenciar descontos de itens para diferentes partes ou condi\u00e7\u00f5es.&nbsp;Os esquemas promocionais alterar\u00e3o automaticamente as regras de pre\u00e7os aplic\u00e1veis.<\/p>\n\n\n\n<figure class=\"wp-block-image\"><img decoding=\"async\" src=\"https:\/\/erpnext.com\/files\/promotional-schemes.png\" alt=\"Esquemas promocionais\"\/><\/figure>\n\n\n\n<h2 class=\"wp-block-heading\">Faturamento e pre\u00e7os<\/h2>\n\n\n\n<p>Faturar seus clientes e buscar pagamentos a receber com solicita\u00e7\u00f5es de pagamento e notifica\u00e7\u00f5es por e-mail\/SMS.&nbsp;Processe transa\u00e7\u00f5es mais rapidamente com modelos de formato de impress\u00e3o personalizados (usando modelos HTML ou Jinja) e configura\u00e7\u00e3o \u00fanica.<\/p>\n\n\n\n<p><img loading=\"lazy\" decoding=\"async\" alt=\"software erp de gerenciamento de varejo - cobran\u00e7a e pre\u00e7os\" src=\"https:\/\/erpnext.com\/files\/billing-sales-invoice.png\" width=\"3044\" height=\"1898\"><\/p>\n\n\n\n<h2 class=\"wp-block-heading\">Automatizar o reabastecimento de estoque<\/h2>\n\n\n\n<p>Para evitar falta de estoque, acompanhe o n\u00edvel de reabastecimento de um item.&nbsp;Quando o n\u00edvel de estoque ficar abaixo do n\u00edvel de reabastecimento, o ERPNext criar\u00e1 automaticamente uma solicita\u00e7\u00e3o de material.&nbsp;Isso ajuda a reabastecer o estoque exatamente no momento certo e reduz as chances de esgotamento do estoque.<\/p>\n\n\n\n<figure class=\"wp-block-image\"><img decoding=\"async\" src=\"https:\/\/erpnext.com\/files\/automate-stock-replenishment.png\" alt=\"Automatizar o reabastecimento de estoque\"\/><\/figure>\n\n\n\n<h2 class=\"wp-block-heading\">Aquisi\u00e7\u00e3o e Fideliza\u00e7\u00e3o de Clientes<\/h2>\n\n\n\n<p>Gerencie melhor seus clientes rapidamente.&nbsp;Leva apenas alguns minutos para configurar programas de fidelidade e esquemas de pre\u00e7os especiais.&nbsp;Voc\u00ea pode ent\u00e3o manter limites de cr\u00e9dito, visualizar contas a receber e faturamento total e analisar a receita m\u00e9dia do cliente para tomar decis\u00f5es de neg\u00f3cios informadas.<\/p>\n\n\n\n<figure class=\"wp-block-image\"><img decoding=\"async\" src=\"https:\/\/erpnext.com\/files\/customer.png\" alt=\"Aquisi\u00e7\u00e3o e Fideliza\u00e7\u00e3o de Clientes\"\/><\/figure>\n\n\n\n<h2 class=\"wp-block-heading\">Personaliza\u00e7\u00f5es instant\u00e2neas<\/h2>\n\n\n\n<p>Crie seu pr\u00f3prio software ERP de gerenciamento de varejo.&nbsp;Mapeie seus dados mais importantes adicionando campos personalizados em seus formul\u00e1rios.&nbsp;Personalize o comportamento do formul\u00e1rio buscando valores automaticamente, oculte campos com base nas fun\u00e7\u00f5es do usu\u00e1rio e crie formatos de impress\u00e3o personalizados \u2014 tudo sem uma \u00fanica linha de c\u00f3digo.<\/p>\n\n\n\n<figure class=\"wp-block-image\"><img decoding=\"async\" src=\"https:\/\/erpnext.com\/files\/customize-form-1.png\" alt=\"Personaliza\u00e7\u00f5es instant\u00e2neas\"\/><\/figure>\n\n\n\n<p><\/p>\n\n\n\n<h2 class=\"wp-block-heading\">Perfeito para todas as ind\u00fastrias de varejo<\/h2>\n\n\n\n<h3 class=\"wp-block-heading\">ERP Para Supermercados<\/h3>\n\n\n\n<p>Desde o gerenciamento de pre\u00e7os de itens e n\u00edveis de estoque at\u00e9 a cadeia de suprimentos e cobran\u00e7a de clientes, mantenha tudo em um s\u00f3 lugar com o ERPNext.<\/p>\n\n\n\n<p><\/p>\n\n\n\n<h3 class=\"has-text-align-center wp-block-heading\">ERPNext \u00e9 a melhor solu\u00e7\u00e3o ERP 100% Open Source do mundo<\/h3>\n\n\n\n<p class=\"has-text-align-center\">Software de c\u00f3digo aberto para empresas modernas<\/p>\n\n\n\n<p><\/p>\n\n\n\n<div class=\"wp-block-columns is-layout-flex wp-container-core-columns-is-layout-1 wp-block-columns-is-layout-flex\">\n<div class=\"wp-block-column is-layout-flow wp-block-column-is-layout-flow\">\n<p><img decoding=\"async\" alt=\"\u00cdcone para Contabilidade Financeira\" src=\"https:\/\/erpnext.com\/files\/money-coins.svg\"><\/p>\n\n\n\n<h4 class=\"wp-block-heading\">Contabilidade Financeira<\/h4>\n\n\n\n<p>Obtenha uma vis\u00e3o em tempo real do seu fluxo de caixa.&nbsp;M\u00f3dulo de contabilidade completo que cobre todos os aspectos da contabilidade.<\/p>\n\n\n\n<p><a href=\"https:\/\/nsltecnologia.com.br\/?page_id=55678\">Saiba mais \u2192<\/a><\/p>\n<\/div>\n\n\n\n<div class=\"wp-block-column is-layout-flow wp-block-column-is-layout-flow\">\n<p><img decoding=\"async\" alt=\"\u00cdcone para gerenciamento de pedidos\" src=\"https:\/\/erpnext.com\/files\/Sell.svg\"><\/p>\n\n\n\n<h4 class=\"wp-block-heading\">Gerenciamento de Pedidos<\/h4>\n\n\n\n<p>Aumente a produtividade e reduza os custos gerenciando seus ciclos de vendas e compras, desde a compra at\u00e9 os pedidos de venda<\/p>\n\n\n\n<p><a href=\"https:\/\/nsltecnologia.com.br\/?page_id=55682\">Saiba mais \u2192<\/a><\/p>\n<\/div>\n\n\n\n<div class=\"wp-block-column is-layout-flow wp-block-column-is-layout-flow\">\n<p><img decoding=\"async\" alt=\"\u00cdcone para RH e folha de pagamento\" src=\"https:\/\/erpnext.com\/files\/HR.svg\"><\/p>\n\n\n\n<h4 class=\"wp-block-heading\">RH e folha de pagamento<\/h4>\n\n\n\n<p>Gerencie o ciclo de vida completo do funcion\u00e1rio desde a integra\u00e7\u00e3o, folha de pagamento, atendimento, declara\u00e7\u00f5es de despesas, ativos at\u00e9 a separa\u00e7\u00e3o.<\/p>\n\n\n\n<p><a href=\"https:\/\/nsltecnologia.com.br\/?page_id=55685\">Saiba mais \u2192<\/a><\/p>\n<\/div>\n<\/div>\n\n\n\n<div class=\"wp-block-columns is-layout-flex wp-container-core-columns-is-layout-2 wp-block-columns-is-layout-flex\">\n<div class=\"wp-block-column is-layout-flow wp-block-column-is-layout-flow\">\n<p><img decoding=\"async\" alt=\"\u00cdcone para Manufatura\" src=\"https:\/\/erpnext.com\/files\/Oranisation.svg\"><\/p>\n\n\n\n<h4 class=\"wp-block-heading\">Manufatura<\/h4>\n\n\n\n<p>Mantenha e gerencie com efic\u00e1cia a lista de materiais multin\u00edvel, o planejamento da produ\u00e7\u00e3o, os cart\u00f5es de trabalho e o estoque.<\/p>\n\n\n\n<p><a href=\"https:\/\/nsltecnologia.com.br\/?page_id=55664\">Saiba mais \u2192<\/a><\/p>\n<\/div>\n\n\n\n<div class=\"wp-block-column is-layout-flow wp-block-column-is-layout-flow\">\n<p><img decoding=\"async\" alt=\"\u00cdcone para CRM\" src=\"https:\/\/erpnext.com\/files\/CRM.svg\"><\/p>\n\n\n\n<h4 class=\"wp-block-heading\">CRM<\/h4>\n\n\n\n<p>Conquiste e retenha mais clientes otimizando o processo de vendas.&nbsp;Rastreie leads, oportunidades e envie as cota\u00e7\u00f5es em qualquer lugar.<\/p>\n\n\n\n<p><a href=\"https:\/\/nsltecnologia.com.br\/?page_id=55688\">Saiba mais \u2192<\/a><\/p>\n<\/div>\n\n\n\n<div class=\"wp-block-column is-layout-flow wp-block-column-is-layout-flow\">\n<p><img decoding=\"async\" alt=\"\u00cdcone para Projetos\" src=\"https:\/\/erpnext.com\/files\/Projectss.svg\"><\/p>\n\n\n\n<h4 class=\"wp-block-heading\">Projetos<\/h4>\n\n\n\n<p>Entregue projetos internos e externos dentro do prazo, or\u00e7amento e lucratividade.&nbsp;Rastreie tarefas, quadros de hor\u00e1rios e problemas por projeto.<\/p>\n\n\n\n<p><a href=\"https:\/\/nsltecnologia.com.br\/?page_id=55691\">Saiba mais \u2192<\/a><\/p>\n<\/div>\n<\/div>\n","protected":false},"excerpt":{"rendered":"<p>Venda mais r\u00e1pido com software ERP de varejo de c\u00f3digo aberto simples, mas poderoso Me\u00e7a, gerencie e venda mais com uma solu\u00e7\u00e3o de nuvem abrangente para ajud\u00e1-lo a simplificar o gerenciamento de varejo, rastrear invent\u00e1rio, gerenciar clientes e aumentar a lucratividade dos neg\u00f3cios. Ponto de venda Compat\u00edvel com qualquer dispositivo, o software de ponto de&hellip; <br \/> <a class=\"button small blue\" href=\"https:\/\/nsltecnologia.com.br\/?page_id=55668\">Leia mais<\/a><\/p>\n","protected":false},"author":1,"featured_media":0,"parent":0,"menu_order":0,"comment_status":"closed","ping_status":"closed","template":"","meta":{"_uag_custom_page_level_css":"","footnotes":""},"class_list":["post-55668","page","type-page","status-publish","hentry"],"uagb_featured_image_src":{"full":false,"thumbnail":false,"medium":false,"medium_large":false,"large":false,"1536x1536":false,"2048x2048":false,"post-thumbnail":false,"one-page-express-full-hd":false},"uagb_author_info":{"display_name":"nsl","author_link":"https:\/\/nsltecnologia.com.br\/?author=1"},"uagb_comment_info":0,"uagb_excerpt":"Venda mais r\u00e1pido com software ERP de varejo de c\u00f3digo aberto simples, mas poderoso Me\u00e7a, gerencie e venda mais com uma solu\u00e7\u00e3o de nuvem abrangente para ajud\u00e1-lo a simplificar o gerenciamento de varejo, rastrear invent\u00e1rio, gerenciar clientes e aumentar a lucratividade dos neg\u00f3cios. Ponto de venda Compat\u00edvel com qualquer dispositivo, o software de ponto de&hellip;&hellip;","_links":{"self":[{"href":"https:\/\/nsltecnologia.com.br\/index.php?rest_route=\/wp\/v2\/pages\/55668","targetHints":{"allow":["GET"]}}],"collection":[{"href":"https:\/\/nsltecnologia.com.br\/index.php?rest_route=\/wp\/v2\/pages"}],"about":[{"href":"https:\/\/nsltecnologia.com.br\/index.php?rest_route=\/wp\/v2\/types\/page"}],"author":[{"embeddable":true,"href":"https:\/\/nsltecnologia.com.br\/index.php?rest_route=\/wp\/v2\/users\/1"}],"replies":[{"embeddable":true,"href":"https:\/\/nsltecnologia.com.br\/index.php?rest_route=%2Fwp%2Fv2%2Fcomments&post=55668"}],"version-history":[{"count":3,"href":"https:\/\/nsltecnologia.com.br\/index.php?rest_route=\/wp\/v2\/pages\/55668\/revisions"}],"predecessor-version":[{"id":55732,"href":"https:\/\/nsltecnologia.com.br\/index.php?rest_route=\/wp\/v2\/pages\/55668\/revisions\/55732"}],"wp:attachment":[{"href":"https:\/\/nsltecnologia.com.br\/index.php?rest_route=%2Fwp%2Fv2%2Fmedia&parent=55668"}],"curies":[{"name":"wp","href":"https:\/\/api.w.org\/{rel}","templated":true}]}}