{"id":55664,"date":"2022-12-27T11:35:13","date_gmt":"2022-12-27T14:35:13","guid":{"rendered":"https:\/\/nsltecnologia.com.br\/?page_id=55664"},"modified":"2022-12-27T13:18:44","modified_gmt":"2022-12-27T16:18:44","slug":"erpnext-manufatura","status":"publish","type":"page","link":"https:\/\/nsltecnologia.com.br\/?page_id=55664","title":{"rendered":"ERPNext Manufatura"},"content":{"rendered":"\n<h1 class=\"wp-block-heading\">V\u00e1 al\u00e9m das ferramentas legadas com um software ERP de fabrica\u00e7\u00e3o em nuvem inteligente<\/h1>\n\n\n\n<p>Um software ERP de fabrica\u00e7\u00e3o em nuvem moderno e de c\u00f3digo aberto que simplifica o ciclo de produ\u00e7\u00e3o, ajuda a rastrear o consumo de material, exibe planejamento de capacidade, lida com subcontrata\u00e7\u00e3o e muito mais!<\/p>\n\n\n\n<p>Confi\u00e1vel por empresas em todo o mundo<\/p>\n\n\n\n<h2 class=\"wp-block-heading\">Controle total sobre sua produ\u00e7\u00e3o<\/h2>\n\n\n\n<p>Integre seu planejamento de produ\u00e7\u00e3o e ch\u00e3o de f\u00e1brica.&nbsp;O gerenciamento de clientes, pedidos de vendas, estoque, compras, contabilidade e relat\u00f3rios financeiros do ERPNext facilitam a coordena\u00e7\u00e3o em tempo real em todas as verticais de neg\u00f3cios.<\/p>\n\n\n\n<p><img loading=\"lazy\" decoding=\"async\" alt=\"Software ERP de manufatura em nuvem - An\u00e1lise de produ\u00e7\u00e3o\" src=\"https:\/\/erpnext.com\/files\/production-analytics.png\" width=\"1280\" height=\"800\"><\/p>\n\n\n\n<h2 class=\"wp-block-heading\">Lista de materiais (BOM)<\/h2>\n\n\n\n<p>Uma lista de materiais est\u00e1 no centro de qualquer software de manufatura em nuvem, e uma BOM bem definida garante robustez e precis\u00e3o.&nbsp;A BOM do ERPNext \u00e9 hier\u00e1rquica, com o produto acabado no topo.&nbsp;Tamb\u00e9m inclui c\u00f3digos de produtos, descri\u00e7\u00f5es de pe\u00e7as, quantidades, custos e especifica\u00e7\u00f5es adicionais.<\/p>\n\n\n\n<figure class=\"wp-block-image\"><img decoding=\"async\" src=\"https:\/\/erpnext.com\/files\/bill-of-materials.png\" alt=\"Lista de materiais (BOM)\"\/><\/figure>\n\n\n\n<h2 class=\"wp-block-heading\">Gest\u00e3o de ch\u00e3o de f\u00e1brica<\/h2>\n\n\n\n<p>Com os cart\u00f5es de trabalho, opera\u00e7\u00f5es e recursos de esta\u00e7\u00f5es de trabalho do ERPNext, voc\u00ea pode capturar automaticamente as atividades di\u00e1rias em seu ch\u00e3o de f\u00e1brica.&nbsp;Visualize o status em tempo real do trabalho que est\u00e1 sendo feito para fabricar produtos, a localiza\u00e7\u00e3o de cada esta\u00e7\u00e3o de trabalho, atribui\u00e7\u00f5es de funcion\u00e1rios e o status atual de cada ordem de servi\u00e7o e etapas pendentes &#8211; tudo em uma tela.<\/p>\n\n\n\n<figure class=\"wp-block-image\"><img decoding=\"async\" src=\"https:\/\/erpnext.com\/files\/shopfloor-management39c837.png\" alt=\"Gest\u00e3o de ch\u00e3o de f\u00e1brica\"\/><\/figure>\n\n\n\n<h2 class=\"wp-block-heading\">Subcontrata\u00e7\u00e3o<\/h2>\n\n\n\n<p>O seu neg\u00f3cio envolve a terceiriza\u00e7\u00e3o de processos para um fornecedor?&nbsp;Confira o recurso de subcontrata\u00e7\u00e3o no ERPNext.&nbsp;Isso facilita o fornecimento de mat\u00e9rias-primas e o rastreamento da m\u00e3o de obra e das opera\u00e7\u00f5es dos fornecedores.&nbsp;Os produtos acabados s\u00e3o valorizados com base no custo das mat\u00e9rias-primas e dos servi\u00e7os adquiridos.<\/p>\n\n\n\n<figure class=\"wp-block-image\"><img decoding=\"async\" src=\"https:\/\/erpnext.com\/files\/subcontracting-stock-entry.png\" alt=\"Subcontrata\u00e7\u00e3o\"\/><\/figure>\n\n\n\n<h2 class=\"wp-block-heading\">variantes de itens<\/h2>\n\n\n\n<p>Suponha que voc\u00ea produz camisetas em tamanhos e cores diferentes.&nbsp;Voc\u00ea precisar\u00e1 rastrear cada tipo de camiseta e suas variantes, conhecidas como variantes de itens.&nbsp;No ERPNext, o item principal \u00e9 armazenado como um modelo de item e cada uma das varia\u00e7\u00f5es \u00e9 armazenada como uma variante de item.&nbsp;Voc\u00ea pode armazenar qualquer atributo, como cor ou forma, para cada variante de item.<\/p>\n\n\n\n<figure class=\"wp-block-image\"><img decoding=\"async\" src=\"https:\/\/erpnext.com\/files\/item-variants.png\" alt=\"variantes de itens\"\/><\/figure>\n\n\n\n<h2 class=\"wp-block-heading\">Invent\u00e1rio em lote<\/h2>\n\n\n\n<p>Com o invent\u00e1rio integrado do ERPNext, o gerenciamento de itens em lote \u00e9 simples.&nbsp;Sua vis\u00e3o em tempo real da disponibilidade do produto mant\u00e9m as datas de fabrica\u00e7\u00e3o de cada lote, datas de validade e outros detalhes.&nbsp;Voc\u00ea pode at\u00e9 digitalizar c\u00f3digos de barras de itens com a c\u00e2mera do dispositivo para pesquisar rapidamente em seu estoque e tomar decis\u00f5es baseadas em dados.<\/p>\n\n\n\n<figure class=\"wp-block-image\"><img decoding=\"async\" src=\"https:\/\/erpnext.com\/files\/batched-inventory.png\" alt=\"Invent\u00e1rio em lote\"\/><\/figure>\n\n\n\n<h2 class=\"wp-block-heading\">Invent\u00e1rio serializado<\/h2>\n\n\n\n<p>Use n\u00fameros de s\u00e9rie para identificar unidades com exclusividade.&nbsp;Configure a nomenclatura de s\u00e9rie e o ERPNext criar\u00e1 automaticamente n\u00fameros de s\u00e9rie para o novo estoque.&nbsp;Voc\u00ea pode at\u00e9 digitalizar c\u00f3digos de barras de itens por meio da c\u00e2mera do dispositivo para facilitar a pesquisa em todo o estoque.<\/p>\n\n\n\n<figure class=\"wp-block-image\"><img decoding=\"async\" src=\"https:\/\/erpnext.com\/files\/serialised-inventory.png\" alt=\"Invent\u00e1rio serializado\"\/><\/figure>\n\n\n\n<h2 class=\"wp-block-heading\">Planejamento de recursos materiais<\/h2>\n\n\n\n<p>Seja uma ordem de servi\u00e7o contra vendas ou solicita\u00e7\u00f5es de materiais, o ERPNext mostrar\u00e1 todos os aspectos do seu MRP.&nbsp;Rastreie o consumo de material de estoque serializado ou em lote para reduzir as despesas e atingir zero desperd\u00edcio de recursos.<\/p>\n\n\n\n<p><img loading=\"lazy\" decoding=\"async\" alt=\"Software ERP de Manufatura em Nuvem - Plano de Produ\u00e7\u00e3o\" src=\"https:\/\/erpnext.com\/files\/production-plan.png\" width=\"1281\" height=\"800\"><\/p>\n\n\n\n<h2 class=\"wp-block-heading\">Planejamento de capacidade<\/h2>\n\n\n\n<p>Otimize suas esta\u00e7\u00f5es de trabalho com base nos recursos dispon\u00edveis para ordens de produ\u00e7\u00e3o em aberto.&nbsp;Identifique e elimine gargalos no ch\u00e3o de f\u00e1brica criando um plano de capacidade.&nbsp;Voc\u00ea tamb\u00e9m pode manter e gerenciar cronogramas de planejamento por um per\u00edodo de tempo predefinido (30 dias, 45 dias, etc.).<\/p>\n\n\n\n<figure class=\"wp-block-image\"><img decoding=\"async\" src=\"https:\/\/erpnext.com\/files\/capacity-planning.png\" alt=\"Planejamento de capacidade\"\/><\/figure>\n\n\n\n<h2 class=\"wp-block-heading\">M\u00faltiplas unidades de medida<\/h2>\n\n\n\n<p>N\u00e3o deixe que os sistemas o impe\u00e7am de medir materiais exatamente da maneira que voc\u00ea deseja!&nbsp;Acompanhe diferentes unidades de medida para o seu invent\u00e1rio.&nbsp;Configure fatores de convers\u00e3o no pr\u00f3prio mestre de itens e facilite vendas, compras e transa\u00e7\u00f5es de estoque tranquilas.&nbsp;Todas as convers\u00f5es ser\u00e3o tratadas pelo sistema.<\/p>\n\n\n\n<figure class=\"wp-block-image\"><img decoding=\"async\" src=\"https:\/\/erpnext.com\/files\/multiple-uoms.png\" alt=\"M\u00faltiplas unidades de medida\"\/><\/figure>\n\n\n\n<h2 class=\"wp-block-heading\">Balan\u00e7o de estoque r\u00e1pido<\/h2>\n\n\n\n<p>Com o relat\u00f3rio r\u00e1pido de saldo de estoque, voc\u00ea pode realizar auditorias de estoque para verificar o estoque no dep\u00f3sito e compar\u00e1-lo com o estoque registrado no sistema.&nbsp;Basta digitalizar um c\u00f3digo de barras com qualquer dispositivo (sem necessidade de leitor de c\u00f3digo de barras!) e come\u00e7ar a contar.<\/p>\n\n\n\n<figure class=\"wp-block-image\"><img decoding=\"async\" src=\"https:\/\/erpnext.com\/files\/quick-stock-balance-report.png\" alt=\"Balan\u00e7o de estoque r\u00e1pido\"\/><\/figure>\n\n\n\n<h2 class=\"wp-block-heading\">Reposi\u00e7\u00e3o de estoque<\/h2>\n\n\n\n<p>Para evitar falta de estoque, acompanhe o n\u00edvel de reabastecimento de um item.&nbsp;Quando o n\u00edvel de estoque ficar abaixo do n\u00edvel de reabastecimento, o ERPNext criar\u00e1 automaticamente uma solicita\u00e7\u00e3o de material.&nbsp;Isso ajuda a reabastecer o estoque exatamente no momento certo e reduz as chances de esgotamento do estoque.<\/p>\n\n\n\n<figure class=\"wp-block-image\"><img decoding=\"async\" src=\"https:\/\/erpnext.com\/files\/automate-stock-replenishment6915b5.png\" alt=\"Reposi\u00e7\u00e3o de estoque\"\/><\/figure>\n\n\n\n<h2 class=\"wp-block-heading\">Personaliza\u00e7\u00f5es instant\u00e2neas<\/h2>\n\n\n\n<p>Crie seu pr\u00f3prio software ERP de fabrica\u00e7\u00e3o em nuvem personalizado.&nbsp;Mapeie seus dados mais importantes adicionando campos personalizados em seus formul\u00e1rios.&nbsp;Personalize o comportamento do formul\u00e1rio buscando valores automaticamente, oculte campos com base nas fun\u00e7\u00f5es do usu\u00e1rio e crie formatos de impress\u00e3o personalizados \u2014 tudo sem uma \u00fanica linha de c\u00f3digo.<\/p>\n\n\n\n<figure class=\"wp-block-image\"><img decoding=\"async\" src=\"https:\/\/erpnext.com\/files\/customize-sales-invoice.png\" alt=\"Personaliza\u00e7\u00f5es instant\u00e2neas\"\/><\/figure>\n\n\n\n<h2 class=\"wp-block-heading\">Excel\u00eancia em fabrica\u00e7\u00e3o em todos os setores<\/h2>\n\n\n\n<h3 class=\"wp-block-heading\">fabricantes de m\u00f3veis<\/h3>\n\n\n\n<p>Transformar designs criativos em belos m\u00f3veis pode ser o seu trabalho di\u00e1rio, mas voc\u00ea precisa de mais do que grande habilidade para administrar um neg\u00f3cio de manufatura bem-sucedido.<\/p>\n\n\n\n<h3 class=\"wp-block-heading\">Fabricantes de Produtos T\u00eaxteis<\/h3>\n\n\n\n<p>Escusado ser\u00e1 dizer que costurar roupas de qualidade n\u00e3o \u00e9 f\u00e1cil.&nbsp;O ERPNext \u00e9 integrado para ajudar a manter sua linha de produ\u00e7\u00e3o t\u00eaxtil com facilidade.<\/p>\n\n\n\n<h3 class=\"wp-block-heading\">Fabricantes de fabrica\u00e7\u00e3o de metal<\/h3>\n\n\n\n<p>Deixe de lado suas planilhas e concentre-se no corte de metal.&nbsp;O ERPNext governa sua fabrica\u00e7\u00e3o para que voc\u00ea possa criar maquin\u00e1rio de corte preciso que resistir\u00e1 ao teste do tempo.<\/p>\n\n\n\n<h3 class=\"wp-block-heading\">Fabricantes de eletr\u00f4nicos<\/h3>\n\n\n\n<p>Desde a serializa\u00e7\u00e3o de acess\u00f3rios eletr\u00f4nicos at\u00e9 o gerenciamento de movimentos de materiais, resolva as complexidades do neg\u00f3cio de eletr\u00f4nicos de forma inteligente.<\/p>\n\n\n\n<h3 class=\"wp-block-heading\">Fabricantes de Produtos de Borracha<\/h3>\n\n\n\n<p>Fabricar produtos de borracha pode ser cansativo.&nbsp;Transforme sua fabrica\u00e7\u00e3o de borracha com nosso ERP que permite que voc\u00ea volte ao trabalho dia ap\u00f3s dia.<\/p>\n\n\n\n<h3 class=\"wp-block-heading\">Fabricantes de produtos pl\u00e1sticos<\/h3>\n\n\n\n<p>Seja usando novos materiais ou processando um grande contrato, controle sua fabrica\u00e7\u00e3o de pl\u00e1stico com planejamento de recursos materiais, ordens de servi\u00e7o e muito mais.<\/p>\n\n\n\n<h3 class=\"wp-block-heading\">Fabricantes de dispositivos m\u00e9dicos<\/h3>\n\n\n\n<p>A \u00faltima coisa que voc\u00ea precisa na fabrica\u00e7\u00e3o de dispositivos m\u00e9dicos \u00e9 mais papelada ou software complexo.&nbsp;Concentre-se na fabrica\u00e7\u00e3o de dispositivos de qualidade enquanto o ERPNext registra todos os seus detalhes na nuvem.<\/p>\n\n\n\n<h3 class=\"wp-block-heading\">Fabricantes de produtos qu\u00edmicos<\/h3>\n\n\n\n<p>Do uso industrial ao uso di\u00e1rio, os produtos qu\u00edmicos s\u00e3o necess\u00e1rios em todos os setores.&nbsp;Gerencie seu neg\u00f3cio de fabrica\u00e7\u00e3o de produtos qu\u00edmicos com uma ferramenta que pode ser formulada para atender a todas as suas necessidades.<\/p>\n\n\n\n<h3 class=\"wp-block-heading\">Fabricantes de Alimentos<\/h3>\n\n\n\n<p>A fabrica\u00e7\u00e3o de alimentos \u00e9 complexa, seja em verifica\u00e7\u00f5es de garantia de qualidade, pre\u00e7os de alimentos em constante mudan\u00e7a ou embalagens ecol\u00f3gicas.&nbsp;O ERPNext ajudar\u00e1 voc\u00ea a vencer a concorr\u00eancia.<\/p>\n\n\n\n<p><\/p>\n\n\n\n<h2 class=\"has-text-align-center wp-block-heading\">ERPNext \u00e9 a melhor solu\u00e7\u00e3o ERP 100% Open Source do mundo<\/h2>\n\n\n\n<p class=\"has-text-align-center\">Software de c\u00f3digo aberto para empresas modernas<\/p>\n\n\n\n<p><\/p>\n\n\n\n<div class=\"wp-block-columns is-layout-flex wp-container-core-columns-is-layout-1 wp-block-columns-is-layout-flex\">\n<div class=\"wp-block-column is-layout-flow wp-block-column-is-layout-flow\">\n<p><img decoding=\"async\" alt=\"\u00cdcone para Contabilidade Financeira\" src=\"https:\/\/erpnext.com\/files\/money-coins.svg\"><\/p>\n\n\n\n<h4 class=\"wp-block-heading\">Contabilidade Financeira<\/h4>\n\n\n\n<p>Obtenha uma vis\u00e3o em tempo real do seu fluxo de caixa.&nbsp;M\u00f3dulo de contabilidade completo que cobre todos os aspectos da contabilidade.<\/p>\n\n\n\n<p><a href=\"https:\/\/nsltecnologia.com.br\/?page_id=55678\">Saiba mais \u2192<\/a><\/p>\n<\/div>\n\n\n\n<div class=\"wp-block-column is-layout-flow wp-block-column-is-layout-flow\">\n<p><img decoding=\"async\" alt=\"\u00cdcone para gerenciamento de pedidos\" src=\"https:\/\/erpnext.com\/files\/Sell.svg\"><\/p>\n\n\n\n<h4 class=\"wp-block-heading\">Gerenciamento de Pedidos<\/h4>\n\n\n\n<p>Aumente a produtividade e reduza os custos gerenciando seus ciclos de vendas e compras, desde a compra at\u00e9 os pedidos de venda<\/p>\n\n\n\n<p><a href=\"https:\/\/nsltecnologia.com.br\/?page_id=55682\">Saiba mais \u2192<\/a><\/p>\n<\/div>\n\n\n\n<div class=\"wp-block-column is-layout-flow wp-block-column-is-layout-flow\">\n<p><img decoding=\"async\" alt=\"\u00cdcone para RH e folha de pagamento\" src=\"https:\/\/erpnext.com\/files\/HR.svg\"><\/p>\n\n\n\n<h4 class=\"wp-block-heading\">RH e folha de pagamento<\/h4>\n\n\n\n<p>Gerencie o ciclo de vida completo do funcion\u00e1rio desde a integra\u00e7\u00e3o, folha de pagamento, atendimento, declara\u00e7\u00f5es de despesas, ativos at\u00e9 a separa\u00e7\u00e3o.<\/p>\n\n\n\n<p><a href=\"https:\/\/nsltecnologia.com.br\/?page_id=55685\">Saiba mais \u2192<\/a><\/p>\n<\/div>\n<\/div>\n\n\n\n<div class=\"wp-block-columns is-layout-flex wp-container-core-columns-is-layout-2 wp-block-columns-is-layout-flex\">\n<div class=\"wp-block-column is-layout-flow wp-block-column-is-layout-flow\">\n<p><img decoding=\"async\" alt=\"\u00cdcone para Manufatura\" src=\"https:\/\/erpnext.com\/files\/Oranisation.svg\"><\/p>\n\n\n\n<h4 class=\"wp-block-heading\">Manufatura<\/h4>\n\n\n\n<p>Mantenha e gerencie com efic\u00e1cia a lista de materiais multin\u00edvel, o planejamento da produ\u00e7\u00e3o, os cart\u00f5es de trabalho e o estoque.<\/p>\n\n\n\n<p><a href=\"https:\/\/nsltecnologia.com.br\/?page_id=55664\">Saiba mais \u2192<\/a><\/p>\n<\/div>\n\n\n\n<div class=\"wp-block-column is-layout-flow wp-block-column-is-layout-flow\">\n<p><img decoding=\"async\" alt=\"\u00cdcone para CRM\" src=\"https:\/\/erpnext.com\/files\/CRM.svg\"><\/p>\n\n\n\n<h4 class=\"wp-block-heading\">CRM<\/h4>\n\n\n\n<p>Conquiste e retenha mais clientes otimizando o processo de vendas.&nbsp;Rastreie leads, oportunidades e envie as cota\u00e7\u00f5es em qualquer lugar.<\/p>\n\n\n\n<p><a href=\"https:\/\/nsltecnologia.com.br\/?page_id=55688\">Saiba mais \u2192<\/a><\/p>\n<\/div>\n\n\n\n<div class=\"wp-block-column is-layout-flow wp-block-column-is-layout-flow\">\n<p><img decoding=\"async\" alt=\"\u00cdcone para Projetos\" src=\"https:\/\/erpnext.com\/files\/Projectss.svg\"><\/p>\n\n\n\n<h4 class=\"wp-block-heading\">Projetos<\/h4>\n\n\n\n<p>Entregue projetos internos e externos dentro do prazo, or\u00e7amento e lucratividade.&nbsp;Rastreie tarefas, quadros de hor\u00e1rios e problemas por projeto.<\/p>\n\n\n\n<p><a href=\"https:\/\/nsltecnologia.com.br\/?page_id=55691\">Saiba mais \u2192<\/a><\/p>\n<\/div>\n<\/div>\n\n\n\n<div class=\"wp-block-columns is-layout-flex wp-container-core-columns-is-layout-3 wp-block-columns-is-layout-flex\">\n<div class=\"wp-block-column is-layout-flow wp-block-column-is-layout-flow\">\n<p><img decoding=\"async\" alt=\"\u00cdcone para Helpdesk\" src=\"https:\/\/erpnext.com\/files\/Support.svg\"><\/p>\n\n\n\n<h4 class=\"wp-block-heading\">Central de Ajuda<\/h4>\n\n\n\n<p>Ofere\u00e7a uma melhor experi\u00eancia de servi\u00e7o com um rastreador de problemas intuitivo e uma base de conhecimento integrada.<\/p>\n\n\n\n<p><a href=\"https:\/\/nsltecnologia.com.br\/?page_id=55705\">Saiba mais \u2192<\/a><\/p>\n<\/div>\n\n\n\n<div class=\"wp-block-column is-layout-flow wp-block-column-is-layout-flow\">\n<p><img decoding=\"async\" alt=\"\u00cdcone para gerenciamento de ativos\" src=\"https:\/\/erpnext.com\/files\/Assets.svg\"><\/p>\n\n\n\n<h4 class=\"wp-block-heading\">Gest\u00e3o de ativos<\/h4>\n\n\n\n<p>Manter e gerenciar detalhes de ativos, sua movimenta\u00e7\u00e3o, ajuste de valor e deprecia\u00e7\u00e3o.<\/p>\n\n\n\n<p><a href=\"https:\/\/nsltecnologia.com.br\/?page_id=55698\">Saiba mais \u2192<\/a><\/p>\n<\/div>\n\n\n\n<div class=\"wp-block-column is-layout-flow wp-block-column-is-layout-flow\">\n<p><img decoding=\"async\" alt=\"\u00edcone para site\" src=\"https:\/\/erpnext.com\/files\/Website.svg\"><\/p>\n\n\n\n<h4 class=\"wp-block-heading\">Site<\/h4>\n\n\n\n<p>O ERPNext vem com gerenciamento de conte\u00fado completo com blogs, p\u00e1ginas da web e formul\u00e1rios.<\/p>\n\n\n\n<p><a href=\"https:\/\/nsltecnologia.com.br\/?page_id=55702\">Saiba mais \u2192<\/a><\/p>\n<\/div>\n<\/div>\n","protected":false},"excerpt":{"rendered":"<p>V\u00e1 al\u00e9m das ferramentas legadas com um software ERP de fabrica\u00e7\u00e3o em nuvem inteligente Um software ERP de fabrica\u00e7\u00e3o em nuvem moderno e de c\u00f3digo aberto que simplifica o ciclo de produ\u00e7\u00e3o, ajuda a rastrear o consumo de material, exibe planejamento de capacidade, lida com subcontrata\u00e7\u00e3o e muito mais! Confi\u00e1vel por empresas em todo o&hellip; <br \/> <a class=\"button small blue\" href=\"https:\/\/nsltecnologia.com.br\/?page_id=55664\">Leia mais<\/a><\/p>\n","protected":false},"author":1,"featured_media":0,"parent":0,"menu_order":0,"comment_status":"closed","ping_status":"closed","template":"","meta":{"_uag_custom_page_level_css":"","footnotes":""},"class_list":["post-55664","page","type-page","status-publish","hentry"],"uagb_featured_image_src":{"full":false,"thumbnail":false,"medium":false,"medium_large":false,"large":false,"1536x1536":false,"2048x2048":false,"post-thumbnail":false,"one-page-express-full-hd":false},"uagb_author_info":{"display_name":"nsl","author_link":"https:\/\/nsltecnologia.com.br\/?author=1"},"uagb_comment_info":0,"uagb_excerpt":"V\u00e1 al\u00e9m das ferramentas legadas com um software ERP de fabrica\u00e7\u00e3o em nuvem inteligente Um software ERP de fabrica\u00e7\u00e3o em nuvem moderno e de c\u00f3digo aberto que simplifica o ciclo de produ\u00e7\u00e3o, ajuda a rastrear o consumo de material, exibe planejamento de capacidade, lida com subcontrata\u00e7\u00e3o e muito mais! Confi\u00e1vel por empresas em todo o&hellip;&hellip;","_links":{"self":[{"href":"https:\/\/nsltecnologia.com.br\/index.php?rest_route=\/wp\/v2\/pages\/55664","targetHints":{"allow":["GET"]}}],"collection":[{"href":"https:\/\/nsltecnologia.com.br\/index.php?rest_route=\/wp\/v2\/pages"}],"about":[{"href":"https:\/\/nsltecnologia.com.br\/index.php?rest_route=\/wp\/v2\/types\/page"}],"author":[{"embeddable":true,"href":"https:\/\/nsltecnologia.com.br\/index.php?rest_route=\/wp\/v2\/users\/1"}],"replies":[{"embeddable":true,"href":"https:\/\/nsltecnologia.com.br\/index.php?rest_route=%2Fwp%2Fv2%2Fcomments&post=55664"}],"version-history":[{"count":3,"href":"https:\/\/nsltecnologia.com.br\/index.php?rest_route=\/wp\/v2\/pages\/55664\/revisions"}],"predecessor-version":[{"id":55738,"href":"https:\/\/nsltecnologia.com.br\/index.php?rest_route=\/wp\/v2\/pages\/55664\/revisions\/55738"}],"wp:attachment":[{"href":"https:\/\/nsltecnologia.com.br\/index.php?rest_route=%2Fwp%2Fv2%2Fmedia&parent=55664"}],"curies":[{"name":"wp","href":"https:\/\/api.w.org\/{rel}","templated":true}]}}