{"id":55659,"date":"2022-12-27T11:25:47","date_gmt":"2022-12-27T14:25:47","guid":{"rendered":"https:\/\/nsltecnologia.com.br\/?page_id=55659"},"modified":"2023-01-09T19:23:39","modified_gmt":"2023-01-09T22:23:39","slug":"erpnext-educacao","status":"publish","type":"page","link":"https:\/\/nsltecnologia.com.br\/?page_id=55659","title":{"rendered":"ERPNext Educa\u00e7\u00e3o"},"content":{"rendered":"\n<h2 class=\"wp-block-heading\">Graus educacionais podem ser complicados, mas seu software n\u00e3o precisa ser.<\/h2>\n\n\n\n<p>O ERPNext \u00e9 um software ERP DIY moderno e de c\u00f3digo aberto para institutos educacionais e escolas.&nbsp;Ele ajuda escolas de qualquer tamanho a gerenciar alunos, professores, cursos e programas acad\u00eamicos com um portal interativo constru\u00eddo em nossa plataforma, tudo pronto para uso.<\/p>\n\n\n\n<h3 class=\"wp-block-heading\">ERP de c\u00f3digo aberto e fa\u00e7a voc\u00ea mesmo para institutos educacionais<\/h3>\n\n\n\n<p>Com iniciativas recentes do governo para fornecer educa\u00e7\u00e3o em todos os cantos do mundo, o futuro da educa\u00e7\u00e3o parece promissor.\u00a0Enquanto isso, com a crescente concorr\u00eancia entre institui\u00e7\u00f5es de ensino e empresas, todos est\u00e3o buscando solu\u00e7\u00f5es de tecnologia empresarial de \u00faltima gera\u00e7\u00e3o. Aumente a produtividade, destaque-se e concentre-se no que importa: acad\u00eamicos.\u00a0<\/p>\n\n\n\n<div class=\"wp-block-columns is-layout-flex wp-container-core-columns-is-layout-1 wp-block-columns-is-layout-flex\">\n<div class=\"wp-block-column is-layout-flow wp-block-column-is-layout-flow\">\n<p>O ERPNext \u00e9 uma solu\u00e7\u00e3o de c\u00f3digo aberto para gerenciamento de informa\u00e7\u00f5es de alunos, gerenciamento de funcion\u00e1rios e despesas que pode ajud\u00e1-lo a manter todas as informa\u00e7\u00f5es cr\u00edticas em um sistema integrado.<\/p>\n<\/div>\n\n\n\n<div class=\"wp-block-column is-layout-flow wp-block-column-is-layout-flow\">\n<figure class=\"wp-block-image\"><img decoding=\"async\" src=\"https:\/\/erpnext.com\/files\/education.jpg\" alt=\"ERP educacional de c\u00f3digo aberto\"\/><\/figure>\n<\/div>\n<\/div>\n\n\n\n<div style=\"height:36px\" aria-hidden=\"true\" class=\"wp-block-spacer\"><\/div>\n\n\n\n<h3 class=\"wp-block-heading\">Estudantes Candidatos<\/h3>\n\n\n\n<p>Gerencie aplicativos para todos os seus programas em um s\u00f3 lugar.&nbsp;Depois que um aluno se inscreve em seu programa, voc\u00ea pode criar um registro de aluno candidato.&nbsp;Se voc\u00ea aprovar o aluno, poder\u00e1 adicion\u00e1-lo ao seu cadastro de alunos e come\u00e7ar a envi\u00e1-lo por e-mail a partir do ERPNext.<\/p>\n\n\n\n<figure class=\"wp-block-image\"><img decoding=\"async\" src=\"https:\/\/erpnext.com\/files\/education-student-applications.png\" alt=\"Estudantes Candidatos\"\/><\/figure>\n\n\n\n<div style=\"height:36px\" aria-hidden=\"true\" class=\"wp-block-spacer\"><\/div>\n\n\n\n<h3 class=\"wp-block-heading\">Informa\u00e7\u00f5es do Aluno<\/h3>\n\n\n\n<p>O tipo de documento Aluno mant\u00e9m detalhes como informa\u00e7\u00f5es pessoais, foto, data de nascimento e endere\u00e7o.&nbsp;Ele tamb\u00e9m registra o tutor do aluno e quaisquer irm\u00e3os.&nbsp;Voc\u00ea tamb\u00e9m pode anexar documentos como foto do aluno, certificados educacionais e muito mais!<\/p>\n\n\n\n<figure class=\"wp-block-image\"><img decoding=\"async\" src=\"https:\/\/erpnext.com\/files\/education-student.png\" alt=\"Informa\u00e7\u00f5es do Aluno\"\/><\/figure>\n\n\n\n<div style=\"height:36px\" aria-hidden=\"true\" class=\"wp-block-spacer\"><\/div>\n\n\n\n<h3 class=\"wp-block-heading\">Armazenamento de documentos<\/h3>\n\n\n\n<p>Com toda a documenta\u00e7\u00e3o externa na educa\u00e7\u00e3o, \u00e9 crucial que todos possam encontrar e acessar documentos importantes para cada aluno.&nbsp;O ERPNext permite carregar e compartilhar arquivos multim\u00eddia (como imagens, v\u00eddeos, documentos).&nbsp;Voc\u00ea pode optar por carregar os arquivos diretamente ou usar um link da web.<\/p>\n\n\n\n<figure class=\"wp-block-image\"><img decoding=\"async\" src=\"https:\/\/erpnext.com\/files\/education-documents-storage.png\" alt=\"Armazenamento de documentos\"\/><\/figure>\n\n\n\n<div style=\"height:36px\" aria-hidden=\"true\" class=\"wp-block-spacer\"><\/div>\n\n\n\n<h3 class=\"wp-block-heading\">Instrutores<\/h3>\n\n\n\n<p>No ERPNext, voc\u00ea pode definir um cronograma de curso (incluindo datas de aula e n\u00fameros de sala) e vincul\u00e1-lo ao instrutor e alunos apropriados.&nbsp;Ao criar o plano de avalia\u00e7\u00e3o para um grupo de alunos, voc\u00ea tamb\u00e9m pode vincular um instrutor como examinador ou supervisor dessa avalia\u00e7\u00e3o.<\/p>\n\n\n\n<figure class=\"wp-block-image\"><img decoding=\"async\" src=\"https:\/\/erpnext.com\/files\/education-instructor.png\" alt=\"Instrutores\"\/><\/figure>\n\n\n\n<div style=\"height:36px\" aria-hidden=\"true\" class=\"wp-block-spacer\"><\/div>\n\n\n\n<h3 class=\"wp-block-heading\">Inscri\u00e7\u00e3o no Programa<\/h3>\n\n\n\n<p>Inscri\u00e7\u00e3o no Programa \u00e9 o registro de matr\u00edcula do aluno e os cursos escolhidos para um determinado ano acad\u00eamico e (opcionalmente) per\u00edodo acad\u00eamico.&nbsp;Se um aluno estiver matriculado em um programa, voc\u00ea poder\u00e1 criar sua inscri\u00e7\u00e3o no programa.&nbsp;As disciplinas obrigat\u00f3rias desse programa ser\u00e3o preenchidas automaticamente na tabela Disciplinas Matriculadas do aluno, enquanto as optativas ou optativas poder\u00e3o ser selecionadas manualmente.<\/p>\n\n\n\n<p><img loading=\"lazy\" decoding=\"async\" alt=\"ERP Open Source Education \u2013 Programa de Matr\u00edcula de Aluno\" src=\"https:\/\/erpnext.com\/files\/education-program-enrollment.png\" width=\"1280\" height=\"799\"><\/p>\n\n\n\n<div style=\"height:36px\" aria-hidden=\"true\" class=\"wp-block-spacer\"><\/div>\n\n\n\n<h3 class=\"wp-block-heading\">Programas e Cursos<\/h3>\n\n\n\n<p>Com o ERPNext, \u00e9 f\u00e1cil configurar seus pr\u00f3prios programas educacionais \u2014 o progresso do aprendizado de cada disciplina em todas as etapas da educa\u00e7\u00e3o formal.&nbsp;Voc\u00ea pode incluir cursos ou disciplinas eletivas em um programa e pode at\u00e9 definir cursos como obrigat\u00f3rios.&nbsp;Digite um c\u00f3digo exclusivo para cada programa e voc\u00ea tamb\u00e9m pode vincular cada programa ao seu departamento.<\/p>\n\n\n\n<figure class=\"wp-block-image\"><img decoding=\"async\" src=\"https:\/\/erpnext.com\/files\/education-program-courses.png\" alt=\"Programas e Cursos\"\/><\/figure>\n\n\n\n<div style=\"height:36px\" aria-hidden=\"true\" class=\"wp-block-spacer\"><\/div>\n\n\n\n<h3 class=\"wp-block-heading\">Frequ\u00eancia do Aluno<\/h3>\n\n\n\n<p>Nosso doctype de Atendimento permite que voc\u00ea acompanhe e gerencie o comparecimento de cada aluno, todos os dias a qualquer hora.&nbsp;O m\u00f3dulo de Frequ\u00eancia foi projetado para ajudar os professores a marcar facilmente a frequ\u00eancia dos alunos durante as aulas.&nbsp;A Ferramenta de Frequ\u00eancia do Aluno permite que os instrutores marquem a frequ\u00eancia dos alunos mais rapidamente com caixas de sele\u00e7\u00e3o simples, enquanto o sistema cria os registros de frequ\u00eancia correspondentes no back-end.&nbsp;\u00c9 a gest\u00e3o de assiduidade simplificada.<\/p>\n\n\n\n<figure class=\"wp-block-image\"><img decoding=\"async\" src=\"https:\/\/erpnext.com\/files\/education-student-attendance.png\" alt=\"Frequ\u00eancia do Aluno\"\/><\/figure>\n\n\n\n<div style=\"height:36px\" aria-hidden=\"true\" class=\"wp-block-spacer\"><\/div>\n\n\n\n<h3 class=\"wp-block-heading\">Taxas estudantis<\/h3>\n\n\n\n<p>Manter um registro das taxas cobradas dos alunos.&nbsp;Antes de cobrar taxas, a Estrutura de Taxas deve ser criada.&nbsp;Pode incluir v\u00e1rias categorias, como tutoriais em sala de aula, visita industrial e acomoda\u00e7\u00e3o.&nbsp;Essa estrutura \u00e9 baseada no programa selecionado e no per\u00edodo acad\u00eamico.&nbsp;Os detalhes do aluno e uma estrutura detalhada de taxas estar\u00e3o dispon\u00edveis no m\u00f3dulo Fee.&nbsp;Voc\u00ea tamb\u00e9m pode obter detalhes do valor pago e do valor pendente.<\/p>\n\n\n\n<figure class=\"wp-block-image\"><img decoding=\"async\" src=\"https:\/\/erpnext.com\/files\/education-fees.png\" alt=\"Taxas estudantis\"\/><\/figure>\n\n\n\n<div style=\"height:36px\" aria-hidden=\"true\" class=\"wp-block-spacer\"><\/div>\n\n\n\n<h3 class=\"wp-block-heading\">Plano de Avalia\u00e7\u00e3o<\/h3>\n\n\n\n<p>Precisa agendar uma avalia\u00e7\u00e3o ou exame para um grupo de alunos, para um curso espec\u00edfico?&nbsp;Basta criar um Plano de Avalia\u00e7\u00e3o.&nbsp;Com este tipo de documento, voc\u00ea pode capturar detalhes como grupo de alunos, escala de notas, crit\u00e9rios de avalia\u00e7\u00e3o, examinador, supervisor e muito mais!&nbsp;Crie seus planos de avalia\u00e7\u00e3o no ERPNext e veja os resultados serem gerados facilmente com nossa Ferramenta de Resultados de Avalia\u00e7\u00e3o.<\/p>\n\n\n\n<figure class=\"wp-block-image\"><img decoding=\"async\" src=\"https:\/\/erpnext.com\/files\/education-assessment-plan.png\" alt=\"Plano de Avalia\u00e7\u00e3o\"\/><\/figure>\n\n\n\n<div style=\"height:36px\" aria-hidden=\"true\" class=\"wp-block-spacer\"><\/div>\n\n\n\n<h3 class=\"wp-block-heading\">Sistema de Gerenciamento de Aprendizagem (LMS)<\/h3>\n\n\n\n<p>O m\u00f3dulo de Educa\u00e7\u00e3o do ERPNext vem com um Sistema de Gest\u00e3o de Aprendizagem (LMS) pronto para uso.&nbsp;Isso permite que os institutos publiquem seus programas em seu site.&nbsp;Os programas podem conter artigos em rich text, v\u00eddeos e at\u00e9 question\u00e1rios.&nbsp;O progresso dos alunos pode ser acompanhado tanto pela mesa quanto pelo portal.&nbsp;O LMS \u00e9 desativado por padr\u00e3o e pode ser ativado nas Configura\u00e7\u00f5es de educa\u00e7\u00e3o.<\/p>\n\n\n\n<div style=\"height:36px\" aria-hidden=\"true\" class=\"wp-block-spacer\"><\/div>\n\n\n\n<h3 class=\"wp-block-heading\">Personaliza\u00e7\u00f5es instant\u00e2neas<\/h3>\n\n\n\n<p>Crie seu pr\u00f3prio software educacional.&nbsp;Mapeie os dados de seu interesse adicionando campos personalizados em seus formul\u00e1rios.&nbsp;Em seguida, personalize o comportamento do formul\u00e1rio buscando valores automaticamente, oculte campos com base nas fun\u00e7\u00f5es do usu\u00e1rio e crie formatos de impress\u00e3o personalizados \u2014 tudo sem uma \u00fanica linha de c\u00f3digo.<\/p>\n\n\n\n<figure class=\"wp-block-image\"><img decoding=\"async\" src=\"https:\/\/erpnext.com\/files\/education-customize.png\" alt=\"Personaliza\u00e7\u00f5es instant\u00e2neas\"\/><\/figure>\n\n\n\n<div style=\"height:36px\" aria-hidden=\"true\" class=\"wp-block-spacer\"><\/div>\n\n\n\n<h3 class=\"wp-block-heading\">Autointegra\u00e7\u00e3o e implementa\u00e7\u00e3o<\/h3>\n\n\n\n<p>Todas as ferramentas de que voc\u00ea precisa para alcan\u00e7ar a excel\u00eancia fazem parte do primeiro ERP DIY inteligente do mundo.&nbsp;Transforme sua organiza\u00e7\u00e3o com excelente documenta\u00e7\u00e3o e tutoriais em v\u00eddeo que facilitam uma implementa\u00e7\u00e3o de ERP super r\u00e1pida e sem toque.<\/p>\n\n\n\n<figure class=\"wp-block-image\"><img decoding=\"async\" src=\"https:\/\/erpnext.com\/files\/education-docs.png\" alt=\"Autointegra\u00e7\u00e3o e implementa\u00e7\u00e3o\"\/><\/figure>\n\n\n\n<div style=\"height:36px\" aria-hidden=\"true\" class=\"wp-block-spacer\"><\/div>\n\n\n\n<h3 class=\"has-text-align-center wp-block-heading\">ERPNext \u00e9 a melhor solu\u00e7\u00e3o ERP 100% Open Source do mundo<\/h3>\n\n\n\n<p class=\"has-text-align-center\">Software de c\u00f3digo aberto para empresas modernas<\/p>\n\n\n\n<div style=\"height:36px\" aria-hidden=\"true\" class=\"wp-block-spacer\"><\/div>\n\n\n\n<div class=\"wp-block-columns is-layout-flex wp-container-core-columns-is-layout-2 wp-block-columns-is-layout-flex\">\n<div class=\"wp-block-column is-layout-flow wp-block-column-is-layout-flow\">\n<p><img decoding=\"async\" alt=\"\u00cdcone para Contabilidade Financeira\" src=\"https:\/\/erpnext.com\/files\/money-coins.svg\"><\/p>\n\n\n\n<h4 class=\"wp-block-heading\">Contabilidade Financeira<\/h4>\n\n\n\n<p>Obtenha uma vis\u00e3o em tempo real do seu fluxo de caixa.&nbsp;M\u00f3dulo de contabilidade completo que cobre todos os aspectos da contabilidade.<\/p>\n\n\n\n<p><a href=\"https:\/\/nsltecnologia.com.br\/?page_id=55678\">Saiba mais \u2192<\/a><\/p>\n<\/div>\n\n\n\n<div class=\"wp-block-column is-layout-flow wp-block-column-is-layout-flow\">\n<p><img decoding=\"async\" alt=\"\u00cdcone para gerenciamento de pedidos\" src=\"https:\/\/erpnext.com\/files\/Sell.svg\"><\/p>\n\n\n\n<h4 class=\"wp-block-heading\">Gerenciamento de Pedidos<\/h4>\n\n\n\n<p>Aumente a produtividade e reduza os custos gerenciando seus ciclos de vendas e compras, desde a compra at\u00e9 os pedidos de venda<\/p>\n\n\n\n<p><a href=\"https:\/\/nsltecnologia.com.br\/?page_id=55682\">Saiba mais \u2192<\/a><\/p>\n<\/div>\n\n\n\n<div class=\"wp-block-column is-layout-flow wp-block-column-is-layout-flow\">\n<p><img decoding=\"async\" alt=\"\u00cdcone para RH e folha de pagamento\" src=\"https:\/\/erpnext.com\/files\/HR.svg\"><\/p>\n\n\n\n<h4 class=\"wp-block-heading\">RH e folha de pagamento<\/h4>\n\n\n\n<p>Gerencie o ciclo de vida completo do funcion\u00e1rio desde a integra\u00e7\u00e3o, folha de pagamento, atendimento, declara\u00e7\u00f5es de despesas, ativos at\u00e9 a separa\u00e7\u00e3o.<\/p>\n\n\n\n<p><a href=\"https:\/\/nsltecnologia.com.br\/?page_id=55685\">Saiba mais \u2192<\/a><\/p>\n<\/div>\n<\/div>\n\n\n\n<div class=\"wp-block-columns is-layout-flex wp-container-core-columns-is-layout-3 wp-block-columns-is-layout-flex\">\n<div class=\"wp-block-column is-layout-flow wp-block-column-is-layout-flow\">\n<p><img decoding=\"async\" alt=\"\u00cdcone para Manufatura\" src=\"https:\/\/erpnext.com\/files\/Oranisation.svg\"><\/p>\n\n\n\n<h4 class=\"wp-block-heading\">Manufatura<\/h4>\n\n\n\n<p>Mantenha e gerencie com efic\u00e1cia a lista de materiais multin\u00edvel, o planejamento da produ\u00e7\u00e3o, os cart\u00f5es de trabalho e o estoque.<\/p>\n\n\n\n<p><a href=\"https:\/\/nsltecnologia.com.br\/?page_id=55664\">Saiba mais \u2192<\/a><\/p>\n<\/div>\n\n\n\n<div class=\"wp-block-column is-layout-flow wp-block-column-is-layout-flow\">\n<p><img decoding=\"async\" alt=\"\u00cdcone para CRM\" src=\"https:\/\/erpnext.com\/files\/CRM.svg\"><\/p>\n\n\n\n<h4 class=\"wp-block-heading\">CRM<\/h4>\n\n\n\n<p>Conquiste e retenha mais clientes otimizando o processo de vendas.&nbsp;Rastreie leads, oportunidades e envie as cota\u00e7\u00f5es em qualquer lugar.<\/p>\n\n\n\n<p><a href=\"https:\/\/nsltecnologia.com.br\/?page_id=55688\">Saiba mais \u2192<\/a><\/p>\n<\/div>\n\n\n\n<div class=\"wp-block-column is-layout-flow wp-block-column-is-layout-flow\">\n<p><img decoding=\"async\" alt=\"\u00cdcone para Projetos\" src=\"https:\/\/erpnext.com\/files\/Projectss.svg\"><\/p>\n\n\n\n<h4 class=\"wp-block-heading\">Projetos<\/h4>\n\n\n\n<p>Entregue projetos internos e externos dentro do prazo, or\u00e7amento e lucratividade.&nbsp;Rastreie tarefas, quadros de hor\u00e1rios e problemas por projeto.<\/p>\n\n\n\n<p><a href=\"https:\/\/nsltecnologia.com.br\/?page_id=55691\">Saiba mais \u2192<\/a><\/p>\n<\/div>\n<\/div>\n\n\n\n<div class=\"wp-block-columns is-layout-flex wp-container-core-columns-is-layout-4 wp-block-columns-is-layout-flex\">\n<div class=\"wp-block-column is-layout-flow wp-block-column-is-layout-flow\">\n<p><img decoding=\"async\" alt=\"\u00cdcone para Helpdesk\" src=\"https:\/\/erpnext.com\/files\/Support.svg\"><\/p>\n\n\n\n<h4 class=\"wp-block-heading\">Central de Ajuda<\/h4>\n\n\n\n<p>Ofere\u00e7a uma melhor experi\u00eancia de servi\u00e7o com um rastreador de problemas intuitivo e uma base de conhecimento integrada.<\/p>\n\n\n\n<p><a href=\"https:\/\/nsltecnologia.com.br\/?page_id=55705\">Saiba mais \u2192<\/a><\/p>\n<\/div>\n\n\n\n<div class=\"wp-block-column is-layout-flow wp-block-column-is-layout-flow\">\n<p><img decoding=\"async\" alt=\"\u00cdcone para gerenciamento de ativos\" src=\"https:\/\/erpnext.com\/files\/Assets.svg\"><\/p>\n\n\n\n<h4 class=\"wp-block-heading\">Gest\u00e3o de ativos<\/h4>\n\n\n\n<p>Manter e gerenciar detalhes de ativos, sua movimenta\u00e7\u00e3o, ajuste de valor e deprecia\u00e7\u00e3o.<\/p>\n\n\n\n<p><a href=\"https:\/\/nsltecnologia.com.br\/?page_id=55698\">Saiba mais \u2192<\/a><\/p>\n<\/div>\n\n\n\n<div class=\"wp-block-column is-layout-flow wp-block-column-is-layout-flow\">\n<p><img decoding=\"async\" alt=\"\u00edcone para site\" src=\"https:\/\/erpnext.com\/files\/Website.svg\"><\/p>\n\n\n\n<h4 class=\"wp-block-heading\">Site<\/h4>\n\n\n\n<p>O ERPNext vem com gerenciamento de conte\u00fado completo com blogs, p\u00e1ginas da web e formul\u00e1rios.<\/p>\n\n\n\n<p><a href=\"https:\/\/nsltecnologia.com.br\/?page_id=55702\">Saiba mais \u2192<\/a><\/p>\n<\/div>\n<\/div>\n","protected":false},"excerpt":{"rendered":"<p>Graus educacionais podem ser complicados, mas seu software n\u00e3o precisa ser. O ERPNext \u00e9 um software ERP DIY moderno e de c\u00f3digo aberto para institutos educacionais e escolas.&nbsp;Ele ajuda escolas de qualquer tamanho a gerenciar alunos, professores, cursos e programas acad\u00eamicos com um portal interativo constru\u00eddo em nossa plataforma, tudo pronto para uso. ERP de&hellip; <br \/> <a class=\"button small blue\" href=\"https:\/\/nsltecnologia.com.br\/?page_id=55659\">Leia mais<\/a><\/p>\n","protected":false},"author":1,"featured_media":0,"parent":0,"menu_order":0,"comment_status":"closed","ping_status":"closed","template":"","meta":{"_uag_custom_page_level_css":"","footnotes":""},"class_list":["post-55659","page","type-page","status-publish","hentry"],"uagb_featured_image_src":{"full":false,"thumbnail":false,"medium":false,"medium_large":false,"large":false,"1536x1536":false,"2048x2048":false,"post-thumbnail":false,"one-page-express-full-hd":false},"uagb_author_info":{"display_name":"nsl","author_link":"https:\/\/nsltecnologia.com.br\/?author=1"},"uagb_comment_info":0,"uagb_excerpt":"Graus educacionais podem ser complicados, mas seu software n\u00e3o precisa ser. O ERPNext \u00e9 um software ERP DIY moderno e de c\u00f3digo aberto para institutos educacionais e escolas.&nbsp;Ele ajuda escolas de qualquer tamanho a gerenciar alunos, professores, cursos e programas acad\u00eamicos com um portal interativo constru\u00eddo em nossa plataforma, tudo pronto para uso. ERP de&hellip;&hellip;","_links":{"self":[{"href":"https:\/\/nsltecnologia.com.br\/index.php?rest_route=\/wp\/v2\/pages\/55659","targetHints":{"allow":["GET"]}}],"collection":[{"href":"https:\/\/nsltecnologia.com.br\/index.php?rest_route=\/wp\/v2\/pages"}],"about":[{"href":"https:\/\/nsltecnologia.com.br\/index.php?rest_route=\/wp\/v2\/types\/page"}],"author":[{"embeddable":true,"href":"https:\/\/nsltecnologia.com.br\/index.php?rest_route=\/wp\/v2\/users\/1"}],"replies":[{"embeddable":true,"href":"https:\/\/nsltecnologia.com.br\/index.php?rest_route=%2Fwp%2Fv2%2Fcomments&post=55659"}],"version-history":[{"count":5,"href":"https:\/\/nsltecnologia.com.br\/index.php?rest_route=\/wp\/v2\/pages\/55659\/revisions"}],"predecessor-version":[{"id":56031,"href":"https:\/\/nsltecnologia.com.br\/index.php?rest_route=\/wp\/v2\/pages\/55659\/revisions\/56031"}],"wp:attachment":[{"href":"https:\/\/nsltecnologia.com.br\/index.php?rest_route=%2Fwp%2Fv2%2Fmedia&parent=55659"}],"curies":[{"name":"wp","href":"https:\/\/api.w.org\/{rel}","templated":true}]}}