{"id":55653,"date":"2022-12-27T11:08:27","date_gmt":"2022-12-27T14:08:27","guid":{"rendered":"https:\/\/nsltecnologia.com.br\/?page_id=55653"},"modified":"2022-12-27T13:09:37","modified_gmt":"2022-12-27T16:09:37","slug":"erpnext-servicos","status":"publish","type":"page","link":"https:\/\/nsltecnologia.com.br\/?page_id=55653","title":{"rendered":"ERPNext Servi\u00e7os"},"content":{"rendered":"\n<h1 class=\"wp-block-heading\">Venda servi\u00e7os de forma eficiente com o melhor ERP para o setor de servi\u00e7os<\/h1>\n\n\n\n<p>Administre melhor o seu neg\u00f3cio de servi\u00e7os com o ERPNext.&nbsp;Conhe\u00e7a seus leads e clientes, configure planos de assinatura para seus servi\u00e7os, crie relacionamento com clientes regulares usando um programa de fidelidade, gerencie e fature v\u00e1rios projetos, defina cronogramas de manuten\u00e7\u00e3o e visitas e muito mais.<\/p>\n\n\n\n<h2 class=\"wp-block-heading\">Gerencie seus clientes<\/h2>\n\n\n\n<p>Atribua gerentes de contas dedicados, IDs fiscais e categorias de impostos para c\u00e1lculos autom\u00e1ticos de impostos.&nbsp;Use moedas diferentes para seus clientes no exterior e as taxas de c\u00e2mbio ser\u00e3o calculadas automaticamente.<br><br>Armazene v\u00e1rios contatos, e-mails e n\u00fameros de telefone de um cliente.&nbsp;Defina um limite de cr\u00e9dito para os clientes para evitar novas vendas para clientes com uma conta grande.&nbsp;Configure um programa de fidelidade para criar relacionamento com seus clientes.<\/p>\n\n\n\n<p><img loading=\"lazy\" decoding=\"async\" alt=\"Software ERP de Servi\u00e7os de C\u00f3digo Aberto - Cliente\" src=\"https:\/\/erpnext.com\/files\/services-customer.png\" width=\"1177\" height=\"680\"><\/p>\n\n\n\n<h2 class=\"wp-block-heading\">Campanhas<\/h2>\n\n\n\n<p>A aquisi\u00e7\u00e3o de clientes pode ser dif\u00edcil, especialmente quando voc\u00ea est\u00e1 come\u00e7ando.&nbsp;Com o recurso Campanha do ERPNext, voc\u00ea pode enviar e-mails para v\u00e1rios leads e gerenciar cada segmento separadamente.<\/p>\n\n\n\n<figure class=\"wp-block-image\"><img decoding=\"async\" src=\"https:\/\/erpnext.com\/files\/services-campaign.png\" alt=\"Campanhas\"\/><\/figure>\n\n\n\n<h2 class=\"wp-block-heading\">Inscri\u00e7\u00e3o<\/h2>\n\n\n\n<p>Configure diferentes planos de assinatura e atribua-os aos clientes.&nbsp;Defina um per\u00edodo de avalia\u00e7\u00e3o para suas assinaturas.&nbsp;Impostos e descontos tamb\u00e9m podem ser adicionados \u00e0s suas assinaturas, como qualquer outro item regular.&nbsp;As assinaturas podem ser repetidas em intervalos variados, diariamente, mensalmente ou uma vez a cada poucos anos.&nbsp;Ap\u00f3s o teste, as faturas ser\u00e3o geradas automaticamente.<\/p>\n\n\n\n<figure class=\"wp-block-image\"><img decoding=\"async\" src=\"https:\/\/erpnext.com\/files\/services-subscription.png\" alt=\"Inscri\u00e7\u00e3o\"\/><\/figure>\n\n\n\n<h2 class=\"wp-block-heading\">Gerenciamento de Projetos<\/h2>\n\n\n\n<p>Gerenciar projetos internos e externos com efici\u00eancia.&nbsp;Faturar seus clientes para os funcion\u00e1rios que voc\u00ea enviou para seu site usando o recurso Time Sheets.&nbsp;Crie e monitore tarefas para manter seus funcion\u00e1rios atentos durante projetos importantes.<br><br>Os gr\u00e1ficos de Gantt e os quadros Kanban ajudam voc\u00ea a rastrear e visualizar tarefas para uma vis\u00e3o hol\u00edstica r\u00e1pida e f\u00e1cil de seu progresso.<\/p>\n\n\n\n<p><img loading=\"lazy\" decoding=\"async\" alt=\"Software ERP de servi\u00e7os de c\u00f3digo aberto - gerenciamento de projetos\" src=\"https:\/\/erpnext.com\/files\/services-task-gantt.png\" width=\"1200\" height=\"679\"><\/p>\n\n\n\n<h2 class=\"wp-block-heading\">Central de Ajuda<\/h2>\n\n\n\n<p>Normalmente, uma empresa de servi\u00e7os ter\u00e1 mais problemas do que uma empresa de produtos.&nbsp;Entendemos isso, ent\u00e3o criamos muitos recursos para organizar e gerenciar os problemas recebidos.<br><br>Com recursos como &#8216;Anexar a&#8217;, os problemas s\u00e3o criados automaticamente no ERPNext quando os clientes enviam problemas por e-mail para um endere\u00e7o de e-mail configurado.&nbsp;Classifique os problemas por leads, projetos ou empresas.&nbsp;Registre a qualidade com informa\u00e7\u00f5es como minutos para a primeira resposta e acordo de n\u00edvel de servi\u00e7o.<\/p>\n\n\n\n<p><img loading=\"lazy\" decoding=\"async\" alt=\"Software de ERP de servi\u00e7os de c\u00f3digo aberto - Help Desk\" src=\"https:\/\/erpnext.com\/files\/service-issue.png\" width=\"1177\" height=\"680\"><\/p>\n\n\n\n<h2 class=\"wp-block-heading\">Acordo de n\u00edvel de servi\u00e7o<\/h2>\n\n\n\n<p>Oferecer solu\u00e7\u00f5es r\u00e1pidas e de qualidade para os problemas que chegam n\u00e3o \u00e9 f\u00e1cil.&nbsp;\u00c9 por isso que temos um recurso de acordo de n\u00edvel de servi\u00e7o para ajud\u00e1-lo a definir e aderir aos padr\u00f5es e manter seus clientes satisfeitos.<br><br>Com os n\u00edveis de servi\u00e7o medindo o tempo para responder e resolver, voc\u00ea pode definir metas e tomar as medidas apropriadas para garantir a satisfa\u00e7\u00e3o dos clientes.&nbsp;Os SLAs podem ser aplicados automaticamente a novos problemas recebidos.&nbsp;O hor\u00e1rio de suporte tamb\u00e9m pode ser definido para comunicar adequadamente as expectativas com seus clientes.<\/p>\n\n\n\n<p><img loading=\"lazy\" decoding=\"async\" alt=\"Software ERP de servi\u00e7os de c\u00f3digo aberto - SLA\" src=\"https:\/\/erpnext.com\/files\/service-sla.png\" width=\"1177\" height=\"684\"><\/p>\n\n\n\n<h2 class=\"wp-block-heading\">Registrar reivindica\u00e7\u00f5es de garantia<\/h2>\n\n\n\n<p>Registre e gerencie facilmente contratos de garantia e manuten\u00e7\u00e3o anual para diferentes itens serializados vendidos a clientes.&nbsp;Com o invent\u00e1rio serializado, voc\u00ea pode saber exatamente quais unidades est\u00e3o dentro ou fora da garantia\/AMC.<br><br>Para reivindica\u00e7\u00f5es v\u00e1lidas, defina a resolu\u00e7\u00e3o e os detalhes do cliente.&nbsp;Se um item for grande ou instalado no local do cliente, isso pode ser resolvido com o recurso Visitas de manuten\u00e7\u00e3o.<\/p>\n\n\n\n<figure class=\"wp-block-image\"><img decoding=\"async\" src=\"https:\/\/erpnext.com\/files\/services-warranty.png\" alt=\"Registrar reivindica\u00e7\u00f5es de garantia\"\/><\/figure>\n\n\n\n<h2 class=\"wp-block-heading\">Visita de manuten\u00e7\u00e3o<\/h2>\n\n\n\n<p>Quando um item n\u00e3o pode ser levado ao seu centro ou voc\u00ea precisa consert\u00e1-lo no local do cliente, as visitas de manuten\u00e7\u00e3o s\u00e3o absolutamente necess\u00e1rias.&nbsp;Registre o andamento das visitas, agendadas ou n\u00e3o agendadas.&nbsp;Registre a pessoa que realizou a visita e o trabalho realizado.<\/p>\n\n\n\n<p><img loading=\"lazy\" decoding=\"async\" alt=\"Software ERP de servi\u00e7os de c\u00f3digo aberto - Manuten\u00e7\u00e3o\" src=\"https:\/\/erpnext.com\/files\/services-mvisit.png\" width=\"1177\" height=\"644\"><\/p>\n\n\n\n<h2 class=\"wp-block-heading\">Cronograma de manuten\u00e7\u00e3o<\/h2>\n\n\n\n<p>Com um contrato de manuten\u00e7\u00e3o anual, s\u00e3o necess\u00e1rias visitas regulares de manuten\u00e7\u00e3o para manter o servi\u00e7o em funcionamento no lado do cliente.&nbsp;Registre essas visitas facilmente com programa\u00e7\u00f5es de manuten\u00e7\u00e3o.&nbsp;Com per\u00edodos predefinidos, a programa\u00e7\u00e3o pode ser gerada automaticamente.<\/p>\n\n\n\n<figure class=\"wp-block-image\"><img decoding=\"async\" src=\"https:\/\/erpnext.com\/files\/services-mschedule.png\" alt=\"Cronograma de manuten\u00e7\u00e3o\"\/><\/figure>\n\n\n\n<h2 class=\"wp-block-heading\">Contabilidade em v\u00e1rias moedas<\/h2>\n\n\n\n<p>Gerenciar transa\u00e7\u00f5es em diferentes moedas \u00e9 simples com nosso software ERP.&nbsp;Envie faturas e adicione despesas em qualquer moeda e deixe o sistema convert\u00ea-las para sua moeda base.&nbsp;Voc\u00ea pode at\u00e9 ver transa\u00e7\u00f5es financeiras e relat\u00f3rios em v\u00e1rias moedas.<\/p>\n\n\n\n<figure class=\"wp-block-image\"><img decoding=\"async\" src=\"https:\/\/erpnext.com\/files\/multi-currency-accounting387fe5.png\" alt=\"Contabilidade em v\u00e1rias moedas\"\/><\/figure>\n\n\n\n<h2 class=\"wp-block-heading\">Faturamento e pre\u00e7os<\/h2>\n\n\n\n<p>Lide com o ciclo de vida do faturamento da assinatura do cliente de ponta a ponta.&nbsp;Faturar seus clientes e buscar pagamentos a receber facilmente, com solicita\u00e7\u00f5es de pagamento e notifica\u00e7\u00f5es por e-mail ou lembretes por SMS.&nbsp;Crie modelos de impress\u00e3o personalizados para contas (usando Jinja ou HTML) e configure padr\u00f5es rapidamente.<\/p>\n\n\n\n<figure class=\"wp-block-image\"><img decoding=\"async\" src=\"https:\/\/erpnext.com\/files\/billing-sales-invoice.png\" alt=\"Faturamento e pre\u00e7os\"\/><\/figure>\n\n\n\n<h2 class=\"wp-block-heading\">Personaliza\u00e7\u00f5es instant\u00e2neas<\/h2>\n\n\n\n<p>Crie seu pr\u00f3prio software ERP de servi\u00e7os.&nbsp;Mapeie os dados de seu interesse adicionando campos personalizados em seus formul\u00e1rios.&nbsp;Em seguida, personalize o comportamento do formul\u00e1rio buscando valores automaticamente, oculte campos com base nas fun\u00e7\u00f5es do usu\u00e1rio e crie formatos de impress\u00e3o personalizados \u2014 tudo sem uma \u00fanica linha de c\u00f3digo.<\/p>\n\n\n\n<figure class=\"wp-block-image\"><img decoding=\"async\" src=\"https:\/\/erpnext.com\/files\/services-customize.png\" alt=\"Personaliza\u00e7\u00f5es instant\u00e2neas\"\/><\/figure>\n\n\n\n<p><\/p>\n\n\n\n<h3 class=\"has-text-align-center wp-block-heading\">ERPNext \u00e9 a melhor solu\u00e7\u00e3o ERP 100% Open Source do mundo<\/h3>\n\n\n\n<p class=\"has-text-align-center\">Software de c\u00f3digo aberto para empresas modernas<\/p>\n\n\n\n<p><\/p>\n\n\n\n<div class=\"wp-block-columns is-layout-flex wp-container-core-columns-is-layout-1 wp-block-columns-is-layout-flex\">\n<div class=\"wp-block-column is-layout-flow wp-block-column-is-layout-flow\">\n<p><img decoding=\"async\" alt=\"\u00cdcone para Contabilidade Financeira\" src=\"https:\/\/erpnext.com\/files\/money-coins.svg\"><\/p>\n\n\n\n<h4 class=\"wp-block-heading\">Contabilidade Financeira<\/h4>\n\n\n\n<p>Obtenha uma vis\u00e3o em tempo real do seu fluxo de caixa.&nbsp;M\u00f3dulo de contabilidade completo que cobre todos os aspectos da contabilidade.<\/p>\n\n\n\n<p><a href=\"https:\/\/nsltecnologia.com.br\/?page_id=55678\">Saiba mais \u2192<\/a><\/p>\n<\/div>\n\n\n\n<div class=\"wp-block-column is-layout-flow wp-block-column-is-layout-flow\">\n<p><img decoding=\"async\" alt=\"\u00cdcone para gerenciamento de pedidos\" src=\"https:\/\/erpnext.com\/files\/Sell.svg\"><\/p>\n\n\n\n<h4 class=\"wp-block-heading\">Gerenciamento de Pedidos<\/h4>\n\n\n\n<p>Aumente a produtividade e reduza os custos gerenciando seus ciclos de vendas e compras, desde a compra at\u00e9 os pedidos de venda<\/p>\n\n\n\n<p><a href=\"https:\/\/nsltecnologia.com.br\/?page_id=55682\">Saiba mais \u2192<\/a><\/p>\n<\/div>\n\n\n\n<div class=\"wp-block-column is-layout-flow wp-block-column-is-layout-flow\">\n<p><img decoding=\"async\" alt=\"\u00cdcone para RH e folha de pagamento\" src=\"https:\/\/erpnext.com\/files\/HR.svg\"><\/p>\n\n\n\n<h4 class=\"wp-block-heading\">RH e folha de pagamento<\/h4>\n\n\n\n<p>Gerencie o ciclo de vida completo do funcion\u00e1rio desde a integra\u00e7\u00e3o, folha de pagamento, atendimento, declara\u00e7\u00f5es de despesas, ativos at\u00e9 a separa\u00e7\u00e3o.<\/p>\n\n\n\n<p><a href=\"https:\/\/nsltecnologia.com.br\/?page_id=55685\">Saiba mais \u2192<\/a><\/p>\n<\/div>\n<\/div>\n\n\n\n<div class=\"wp-block-columns is-layout-flex wp-container-core-columns-is-layout-2 wp-block-columns-is-layout-flex\">\n<div class=\"wp-block-column is-layout-flow wp-block-column-is-layout-flow\">\n<p><img decoding=\"async\" alt=\"\u00cdcone para Manufatura\" src=\"https:\/\/erpnext.com\/files\/Oranisation.svg\"><\/p>\n\n\n\n<h4 class=\"wp-block-heading\">Manufatura<\/h4>\n\n\n\n<p>Mantenha e gerencie com efic\u00e1cia a lista de materiais multin\u00edvel, o planejamento da produ\u00e7\u00e3o, os cart\u00f5es de trabalho e o estoque.<\/p>\n\n\n\n<p><a href=\"https:\/\/nsltecnologia.com.br\/?page_id=55664\">Saiba mais \u2192<\/a><\/p>\n<\/div>\n\n\n\n<div class=\"wp-block-column is-layout-flow wp-block-column-is-layout-flow\">\n<p><img decoding=\"async\" alt=\"\u00cdcone para CRM\" src=\"https:\/\/erpnext.com\/files\/CRM.svg\"><\/p>\n\n\n\n<h4 class=\"wp-block-heading\">CRM<\/h4>\n\n\n\n<p>Conquiste e retenha mais clientes otimizando o processo de vendas.&nbsp;Rastreie leads, oportunidades e envie as cota\u00e7\u00f5es em qualquer lugar.<\/p>\n\n\n\n<p><a href=\"https:\/\/nsltecnologia.com.br\/?page_id=55688\">Saiba mais \u2192<\/a><\/p>\n<\/div>\n\n\n\n<div class=\"wp-block-column is-layout-flow wp-block-column-is-layout-flow\">\n<p><img decoding=\"async\" alt=\"\u00cdcone para Projetos\" src=\"https:\/\/erpnext.com\/files\/Projectss.svg\"><\/p>\n\n\n\n<h4 class=\"wp-block-heading\">Projetos<\/h4>\n\n\n\n<p>Entregue projetos internos e externos dentro do prazo, or\u00e7amento e lucratividade.&nbsp;Rastreie tarefas, quadros de hor\u00e1rios e problemas por projeto.<\/p>\n\n\n\n<p><a href=\"https:\/\/nsltecnologia.com.br\/?page_id=55691\">Saiba mais \u2192<\/a><\/p>\n<\/div>\n<\/div>\n","protected":false},"excerpt":{"rendered":"<p>Venda servi\u00e7os de forma eficiente com o melhor ERP para o setor de servi\u00e7os Administre melhor o seu neg\u00f3cio de servi\u00e7os com o ERPNext.&nbsp;Conhe\u00e7a seus leads e clientes, configure planos de assinatura para seus servi\u00e7os, crie relacionamento com clientes regulares usando um programa de fidelidade, gerencie e fature v\u00e1rios projetos, defina cronogramas de manuten\u00e7\u00e3o e&hellip; <br \/> <a class=\"button small blue\" href=\"https:\/\/nsltecnologia.com.br\/?page_id=55653\">Leia mais<\/a><\/p>\n","protected":false},"author":1,"featured_media":0,"parent":0,"menu_order":0,"comment_status":"closed","ping_status":"closed","template":"","meta":{"_uag_custom_page_level_css":"","footnotes":""},"class_list":["post-55653","page","type-page","status-publish","hentry"],"uagb_featured_image_src":{"full":false,"thumbnail":false,"medium":false,"medium_large":false,"large":false,"1536x1536":false,"2048x2048":false,"post-thumbnail":false,"one-page-express-full-hd":false},"uagb_author_info":{"display_name":"nsl","author_link":"https:\/\/nsltecnologia.com.br\/?author=1"},"uagb_comment_info":0,"uagb_excerpt":"Venda servi\u00e7os de forma eficiente com o melhor ERP para o setor de servi\u00e7os Administre melhor o seu neg\u00f3cio de servi\u00e7os com o ERPNext.&nbsp;Conhe\u00e7a seus leads e clientes, configure planos de assinatura para seus servi\u00e7os, crie relacionamento com clientes regulares usando um programa de fidelidade, gerencie e fature v\u00e1rios projetos, defina cronogramas de manuten\u00e7\u00e3o e&hellip;&hellip;","_links":{"self":[{"href":"https:\/\/nsltecnologia.com.br\/index.php?rest_route=\/wp\/v2\/pages\/55653","targetHints":{"allow":["GET"]}}],"collection":[{"href":"https:\/\/nsltecnologia.com.br\/index.php?rest_route=\/wp\/v2\/pages"}],"about":[{"href":"https:\/\/nsltecnologia.com.br\/index.php?rest_route=\/wp\/v2\/types\/page"}],"author":[{"embeddable":true,"href":"https:\/\/nsltecnologia.com.br\/index.php?rest_route=\/wp\/v2\/users\/1"}],"replies":[{"embeddable":true,"href":"https:\/\/nsltecnologia.com.br\/index.php?rest_route=%2Fwp%2Fv2%2Fcomments&post=55653"}],"version-history":[{"count":2,"href":"https:\/\/nsltecnologia.com.br\/index.php?rest_route=\/wp\/v2\/pages\/55653\/revisions"}],"predecessor-version":[{"id":55733,"href":"https:\/\/nsltecnologia.com.br\/index.php?rest_route=\/wp\/v2\/pages\/55653\/revisions\/55733"}],"wp:attachment":[{"href":"https:\/\/nsltecnologia.com.br\/index.php?rest_route=%2Fwp%2Fv2%2Fmedia&parent=55653"}],"curies":[{"name":"wp","href":"https:\/\/api.w.org\/{rel}","templated":true}]}}