{"id":55615,"date":"2022-12-25T21:14:00","date_gmt":"2022-12-26T00:14:00","guid":{"rendered":"https:\/\/nsltecnologia.com.br\/?page_id=55615"},"modified":"2022-12-25T21:39:53","modified_gmt":"2022-12-26T00:39:53","slug":"gerencie-seus-campos-com-o-melhor-software-erp-agricola-de-codigo-aberto-do-mundo","status":"publish","type":"page","link":"https:\/\/nsltecnologia.com.br\/?page_id=55615","title":{"rendered":"Gerencie seus campos com o melhor software ERP agr\u00edcola de c\u00f3digo aberto do mundo"},"content":{"rendered":"\n<p><\/p>\n\n\n\n<figure class=\"wp-block-image size-full is-resized\"><img loading=\"lazy\" decoding=\"async\" src=\"https:\/\/nsltecnologia.com.br\/wp-content\/uploads\/2022\/12\/ERPnext1.png\" alt=\"\" class=\"wp-image-55616\" width=\"278\" height=\"139\"\/><\/figure>\n\n\n\n<p>Gerencie seu neg\u00f3cio agr\u00edcola com recursos para registrar e rastrear ciclos de cultivo, locais, doen\u00e7as e fertilizantes.<\/p>\n\n\n\n<h3 class=\"wp-block-heading\">Gerencie todos os seus campos com um software<\/h3>\n\n\n\n<p>Algumas pessoas pensariam que n\u00e3o h\u00e1 necessidade de um software ERP agr\u00edcola abrangente.\u00a0Talvez voc\u00ea possa gerenciar um \u00fanico campo.\u00a0Mas quando voc\u00ea tem v\u00e1rias terras e colheitas, muitos fatores entram em jogo.<br><br>Obtenha an\u00e1lises de culturas, plantas, solo, \u00e1gua e clima.\u00a0O ERPNext ajuda a registrar n\u00e3o apenas suas colheitas e fertilizantes, mas tamb\u00e9m pedidos e faturas.<\/p>\n\n\n\n<p><\/p>\n\n\n\n<h2 class=\"wp-block-heading\">Mais de 70 crit\u00e9rios de an\u00e1lise<\/h2>\n\n\n\n<div class=\"wp-block-columns is-layout-flex wp-container-core-columns-is-layout-1 wp-block-columns-is-layout-flex\">\n<div class=\"wp-block-column is-layout-flow wp-block-column-is-layout-flow\" style=\"flex-basis:50%\">\n<p>Umidade ou precipita\u00e7\u00e3o, n\u00edveis minerais ou temperatura, o ERPNext cobre diversos crit\u00e9rios para an\u00e1lise e relat\u00f3rios.<\/p>\n<\/div>\n\n\n\n<div class=\"wp-block-column is-layout-flow wp-block-column-is-layout-flow\" style=\"flex-basis:50%\">\n<p><img loading=\"lazy\" decoding=\"async\" alt=\"Software ERP Agr\u00edcola de C\u00f3digo Aberto - Crit\u00e9rios de An\u00e1lise\" src=\"https:\/\/erpnext.com\/files\/agriculture-criteria.png\" width=\"1177\" height=\"680\"><\/p>\n<\/div>\n<\/div>\n\n\n\n<p><\/p>\n\n\n\n<h2 class=\"wp-block-heading\">Gerencie suas colheitas<\/h2>\n\n\n\n<p>Registre todas as tarefas relacionadas ao gerenciamento de suas colheitas &#8211; desde grandes tarefas como arar e colher, at\u00e9 detalhes menores, mas importantes, como cultivo e espa\u00e7amento entre fileiras.&nbsp;Defina o cronograma para cada atividade e, em seguida, armazene os materiais necess\u00e1rios e os itens e subprodutos produzidos como resultado.<\/p>\n\n\n\n<figure class=\"wp-block-image\"><img decoding=\"async\" src=\"https:\/\/erpnext.com\/files\/agro-crop.png\" alt=\"Gerencie suas colheitas\"\/><\/figure>\n\n\n\n<p><\/p>\n\n\n\n<h2 class=\"wp-block-heading\">Ciclo da Cultura<\/h2>\n\n\n\n<p>Crie ciclos personalizados, seja para semeadura, irriga\u00e7\u00e3o ou colheita.&nbsp;Adicione locais onde cada ciclo est\u00e1 ocorrendo.&nbsp;Observe todas as doen\u00e7as que ocorrem e as etapas para combat\u00ea-las ser\u00e3o buscadas no ciclo da cultura.<\/p>\n\n\n\n<figure class=\"wp-block-image\"><img decoding=\"async\" src=\"https:\/\/erpnext.com\/files\/agro-cropcycle.png\" alt=\"Ciclo da Cultura\"\/><\/figure>\n\n\n\n<p><\/p>\n\n\n\n<h2 class=\"wp-block-heading\">localiza\u00e7\u00e3o<\/h2>\n\n\n\n<p>Delineie seus campos e registre a \u00e1rea total do campo.&nbsp;A terra ser\u00e1 mostrada no mapa.&nbsp;Voc\u00ea pode at\u00e9 criar locais principais (como estados) se fizer neg\u00f3cios em v\u00e1rios locais.<\/p>\n\n\n\n<p><img loading=\"lazy\" decoding=\"async\" alt=\"Software de ERP agr\u00edcola de c\u00f3digo aberto - Locais\" src=\"https:\/\/erpnext.com\/files\/agro-location.png\" width=\"1069\" height=\"685\"><\/p>\n\n\n\n<p><\/p>\n\n\n\n<h2 class=\"wp-block-heading\">Doen\u00e7a<\/h2>\n\n\n\n<p>Ao cultivar planta\u00e7\u00f5es, as doen\u00e7as s\u00e3o evit\u00e1veis, mas \u00e0s vezes acontecem.&nbsp;Tomar medidas apropriadas para control\u00e1-los rapidamente \u00e9 necess\u00e1rio para um rendimento saud\u00e1vel.&nbsp;Se a doen\u00e7a chegar, voc\u00ea pode registrar rapidamente todas as tarefas a serem realizadas e o tempo necess\u00e1rio.<\/p>\n\n\n\n<figure class=\"wp-block-image\"><img decoding=\"async\" src=\"https:\/\/erpnext.com\/files\/agro-disease.png\" alt=\"Doen\u00e7a\"\/><\/figure>\n\n\n\n<p><\/p>\n\n\n\n<h2 class=\"wp-block-heading\">Fertilizante<\/h2>\n\n\n\n<p>Os fertilizantes s\u00e3o vitais para cultivar um bom rendimento.&nbsp;Registre todos os seus fertilizantes junto com seu conte\u00fado.<\/p>\n\n\n\n<figure class=\"wp-block-image\"><img decoding=\"async\" src=\"https:\/\/erpnext.com\/files\/agro-fertilizer.png\" alt=\"Fertilizante\"\/><\/figure>\n\n\n\n<p><\/p>\n\n\n\n<h2 class=\"wp-block-heading\">An\u00e1lise de plantas<\/h2>\n\n\n\n<p>Analise as plantas ou culturas em um determinado local registrando a coleta, o teste e o tempo de resultado.&nbsp;Em seguida, registre o conte\u00fado da planta com valores reais, m\u00ednimos e m\u00e1ximos para detectar quaisquer anomalias.<\/p>\n\n\n\n<p><img loading=\"lazy\" decoding=\"async\" alt=\"Software ERP de c\u00f3digo aberto para agricultura - an\u00e1lise de plantas\" src=\"https:\/\/erpnext.com\/files\/agro-plantanalysis.png\" width=\"1064\" height=\"686\"><\/p>\n\n\n\n<p><\/p>\n\n\n\n<h2 class=\"wp-block-heading\">An\u00e1lise de \u00e1gua<\/h2>\n\n\n\n<p>Assim como o solo, \u00e9 f\u00e1cil acompanhar a an\u00e1lise da \u00e1gua no ERPNext.&nbsp;Registre o conte\u00fado de \u00e1gua, bem como o tempo de coleta, teste e resultado.&nbsp;Voc\u00ea tamb\u00e9m pode registrar valores reais, m\u00ednimos e m\u00e1ximos para detectar quaisquer anomalias.<\/p>\n\n\n\n<figure class=\"wp-block-image\"><img decoding=\"async\" src=\"https:\/\/erpnext.com\/files\/agro-wateranalysis.png\" alt=\"An\u00e1lise de \u00e1gua\"\/><\/figure>\n\n\n\n<p><\/p>\n\n\n\n<h2 class=\"wp-block-heading\">An\u00e1lise de Solo<\/h2>\n\n\n\n<p>A an\u00e1lise do solo tamb\u00e9m pode ser rastreada em nosso ERP agr\u00edcola de c\u00f3digo aberto.&nbsp;Registre a coleta de solo, o teste e o tempo de resultado e, em seguida, registre o conte\u00fado do solo com valores reais, m\u00ednimos e m\u00e1ximos.<\/p>\n\n\n\n<figure class=\"wp-block-image\"><img decoding=\"async\" src=\"https:\/\/erpnext.com\/files\/agro-soilanalysis.png\" alt=\"An\u00e1lise de Solo\"\/><\/figure>\n\n\n\n<p><\/p>\n\n\n\n<h2 class=\"wp-block-heading\">Textura do solo<\/h2>\n\n\n\n<p>Quer voc\u00ea are areia ou lodo, argila ou marga, registre o conte\u00fado do solo em sua terra.&nbsp;Voc\u00ea pode detalhar os m\u00ednimos detalhes, como conte\u00fado e densidade de mat\u00e9ria org\u00e2nica.<\/p>\n\n\n\n<p><img loading=\"lazy\" decoding=\"async\" alt=\"Software ERP de c\u00f3digo aberto para agricultura - Textura do solo\" src=\"https:\/\/erpnext.com\/files\/agro-soiltexture.png\" width=\"1177\" height=\"693\"><\/p>\n\n\n\n<p><\/p>\n\n\n\n<h2 class=\"wp-block-heading\">Tempo<\/h2>\n\n\n\n<p>Conhe\u00e7a sua temperatura de campo, graus-dia, press\u00e3o, umidade, ponto de orvalho, precipita\u00e7\u00e3o e outros fatores registrando-os para todos os seus locais.<\/p>\n\n\n\n<figure class=\"wp-block-image\"><img decoding=\"async\" src=\"https:\/\/erpnext.com\/files\/agro-weather.png\" alt=\"Tempo\"\/><\/figure>\n\n\n\n<p><\/p>\n\n\n\n<h2 class=\"wp-block-heading\">Vendas e Compras<\/h2>\n\n\n\n<p>Cuide do ciclo de vida do faturamento da assinatura do cliente de ponta a ponta com o ERPNext.&nbsp;Faturar seus clientes e buscar pagamentos a receber com solicita\u00e7\u00f5es de pagamento e notifica\u00e7\u00f5es por meio de lembretes por e-mail\/SMS.&nbsp;Voc\u00ea tamb\u00e9m pode criar modelos de impress\u00e3o personalizados para contas em Jinja\/HTML e configurar padr\u00f5es para processar transa\u00e7\u00f5es mais rapidamente.<\/p>\n\n\n\n<figure class=\"wp-block-image\"><img decoding=\"async\" src=\"https:\/\/erpnext.com\/files\/agro-po.png\" alt=\"Vendas e Compras\"\/><\/figure>\n\n\n\n<p><\/p>\n\n\n\n<h2 class=\"wp-block-heading\">Faturamento e pre\u00e7os<\/h2>\n\n\n\n<p>Um neg\u00f3cio agr\u00edcola n\u00e3o termina nos campos.&nbsp;Use nossos m\u00f3dulos de compra e venda para registrar pedidos de compra e venda e faturas.<\/p>\n\n\n\n<figure class=\"wp-block-image\"><img decoding=\"async\" src=\"https:\/\/erpnext.com\/files\/agro-so.png\" alt=\"Faturamento e pre\u00e7os\"\/><\/figure>\n\n\n\n<p><\/p>\n\n\n\n<h2 class=\"wp-block-heading\">Personaliza\u00e7\u00f5es instant\u00e2neas<\/h2>\n\n\n\n<p>Crie seu pr\u00f3prio software ERP agr\u00edcola personalizado.&nbsp;Mapeie seus dados mais importantes adicionando campos personalizados em seus formul\u00e1rios.&nbsp;Personalize o comportamento do formul\u00e1rio buscando valores automaticamente, oculte campos com base nas fun\u00e7\u00f5es do usu\u00e1rio e crie formatos de impress\u00e3o personalizados \u2014 tudo sem uma \u00fanica linha de c\u00f3digo.<\/p>\n\n\n\n<figure class=\"wp-block-image\"><img decoding=\"async\" src=\"https:\/\/erpnext.com\/files\/agro-customize.png\" alt=\"Personaliza\u00e7\u00f5es instant\u00e2neas\"\/><\/figure>\n\n\n\n<p><\/p>\n\n\n\n<h2 class=\"has-text-align-center wp-block-heading\">ERPNext \u00e9 a melhor solu\u00e7\u00e3o <strong>ERP <\/strong>100% Open Source do mundo<\/h2>\n\n\n\n<h3 class=\"wp-block-heading\">Contabilidade<\/h3>\n\n\n\n<p>Tenha uma vis\u00e3o em tempo real do seu fluxo de caixa.&nbsp;M\u00f3dulo de contabilidade completo que cobre todos os aspectos da contabilidade.<\/p>\n\n\n\n<h3 class=\"wp-block-heading\">RH e folha de pagamento<\/h3>\n\n\n\n<p>Gerencie o ciclo de vida completo do funcion\u00e1rio desde a integra\u00e7\u00e3o, folha de pagamento, atendimento, declara\u00e7\u00f5es de despesas, ativos at\u00e9 a separa\u00e7\u00e3o.<\/p>\n\n\n\n<h3 class=\"wp-block-heading\">Manufatura<\/h3>\n\n\n\n<p>Mantenha e gerencie com efic\u00e1cia a lista de materiais multin\u00edvel, o planejamento da produ\u00e7\u00e3o, os cart\u00f5es de trabalho e o estoque.<\/p>\n\n\n\n<h3 class=\"wp-block-heading\">Vendas e Compras<\/h3>\n\n\n\n<p>Aumente a produtividade e reduza os custos gerenciando seus ciclos de vendas e compras, desde a compra at\u00e9 os pedidos de venda<\/p>\n\n\n\n<h3 class=\"wp-block-heading\">CRM<\/h3>\n\n\n\n<p>Conquiste e retenha mais clientes otimizando o processo de vendas.&nbsp;Rastreie leads, oportunidades e envie as cota\u00e7\u00f5es em qualquer lugar.<\/p>\n\n\n\n<h3 class=\"wp-block-heading\">Projetos<\/h3>\n\n\n\n<p>Entregue projetos internos e externos dentro do prazo, or\u00e7amento e lucratividade.&nbsp;Rastreie tarefas, quadros de hor\u00e1rios e problemas por projeto.<\/p>\n\n\n\n<h3 class=\"wp-block-heading\">Central de Ajuda<\/h3>\n\n\n\n<p>Ofere\u00e7a uma melhor experi\u00eancia de servi\u00e7o com um rastreador de problemas intuitivo e uma base de conhecimento integrada.<\/p>\n\n\n\n<h3 class=\"wp-block-heading\">Gest\u00e3o de ativos<\/h3>\n\n\n\n<p>Manter e gerenciar detalhes de ativos, sua movimenta\u00e7\u00e3o, ajuste de valor e deprecia\u00e7\u00e3o.<\/p>\n\n\n\n<h3 class=\"wp-block-heading\">Local<\/h3>\n\n\n\n<p>O ERPNext vem com um gerenciamento de conte\u00fado completo com blogs, p\u00e1ginas da web e formul\u00e1rios.<\/p>\n","protected":false},"excerpt":{"rendered":"<p>Gerencie seu neg\u00f3cio agr\u00edcola com recursos para registrar e rastrear ciclos de cultivo, locais, doen\u00e7as e fertilizantes. Gerencie todos os seus campos com um software Algumas pessoas pensariam que n\u00e3o h\u00e1 necessidade de um software ERP agr\u00edcola abrangente.\u00a0Talvez voc\u00ea possa gerenciar um \u00fanico campo.\u00a0Mas quando voc\u00ea tem v\u00e1rias terras e colheitas, muitos fatores entram em&hellip; <br \/> <a class=\"button small blue\" href=\"https:\/\/nsltecnologia.com.br\/?page_id=55615\">Leia mais<\/a><\/p>\n","protected":false},"author":1,"featured_media":55617,"parent":0,"menu_order":0,"comment_status":"closed","ping_status":"closed","template":"","meta":{"_uag_custom_page_level_css":"","footnotes":""},"class_list":["post-55615","page","type-page","status-publish","has-post-thumbnail","hentry"],"uagb_featured_image_src":{"full":["https:\/\/nsltecnologia.com.br\/wp-content\/uploads\/2022\/12\/agriculture-domain.jpg",1920,1440,false],"thumbnail":["https:\/\/nsltecnologia.com.br\/wp-content\/uploads\/2022\/12\/agriculture-domain-150x150.jpg",150,150,true],"medium":["https:\/\/nsltecnologia.com.br\/wp-content\/uploads\/2022\/12\/agriculture-domain-300x225.jpg",300,225,true],"medium_large":["https:\/\/nsltecnologia.com.br\/wp-content\/uploads\/2022\/12\/agriculture-domain-768x576.jpg",768,576,true],"large":["https:\/\/nsltecnologia.com.br\/wp-content\/uploads\/2022\/12\/agriculture-domain-1024x768.jpg",1024,768,true],"1536x1536":["https:\/\/nsltecnologia.com.br\/wp-content\/uploads\/2022\/12\/agriculture-domain-1536x1152.jpg",1536,1152,true],"2048x2048":["https:\/\/nsltecnologia.com.br\/wp-content\/uploads\/2022\/12\/agriculture-domain.jpg",1920,1440,false],"post-thumbnail":["https:\/\/nsltecnologia.com.br\/wp-content\/uploads\/2022\/12\/agriculture-domain-1024x768.jpg",1024,768,true],"one-page-express-full-hd":["https:\/\/nsltecnologia.com.br\/wp-content\/uploads\/2022\/12\/agriculture-domain-1440x1080.jpg",1440,1080,true]},"uagb_author_info":{"display_name":"nsl","author_link":"https:\/\/nsltecnologia.com.br\/?author=1"},"uagb_comment_info":0,"uagb_excerpt":"Gerencie seu neg\u00f3cio agr\u00edcola com recursos para registrar e rastrear ciclos de cultivo, locais, doen\u00e7as e fertilizantes. Gerencie todos os seus campos com um software Algumas pessoas pensariam que n\u00e3o h\u00e1 necessidade de um software ERP agr\u00edcola abrangente.\u00a0Talvez voc\u00ea possa gerenciar um \u00fanico campo.\u00a0Mas quando voc\u00ea tem v\u00e1rias terras e colheitas, muitos fatores entram em&hellip;&hellip;","_links":{"self":[{"href":"https:\/\/nsltecnologia.com.br\/index.php?rest_route=\/wp\/v2\/pages\/55615","targetHints":{"allow":["GET"]}}],"collection":[{"href":"https:\/\/nsltecnologia.com.br\/index.php?rest_route=\/wp\/v2\/pages"}],"about":[{"href":"https:\/\/nsltecnologia.com.br\/index.php?rest_route=\/wp\/v2\/types\/page"}],"author":[{"embeddable":true,"href":"https:\/\/nsltecnologia.com.br\/index.php?rest_route=\/wp\/v2\/users\/1"}],"replies":[{"embeddable":true,"href":"https:\/\/nsltecnologia.com.br\/index.php?rest_route=%2Fwp%2Fv2%2Fcomments&post=55615"}],"version-history":[{"count":8,"href":"https:\/\/nsltecnologia.com.br\/index.php?rest_route=\/wp\/v2\/pages\/55615\/revisions"}],"predecessor-version":[{"id":55626,"href":"https:\/\/nsltecnologia.com.br\/index.php?rest_route=\/wp\/v2\/pages\/55615\/revisions\/55626"}],"wp:featuredmedia":[{"embeddable":true,"href":"https:\/\/nsltecnologia.com.br\/index.php?rest_route=\/wp\/v2\/media\/55617"}],"wp:attachment":[{"href":"https:\/\/nsltecnologia.com.br\/index.php?rest_route=%2Fwp%2Fv2%2Fmedia&parent=55615"}],"curies":[{"name":"wp","href":"https:\/\/api.w.org\/{rel}","templated":true}]}}