{"id":336,"date":"2019-07-17T10:00:15","date_gmt":"2019-07-17T13:00:15","guid":{"rendered":"http:\/\/nsltecnologia.com.br\/?page_id=336"},"modified":"2019-07-21T21:24:28","modified_gmt":"2019-07-22T00:24:28","slug":"gestao-de-ti-para-pme","status":"publish","type":"page","link":"https:\/\/nsltecnologia.com.br\/?page_id=336","title":{"rendered":"GEST\u00c3O DE TI PARA PME"},"content":{"rendered":"\n<figure class=\"wp-block-image\"><img loading=\"lazy\" decoding=\"async\" width=\"630\" height=\"249\" src=\"http:\/\/nsltecnologia.com.br\/wp-content\/uploads\/2019\/07\/image-2.png\" alt=\"\" class=\"wp-image-337\" srcset=\"https:\/\/nsltecnologia.com.br\/wp-content\/uploads\/2019\/07\/image-2.png 630w, https:\/\/nsltecnologia.com.br\/wp-content\/uploads\/2019\/07\/image-2-600x237.png 600w, https:\/\/nsltecnologia.com.br\/wp-content\/uploads\/2019\/07\/image-2-300x119.png 300w\" sizes=\"auto, (max-width: 630px) 100vw, 630px\" \/><\/figure>\n\n\n\n<blockquote style=\"text-align:left\" class=\"wp-block-quote is-layout-flow wp-block-quote-is-layout-flow\"><p>Voc\u00ea sabe o preju\u00edzo que sua empresa obteve s\u00f3 esse ano por interrup\u00e7\u00f5es relacionadas a Gest\u00e3o de TI?<\/p><\/blockquote>\n\n\n\n<p style=\"text-align:left\">Todos sabemos o impacto que a&nbsp;<strong>Gest\u00e3o de TI<\/strong>&nbsp;tem diretamente em nossas empresas, pois representa um dos elementos b\u00e1sicos de uma estrutura empresarial.<\/p>\n\n\n\n<p style=\"text-align:left\">Uma&nbsp;<strong>Gest\u00e3o de TI<\/strong>&nbsp;efetiva realizada por especialistas otimiza o desempenho, produtividade da equipe e reduz os custos de ter todo o ambiente de TI inoperante para manuten\u00e7\u00f5es, seja para corre\u00e7\u00e3o de problemas como redes wireless inst\u00e1vel, acesso a remoto a servidores, impressoras, softwares dentre outros. Al\u00e9m de com a gest\u00e3o de ti a sua empresa tem um&nbsp;<strong>help desk em ti<\/strong>&nbsp;(<strong>suporte t\u00e9cnico em ti<\/strong>) a dispor de toda equipe para sanar eventuais d\u00favidas referente a gest\u00e3o de ti de sua empresa, chega de quebrar a cabe\u00e7a para achar uma solu\u00e7\u00e3o pergunte diretamente a um especialista.<\/p>\n\n\n\n<ul class=\"wp-block-list\"><li>Quanto tempo sua equipe perdeu somente esse ano, tentando solucionar problemas simples que poderiam ser resolvidos em apenas alguns minutos por um especialista?<\/li><\/ul>\n\n\n\n<p style=\"text-align:left\">A maioria dos problemas comuns em escrit\u00f3rios de empresas de todos os portes podem ser resolvidos rapidamente por especialistas em gest\u00e3o de ti sem prejudicar a produtividade de toda a equipe.<\/p>\n\n\n\n<h4 class=\"wp-block-heading\">COMO FUNCIONA<\/h4>\n\n\n\n<hr class=\"wp-block-separator\"\/>\n\n\n\n<p style=\"text-align:left\">A&nbsp;<strong>NSL Tecnologia<\/strong>&nbsp;realiza a&nbsp;<strong>gest\u00e3o de ti&nbsp;<\/strong>completa de sua empresa, disponibilizando especialistas aptos a resolver os problemas e prestar help desk em ti relacionados a gest\u00e3o de ti de sua empresa.<\/p>\n\n\n\n<h4 class=\"wp-block-heading\">COMO FAZEMOS<\/h4>\n\n\n\n<hr class=\"wp-block-separator\"\/>\n\n\n\n<p style=\"text-align:left\">A&nbsp;<strong>NSL Tecnologia<\/strong>&nbsp;com a&nbsp;<strong>gest\u00e3o de ti<\/strong>&nbsp;disponibilizar\u00e1 especialistas para&nbsp;<strong>help desk em ti&nbsp;<\/strong>(<strong>suporte t\u00e9cnico em ti<\/strong>) e resolu\u00e7\u00f5es de problemas de gest\u00e3o de ti como: Suporte a rede local; Suporte a internet; Manuten\u00e7\u00e3o em micros computadores; Backup; Manuten\u00e7\u00e3o de impressoras; Consultoria na aquisi\u00e7\u00e3o de novos PCs, upgrade de internet; Instala\u00e7\u00e3o e controle de software e hardware; Corre\u00e7\u00e3o de problemas relativos \u00e0 software; Corre\u00e7\u00e3o de problemas relativos \u00e0 hardware, a n\u00edvel de an\u00e1lise ou troca; Instala\u00e7\u00e3o de perif\u00e9ricos; Instala\u00e7\u00e3o de programas; Instala\u00e7\u00e3o de mem\u00f3ria dentre outros.<\/p>\n\n\n\n<h4 class=\"wp-block-heading\">RESULTADOS<\/h4>\n\n\n\n<hr class=\"wp-block-separator\"\/>\n\n\n\n<p style=\"text-align:left\">Com a&nbsp;<strong>Gest\u00e3o de TI<\/strong>&nbsp;da&nbsp;<strong>NSL Tecnologia&nbsp;<\/strong>a sua empresa n\u00e3o ter\u00e1 mais que se preocupar com ambiente de ti, ter\u00e1 especialistas em gest\u00e3o de ti a disposi\u00e7\u00e3o para&nbsp;<strong>help desk em ti<\/strong>&nbsp;e solu\u00e7\u00f5es de problemas referentes a gest\u00e3o de ti em poucos minutos de maneira que n\u00e3o interfira na produtividade de toda equipe, o que possa influenciar diretamente a lucratividade da sua empresa.<\/p>\n\n\n\n<hr class=\"wp-block-separator\"\/>\n\n\n\n<p style=\"text-align:left\"><a href=\"http:\/\/nsltecnologia.com.br\/#contact-4\">SOLICITE UM OR\u00c7AMENTO<\/a>.<\/p>\n","protected":false},"excerpt":{"rendered":"<p>Voc\u00ea sabe o preju\u00edzo que sua empresa obteve s\u00f3 esse ano por interrup\u00e7\u00f5es relacionadas a Gest\u00e3o de TI? Todos sabemos o impacto que a&nbsp;Gest\u00e3o de TI&nbsp;tem diretamente em nossas empresas, pois representa um dos elementos b\u00e1sicos de uma estrutura empresarial. Uma&nbsp;Gest\u00e3o de TI&nbsp;efetiva realizada por especialistas otimiza o desempenho, produtividade da equipe e reduz os&hellip; <br \/> <a class=\"button small blue\" href=\"https:\/\/nsltecnologia.com.br\/?page_id=336\">Leia mais<\/a><\/p>\n","protected":false},"author":1,"featured_media":0,"parent":0,"menu_order":0,"comment_status":"closed","ping_status":"closed","template":"","meta":{"_uag_custom_page_level_css":"","footnotes":""},"class_list":["post-336","page","type-page","status-publish","hentry"],"uagb_featured_image_src":{"full":false,"thumbnail":false,"medium":false,"medium_large":false,"large":false,"1536x1536":false,"2048x2048":false,"post-thumbnail":false,"one-page-express-full-hd":false},"uagb_author_info":{"display_name":"nsl","author_link":"https:\/\/nsltecnologia.com.br\/?author=1"},"uagb_comment_info":0,"uagb_excerpt":"Voc\u00ea sabe o preju\u00edzo que sua empresa obteve s\u00f3 esse ano por interrup\u00e7\u00f5es relacionadas a Gest\u00e3o de TI? Todos sabemos o impacto que a&nbsp;Gest\u00e3o de TI&nbsp;tem diretamente em nossas empresas, pois representa um dos elementos b\u00e1sicos de uma estrutura empresarial. Uma&nbsp;Gest\u00e3o de TI&nbsp;efetiva realizada por especialistas otimiza o desempenho, produtividade da equipe e reduz os&hellip;&hellip;","_links":{"self":[{"href":"https:\/\/nsltecnologia.com.br\/index.php?rest_route=\/wp\/v2\/pages\/336","targetHints":{"allow":["GET"]}}],"collection":[{"href":"https:\/\/nsltecnologia.com.br\/index.php?rest_route=\/wp\/v2\/pages"}],"about":[{"href":"https:\/\/nsltecnologia.com.br\/index.php?rest_route=\/wp\/v2\/types\/page"}],"author":[{"embeddable":true,"href":"https:\/\/nsltecnologia.com.br\/index.php?rest_route=\/wp\/v2\/users\/1"}],"replies":[{"embeddable":true,"href":"https:\/\/nsltecnologia.com.br\/index.php?rest_route=%2Fwp%2Fv2%2Fcomments&post=336"}],"version-history":[{"count":3,"href":"https:\/\/nsltecnologia.com.br\/index.php?rest_route=\/wp\/v2\/pages\/336\/revisions"}],"predecessor-version":[{"id":474,"href":"https:\/\/nsltecnologia.com.br\/index.php?rest_route=\/wp\/v2\/pages\/336\/revisions\/474"}],"wp:attachment":[{"href":"https:\/\/nsltecnologia.com.br\/index.php?rest_route=%2Fwp%2Fv2%2Fmedia&parent=336"}],"curies":[{"name":"wp","href":"https:\/\/api.w.org\/{rel}","templated":true}]}}