{"id":323,"date":"2019-07-17T09:45:47","date_gmt":"2019-07-17T12:45:47","guid":{"rendered":"http:\/\/nsltecnologia.com.br\/?page_id=323"},"modified":"2019-07-21T21:23:43","modified_gmt":"2019-07-22T00:23:43","slug":"gestao-de-infraestrutura-de-ti","status":"publish","type":"page","link":"https:\/\/nsltecnologia.com.br\/?page_id=323","title":{"rendered":"GEST\u00c3O DE INFRAESTRUTURA DE TI"},"content":{"rendered":"\n<figure class=\"wp-block-image\"><img loading=\"lazy\" decoding=\"async\" width=\"628\" height=\"246\" src=\"http:\/\/nsltecnologia.com.br\/wp-content\/uploads\/2019\/07\/image-1.png\" alt=\"\" class=\"wp-image-324\" srcset=\"https:\/\/nsltecnologia.com.br\/wp-content\/uploads\/2019\/07\/image-1.png 628w, https:\/\/nsltecnologia.com.br\/wp-content\/uploads\/2019\/07\/image-1-600x235.png 600w, https:\/\/nsltecnologia.com.br\/wp-content\/uploads\/2019\/07\/image-1-300x118.png 300w\" sizes=\"auto, (max-width: 628px) 100vw, 628px\" \/><\/figure>\n\n\n\n<blockquote style=\"text-align:left\" class=\"wp-block-quote is-layout-flow wp-block-quote-is-layout-flow\"><p>Voc\u00ea sabe qual \u00e9 a atual infraestrutura de ti adequada as necessidades da sua empresa?<\/p><\/blockquote>\n\n\n\n<p style=\"text-align:left\">A indisponibilidade da infraestrutura de ti da sua empresa, podem trazer grandes e custosos preju\u00edzos. Porem muitas empresas s\u00f3 avaliam as necessidades da sua infraestrutura de ti ap\u00f3s ocorrer algum problema, que geram sempre uma grande lacuna no financeiro que poderiam ser evitadas com uma gest\u00e3o de infraestrutura de ti mais efetiva.<\/p>\n\n\n\n<p style=\"text-align:left\">Uma&nbsp;<strong>gest\u00e3o de infraestrutura de ti<\/strong>&nbsp;n\u00e3o s\u00f3 faz sua empresa se prevenir de falhas custosas, mais tamb\u00e9m maximiza o desempenho da sua infraestrutura de ti atual, adaptando-se as atuais necessidades da empresa.<\/p>\n\n\n\n<p style=\"text-align:left\">Com analises da infraestrutura de ti atual e suas necessidades, as empresas podem maximizar o desempenho e reduzir seus custo com aquisi\u00e7\u00e3o de novos equipamentos desnecess\u00e1rio naquele exato momento.<\/p>\n\n\n\n<p style=\"text-align:left\">A&nbsp;<strong>gest\u00e3o de infraestrutura de ti<\/strong>&nbsp;\u00e9 essencial para empresas de todos os porte que buscam um crescimento sustent\u00e1vel, sem abrir m\u00e3o de um desempenho excepcional e escal\u00e1vel de todo seu ambiente computacional com garantia que ele esteja sempre dispon\u00edvel conforme as novas necessidades do neg\u00f3cio.<\/p>\n\n\n\n<h4 class=\"wp-block-heading\">COMO FUNCIONA<\/h4>\n\n\n\n<hr class=\"wp-block-separator\"\/>\n\n\n\n<p style=\"text-align:left\">A&nbsp;<strong>NSL Tecnologia <\/strong>realiza o gerenciamento e monitoramento proativo de toda infraestrutura de ti da sua empresa, realizando a preven\u00e7\u00e3o de falhas, otimiza\u00e7\u00e3o do desempenho da infraestrutura de ti adaptando-se as necessidades atuais da empresa, para garantir o aumento e a disponibilidade da infraestrutura de ti, evitando que custos desnecess\u00e1rios com aquisi\u00e7\u00e3o de novos equipamentos sejam realizados prejudicando as estrat\u00e9gias e a sa\u00fade financeira do neg\u00f3cio.<\/p>\n\n\n\n<h4 class=\"wp-block-heading\">COMO FAZEMOS<\/h4>\n\n\n\n<hr class=\"wp-block-separator\"\/>\n\n\n\n<p style=\"text-align:left\">A&nbsp;<strong>NSL Tecnologia&nbsp;<\/strong>com a&nbsp;<strong>gest\u00e3o de infraestrutura de ti<\/strong>&nbsp;proativa realiza o gerenciamento e monitoramento constante da infraestrutura de ti da sua empresa, garantindo que a sua infraestrutura de ti acompanhe as necessidades do seu neg\u00f3cio de forma escal\u00e1vel conforme o crescimento da sua empresa, otimizando o desempenho, maximizando a disponibilidade de todo ambiente computacional da sua empresa e diminuindo os custos com falhas e aquisi\u00e7\u00f5es de novos equipamentos.<\/p>\n\n\n\n<h4 class=\"wp-block-heading\">RESULTADOS<\/h4>\n\n\n\n<hr class=\"wp-block-separator\"\/>\n\n\n\n<p style=\"text-align:left\">Com a&nbsp;<strong>gest\u00e3o de infraestrutura de ti&nbsp;<\/strong>da&nbsp;<strong>NSL Tecnologia<\/strong>&nbsp;sua empresa ir\u00e1 ter total controle e autonomia sobre toda sua infraestrutura de ti, como tamb\u00e9m ir\u00e1 reduzir seus custos com aquisi\u00e7\u00f5es de equipamentos e otimizar o desempenho de toda sua infraestrutura de ti, mantendo uma infraestrutura de ti escal\u00e1vel e completa para atender as atuais necessidades da empresa com desempenho excepcional.<\/p>\n\n\n\n<hr class=\"wp-block-separator\"\/>\n\n\n\n<p style=\"text-align:left\"><a href=\"http:\/\/nsltecnologia.com.br\/#contact-4\">SOLICITE UM OR\u00c7AMENTO<\/a>.<\/p>\n","protected":false},"excerpt":{"rendered":"<p>Voc\u00ea sabe qual \u00e9 a atual infraestrutura de ti adequada as necessidades da sua empresa? A indisponibilidade da infraestrutura de ti da sua empresa, podem trazer grandes e custosos preju\u00edzos. Porem muitas empresas s\u00f3 avaliam as necessidades da sua infraestrutura de ti ap\u00f3s ocorrer algum problema, que geram sempre uma grande lacuna no financeiro que&hellip; <br \/> <a class=\"button small blue\" href=\"https:\/\/nsltecnologia.com.br\/?page_id=323\">Leia mais<\/a><\/p>\n","protected":false},"author":1,"featured_media":0,"parent":0,"menu_order":0,"comment_status":"closed","ping_status":"closed","template":"","meta":{"_uag_custom_page_level_css":"","footnotes":""},"class_list":["post-323","page","type-page","status-publish","hentry"],"uagb_featured_image_src":{"full":false,"thumbnail":false,"medium":false,"medium_large":false,"large":false,"1536x1536":false,"2048x2048":false,"post-thumbnail":false,"one-page-express-full-hd":false},"uagb_author_info":{"display_name":"nsl","author_link":"https:\/\/nsltecnologia.com.br\/?author=1"},"uagb_comment_info":0,"uagb_excerpt":"Voc\u00ea sabe qual \u00e9 a atual infraestrutura de ti adequada as necessidades da sua empresa? A indisponibilidade da infraestrutura de ti da sua empresa, podem trazer grandes e custosos preju\u00edzos. Porem muitas empresas s\u00f3 avaliam as necessidades da sua infraestrutura de ti ap\u00f3s ocorrer algum problema, que geram sempre uma grande lacuna no financeiro que&hellip;&hellip;","_links":{"self":[{"href":"https:\/\/nsltecnologia.com.br\/index.php?rest_route=\/wp\/v2\/pages\/323","targetHints":{"allow":["GET"]}}],"collection":[{"href":"https:\/\/nsltecnologia.com.br\/index.php?rest_route=\/wp\/v2\/pages"}],"about":[{"href":"https:\/\/nsltecnologia.com.br\/index.php?rest_route=\/wp\/v2\/types\/page"}],"author":[{"embeddable":true,"href":"https:\/\/nsltecnologia.com.br\/index.php?rest_route=\/wp\/v2\/users\/1"}],"replies":[{"embeddable":true,"href":"https:\/\/nsltecnologia.com.br\/index.php?rest_route=%2Fwp%2Fv2%2Fcomments&post=323"}],"version-history":[{"count":6,"href":"https:\/\/nsltecnologia.com.br\/index.php?rest_route=\/wp\/v2\/pages\/323\/revisions"}],"predecessor-version":[{"id":56027,"href":"https:\/\/nsltecnologia.com.br\/index.php?rest_route=\/wp\/v2\/pages\/323\/revisions\/56027"}],"wp:attachment":[{"href":"https:\/\/nsltecnologia.com.br\/index.php?rest_route=%2Fwp%2Fv2%2Fmedia&parent=323"}],"curies":[{"name":"wp","href":"https:\/\/api.w.org\/{rel}","templated":true}]}}