{"id":317,"date":"2019-07-17T09:38:49","date_gmt":"2019-07-17T12:38:49","guid":{"rendered":"http:\/\/nsltecnologia.com.br\/?page_id=317"},"modified":"2019-07-21T21:22:44","modified_gmt":"2019-07-22T00:22:44","slug":"consultoria-em-ti","status":"publish","type":"page","link":"https:\/\/nsltecnologia.com.br\/?page_id=317","title":{"rendered":"CONSULTORIA EM TI"},"content":{"rendered":"\n<figure class=\"wp-block-image\"><img loading=\"lazy\" decoding=\"async\" width=\"630\" height=\"249\" src=\"http:\/\/nsltecnologia.com.br\/wp-content\/uploads\/2019\/07\/image.png\" alt=\"\" class=\"wp-image-319\" srcset=\"https:\/\/nsltecnologia.com.br\/wp-content\/uploads\/2019\/07\/image.png 630w, https:\/\/nsltecnologia.com.br\/wp-content\/uploads\/2019\/07\/image-600x237.png 600w, https:\/\/nsltecnologia.com.br\/wp-content\/uploads\/2019\/07\/image-300x119.png 300w\" sizes=\"auto, (max-width: 630px) 100vw, 630px\" \/><\/figure>\n\n\n\n<blockquote style=\"text-align:left\" class=\"wp-block-quote is-layout-flow wp-block-quote-is-layout-flow\"><p>O que sua empresa anda fazendo para maximizar o desempenho e reduzir os custos em&nbsp;<strong>Tecnologia da Informa\u00e7\u00e3o&nbsp;<\/strong>?<\/p><\/blockquote>\n\n\n\n<hr class=\"wp-block-separator\"\/>\n\n\n\n<p style=\"text-align:left\" class=\"article .entry-content p { text-align: justify; }\">A&nbsp;<strong>Tecnologia da informa\u00e7\u00e3o&nbsp;<\/strong>tem um impacto direto no faturamento e rentabilidade de empresas de diversos segmentos, pois representa um dos elementos b\u00e1sicos de uma estrutura empresarial que busca o sucesso.<\/p>\n\n\n\n<p style=\"text-align:left\" class=\"article .entry-content p { text-align: justify; }\">A&nbsp;<strong>Tecnologia da Informa\u00e7\u00e3o&nbsp;<\/strong>\u00e9 uma ferramenta estrat\u00e9gica essencial para empresas alcan\u00e7arem suas metas e objetivos.<\/p>\n\n\n\n<p style=\"text-align:left\" class=\"article .entry-content p { text-align: justify; }\">Sistemas que controlam todos os setores da empresa podem exigir uma infraestrutura robusta, muitas vezes desnecess\u00e1rias que podem custar caro, ainda mais para pequenas e m\u00e9dias empresas, porem otimizar essa infraestrutura visando reduzir custos, atendendo toda a demanda da empresa, \u00e9 crucial para um desenvolvimento sustent\u00e1vel.<\/p>\n\n\n\n<p style=\"text-align:left\">Monitorar e realizar manuten\u00e7\u00f5es preventivas de equipamentos e sistemas, maximizam o desempenho da infraestrutura j\u00e1 existente e evitam falhas que possam interferir a produtividade de todos colaboradores ou a lucratividade da empresa.<\/p>\n\n\n\n<p style=\"text-align:left\">Realizar an\u00e1lises e planejamento de seus ambientes de&nbsp;<strong>Tecnologia da informa\u00e7\u00e3o&nbsp;<\/strong>, avaliando a real necessidade, evitam que gastos desnecess\u00e1rios sejam realizados, prejudicando o fluxo de caixa de sua empresa.<\/p>\n\n\n\n<h4 class=\"wp-block-heading\">COMO FUNCIONA<\/h4>\n\n\n\n<hr class=\"wp-block-separator\"\/>\n\n\n\n<p style=\"text-align:left\">A&nbsp;<strong>Consultoria em Tecnologia da informa\u00e7\u00e3o&nbsp;<\/strong>da <strong>NSL Tecnologia<\/strong>&nbsp;orientar\u00e1 as empresas a realizar as melhores escolhas na aquisi\u00e7\u00e3o de novos sistemas(livres ou propriet\u00e1rios) ou equipamentos, evitando gastos desnecess\u00e1rio que possam prejudicar o desenvolvimento sustent\u00e1vel do neg\u00f3cio.<\/p>\n\n\n\n<h4 class=\"wp-block-heading\">COMO FAZEMOS<\/h4>\n\n\n\n<hr class=\"wp-block-separator\"\/>\n\n\n\n<p style=\"text-align:left\">A&nbsp;<strong>NSL Tecnologia<\/strong>&nbsp;com a&nbsp;<strong>Consultoria em Tecnologia da informa\u00e7\u00e3o&nbsp;<\/strong>ir\u00e1 auxiliar a sua empresa, a realizar os melhores investimento em&nbsp;<strong>Tecnologia da informa\u00e7\u00e3o&nbsp;<\/strong>dentro de suas reais necessidades, monitorar suas opera\u00e7\u00f5es e realizar manuten\u00e7\u00f5es que evitem falhas que possam ser prejudiciais as estrat\u00e9gias de seu neg\u00f3cio.<\/p>\n\n\n\n<h4 class=\"wp-block-heading\">RESULTADOS<\/h4>\n\n\n\n<hr class=\"wp-block-separator\"\/>\n\n\n\n<p style=\"text-align:left\">Com a&nbsp;<strong>Consultoria em Tecnologia da informa\u00e7\u00e3o&nbsp;<\/strong>da <strong>NSL Tecnologia<\/strong>&nbsp;a sua empresa ir\u00e1 reduzir seus custos com&nbsp;<strong>Tecnologia da informa\u00e7\u00e3o<\/strong>, maximizar o desempenho e produtividade de seus colaboradores, evitar falhas prejudiciais ou perda de dados que possam afetar diretamente o faturamento, lucratividade ou crescimento sustent\u00e1vel do seu neg\u00f3cio.<\/p>\n\n\n\n<hr class=\"wp-block-separator\"\/>\n\n\n\n<p style=\"text-align:left\"><a href=\"http:\/\/nsltecnologia.com.br\/#contact-4\">SOLICITE UM OR\u00c7AMENTO.<\/a><\/p>\n","protected":false},"excerpt":{"rendered":"<p>O que sua empresa anda fazendo para maximizar o desempenho e reduzir os custos em&nbsp;Tecnologia da Informa\u00e7\u00e3o&nbsp;? A&nbsp;Tecnologia da informa\u00e7\u00e3o&nbsp;tem um impacto direto no faturamento e rentabilidade de empresas de diversos segmentos, pois representa um dos elementos b\u00e1sicos de uma estrutura empresarial que busca o sucesso. A&nbsp;Tecnologia da Informa\u00e7\u00e3o&nbsp;\u00e9 uma ferramenta estrat\u00e9gica essencial para empresas&hellip; <br \/> <a class=\"button small blue\" href=\"https:\/\/nsltecnologia.com.br\/?page_id=317\">Leia mais<\/a><\/p>\n","protected":false},"author":1,"featured_media":0,"parent":0,"menu_order":0,"comment_status":"closed","ping_status":"closed","template":"","meta":{"_uag_custom_page_level_css":"","footnotes":""},"class_list":["post-317","page","type-page","status-publish","hentry"],"uagb_featured_image_src":{"full":false,"thumbnail":false,"medium":false,"medium_large":false,"large":false,"1536x1536":false,"2048x2048":false,"post-thumbnail":false,"one-page-express-full-hd":false},"uagb_author_info":{"display_name":"nsl","author_link":"https:\/\/nsltecnologia.com.br\/?author=1"},"uagb_comment_info":0,"uagb_excerpt":"O que sua empresa anda fazendo para maximizar o desempenho e reduzir os custos em&nbsp;Tecnologia da Informa\u00e7\u00e3o&nbsp;? A&nbsp;Tecnologia da informa\u00e7\u00e3o&nbsp;tem um impacto direto no faturamento e rentabilidade de empresas de diversos segmentos, pois representa um dos elementos b\u00e1sicos de uma estrutura empresarial que busca o sucesso. A&nbsp;Tecnologia da Informa\u00e7\u00e3o&nbsp;\u00e9 uma ferramenta estrat\u00e9gica essencial para empresas&hellip;&hellip;","_links":{"self":[{"href":"https:\/\/nsltecnologia.com.br\/index.php?rest_route=\/wp\/v2\/pages\/317","targetHints":{"allow":["GET"]}}],"collection":[{"href":"https:\/\/nsltecnologia.com.br\/index.php?rest_route=\/wp\/v2\/pages"}],"about":[{"href":"https:\/\/nsltecnologia.com.br\/index.php?rest_route=\/wp\/v2\/types\/page"}],"author":[{"embeddable":true,"href":"https:\/\/nsltecnologia.com.br\/index.php?rest_route=\/wp\/v2\/users\/1"}],"replies":[{"embeddable":true,"href":"https:\/\/nsltecnologia.com.br\/index.php?rest_route=%2Fwp%2Fv2%2Fcomments&post=317"}],"version-history":[{"count":15,"href":"https:\/\/nsltecnologia.com.br\/index.php?rest_route=\/wp\/v2\/pages\/317\/revisions"}],"predecessor-version":[{"id":477,"href":"https:\/\/nsltecnologia.com.br\/index.php?rest_route=\/wp\/v2\/pages\/317\/revisions\/477"}],"wp:attachment":[{"href":"https:\/\/nsltecnologia.com.br\/index.php?rest_route=%2Fwp%2Fv2%2Fmedia&parent=317"}],"curies":[{"name":"wp","href":"https:\/\/api.w.org\/{rel}","templated":true}]}}