{"id":25841,"date":"2020-10-14T09:02:32","date_gmt":"2020-10-14T12:02:32","guid":{"rendered":"https:\/\/nsltecnologia.com.br\/?page_id=25841"},"modified":"2023-01-13T11:28:02","modified_gmt":"2023-01-13T14:28:02","slug":"ekattro-sistema-de-gestao-completo-para-sua-escola","status":"publish","type":"page","link":"https:\/\/nsltecnologia.com.br\/?page_id=25841","title":{"rendered":"EKATTRO &#8211; Sistema de gest\u00e3o completo para sua escola."},"content":{"rendered":"\n<div style=\"height:40px\" aria-hidden=\"true\" class=\"wp-block-spacer\"><\/div>\n\n\n\n<h2 class=\"wp-block-heading\">Ekattor \u00e9 a solu\u00e7\u00e3o erp mais poderosa para automa\u00e7\u00e3o escolar.<\/h2>\n\n\n\n<figure class=\"wp-block-image size-large is-resized\"><img loading=\"lazy\" decoding=\"async\" src=\"https:\/\/nsltecnologia.com.br\/wp-content\/uploads\/2020\/10\/ekattor-1024x605.png\" alt=\"\" class=\"wp-image-25842\" width=\"566\" height=\"334\" srcset=\"https:\/\/nsltecnologia.com.br\/wp-content\/uploads\/2020\/10\/ekattor-1024x605.png 1024w, https:\/\/nsltecnologia.com.br\/wp-content\/uploads\/2020\/10\/ekattor-600x354.png 600w, https:\/\/nsltecnologia.com.br\/wp-content\/uploads\/2020\/10\/ekattor-300x177.png 300w, https:\/\/nsltecnologia.com.br\/wp-content\/uploads\/2020\/10\/ekattor-768x453.png 768w, https:\/\/nsltecnologia.com.br\/wp-content\/uploads\/2020\/10\/ekattor-1536x907.png 1536w, https:\/\/nsltecnologia.com.br\/wp-content\/uploads\/2020\/10\/ekattor.png 1741w\" sizes=\"auto, (max-width: 566px) 100vw, 566px\" \/><\/figure>\n\n\n\n<div style=\"height:40px\" aria-hidden=\"true\" class=\"wp-block-spacer\"><\/div>\n\n\n\n<h2 class=\"has-text-align-center wp-block-heading\">#ERP escolar n\u00ba 1 no mercado de <em>marketplace<\/em> para recursos digitais<\/h2>\n\n\n\n<p><\/p>\n\n\n\n<p><img loading=\"lazy\" decoding=\"async\" width=\"40\" height=\"39\" class=\"wp-image-25860\" style=\"width: 40px;\" src=\"https:\/\/nsltecnologia.com.br\/wp-content\/uploads\/2020\/10\/opensource.png\" alt=\"\" srcset=\"https:\/\/nsltecnologia.com.br\/wp-content\/uploads\/2020\/10\/opensource.png 200w, https:\/\/nsltecnologia.com.br\/wp-content\/uploads\/2020\/10\/opensource-100x100.png 100w, https:\/\/nsltecnologia.com.br\/wp-content\/uploads\/2020\/10\/opensource-150x150.png 150w\" sizes=\"auto, (max-width: 40px) 100vw, 40px\" \/>    O c\u00f3digo-fonte do Ekattor \u00e9 totalmente aberto. Voc\u00ea pode usar como est\u00e1 ou personalizar facilmente de acordo com suas necessidades.<\/p>\n\n\n\n<p><\/p>\n\n\n\n<p><img loading=\"lazy\" decoding=\"async\" width=\"40\" height=\"40\" class=\"wp-image-25861\" style=\"width: 40px;\" src=\"https:\/\/nsltecnologia.com.br\/wp-content\/uploads\/2020\/10\/ekattoLampada.png\" alt=\"\" srcset=\"https:\/\/nsltecnologia.com.br\/wp-content\/uploads\/2020\/10\/ekattoLampada.png 201w, https:\/\/nsltecnologia.com.br\/wp-content\/uploads\/2020\/10\/ekattoLampada-100x100.png 100w, https:\/\/nsltecnologia.com.br\/wp-content\/uploads\/2020\/10\/ekattoLampada-150x150.png 150w\" sizes=\"auto, (max-width: 40px) 100vw, 40px\" \/>   Ekattor fornece todos os recursos importantes de que voc\u00ea precisa para administrar sua escola.<\/p>\n\n\n\n<p><\/p>\n\n\n\n<p><img loading=\"lazy\" decoding=\"async\" width=\"40\" height=\"40\" class=\"wp-image-25862\" style=\"width: 40px;\" src=\"https:\/\/nsltecnologia.com.br\/wp-content\/uploads\/2020\/10\/ekattoquebracabeca.png\" alt=\"\" srcset=\"https:\/\/nsltecnologia.com.br\/wp-content\/uploads\/2020\/10\/ekattoquebracabeca.png 200w, https:\/\/nsltecnologia.com.br\/wp-content\/uploads\/2020\/10\/ekattoquebracabeca-100x100.png 100w, https:\/\/nsltecnologia.com.br\/wp-content\/uploads\/2020\/10\/ekattoquebracabeca-150x150.png 150w\" sizes=\"auto, (max-width: 40px) 100vw, 40px\" \/>   Ekattor vem com sistema addon e API para aplicativos m\u00f3veis, que podem ser estendidos para recursos ilimitados.<\/p>\n\n\n\n<p><\/p>\n\n\n\n<p><img loading=\"lazy\" decoding=\"async\" width=\"40\" height=\"40\" class=\"wp-image-25863\" style=\"width: 40px;\" src=\"https:\/\/nsltecnologia.com.br\/wp-content\/uploads\/2020\/10\/ekattosupdate.png\" alt=\"\" srcset=\"https:\/\/nsltecnologia.com.br\/wp-content\/uploads\/2020\/10\/ekattosupdate.png 200w, https:\/\/nsltecnologia.com.br\/wp-content\/uploads\/2020\/10\/ekattosupdate-100x100.png 100w, https:\/\/nsltecnologia.com.br\/wp-content\/uploads\/2020\/10\/ekattosupdate-150x150.png 150w\" sizes=\"auto, (max-width: 40px) 100vw, 40px\" \/>   Atualizado continuamente, Ekattor erp desde 2013. Ele \u00e9 mantido com tecnologia de ponta.<\/p>\n\n\n\n<p><\/p>\n\n\n\n<p><img loading=\"lazy\" decoding=\"async\" width=\"40\" height=\"38\" class=\"wp-image-25859\" style=\"width: 40px;\" src=\"https:\/\/nsltecnologia.com.br\/wp-content\/uploads\/2020\/10\/ekattosuporte.png\" alt=\"\">   Estamos comprometidos com nossos clientes em fornecer suporte profissional.<\/p>\n\n\n\n<p><\/p>\n\n\n\n<div style=\"height:40px\" aria-hidden=\"true\" class=\"wp-block-spacer\"><\/div>\n\n\n\n<h3 class=\"wp-block-heading\">Taxas de estudante e relat\u00f3rio de pagamento<\/h3>\n\n\n\n<p>Voc\u00ea pode pagar qualquer tipo de taxa escolar de uma s\u00f3 vez. Crie faturas individuais ou em massa, imprima-as, filtre por data e classe de aluno.<\/p>\n\n\n\n<ul class=\"wp-block-list\">\n<li>Pagamentos on-line;<\/li>\n\n\n\n<li>Gerenciamento de receitas e despesa.<\/li>\n<\/ul>\n\n\n\n<figure class=\"wp-block-image size-large is-resized\"><img loading=\"lazy\" decoding=\"async\" src=\"https:\/\/nsltecnologia.com.br\/wp-content\/uploads\/2020\/10\/evattoPpgto-1024x678.jpg\" alt=\"\" class=\"wp-image-25843\" width=\"488\" height=\"324\" srcset=\"https:\/\/nsltecnologia.com.br\/wp-content\/uploads\/2020\/10\/evattoPpgto-1024x678.jpg 1024w, https:\/\/nsltecnologia.com.br\/wp-content\/uploads\/2020\/10\/evattoPpgto-600x397.jpg 600w, https:\/\/nsltecnologia.com.br\/wp-content\/uploads\/2020\/10\/evattoPpgto-300x199.jpg 300w, https:\/\/nsltecnologia.com.br\/wp-content\/uploads\/2020\/10\/evattoPpgto-768x508.jpg 768w, https:\/\/nsltecnologia.com.br\/wp-content\/uploads\/2020\/10\/evattoPpgto.jpg 1200w\" sizes=\"auto, (max-width: 488px) 100vw, 488px\" \/><\/figure>\n\n\n\n<p><\/p>\n\n\n\n<div style=\"height:40px\" aria-hidden=\"true\" class=\"wp-block-spacer\"><\/div>\n\n\n\n<h3 class=\"has-text-align-left wp-block-heading\">Opera\u00e7\u00e3o acad\u00eamica completa<\/h3>\n\n\n\n<p>Admiss\u00e3o de alunos, rotina de aula, frequ\u00eancia, prova, promo\u00e7\u00e3o, biblioteca, tudo isso ao seu alcance. Muitos m\u00f3dulos mais importantes s\u00e3o oferecidos pela Ekattor.<\/p>\n\n\n\n<ul class=\"wp-block-list\">\n<li>Leve o atendimento di\u00e1rio dos alunos<\/li>\n\n\n\n<li>Notas de exame e programa de estudo<\/li>\n<\/ul>\n\n\n<div class=\"wp-block-image\">\n<figure class=\"aligncenter size-large is-resized\"><img loading=\"lazy\" decoding=\"async\" src=\"https:\/\/nsltecnologia.com.br\/wp-content\/uploads\/2020\/10\/ekattoAcademic-1024x678.jpg\" alt=\"\" class=\"wp-image-25844\" width=\"492\" height=\"325\" srcset=\"https:\/\/nsltecnologia.com.br\/wp-content\/uploads\/2020\/10\/ekattoAcademic-1024x678.jpg 1024w, https:\/\/nsltecnologia.com.br\/wp-content\/uploads\/2020\/10\/ekattoAcademic-600x397.jpg 600w, https:\/\/nsltecnologia.com.br\/wp-content\/uploads\/2020\/10\/ekattoAcademic-300x199.jpg 300w, https:\/\/nsltecnologia.com.br\/wp-content\/uploads\/2020\/10\/ekattoAcademic-768x508.jpg 768w, https:\/\/nsltecnologia.com.br\/wp-content\/uploads\/2020\/10\/ekattoAcademic.jpg 1200w\" sizes=\"auto, (max-width: 492px) 100vw, 492px\" \/><\/figure><\/div>\n\n\n<div style=\"height:40px\" aria-hidden=\"true\" class=\"wp-block-spacer\"><\/div>\n\n\n\n<h3 class=\"wp-block-heading\">Leve o atendimento di\u00e1rio dos alunos. Colabora\u00e7\u00e3o de professor, aluno e pais<\/h3>\n\n\n\n<p>Todos os usu\u00e1rios associados \u00e0 sua escola t\u00eam painel dedicado e painel de conta. Eles t\u00eam todos os recursos necess\u00e1rios de acordo com a finalidade da conta.<\/p>\n\n\n<div class=\"wp-block-image\">\n<figure class=\"aligncenter size-large is-resized\"><img loading=\"lazy\" decoding=\"async\" src=\"https:\/\/nsltecnologia.com.br\/wp-content\/uploads\/2020\/10\/ekatoalunos-1024x678.jpg\" alt=\"\" class=\"wp-image-25845\" width=\"485\" height=\"321\" srcset=\"https:\/\/nsltecnologia.com.br\/wp-content\/uploads\/2020\/10\/ekatoalunos-1024x678.jpg 1024w, https:\/\/nsltecnologia.com.br\/wp-content\/uploads\/2020\/10\/ekatoalunos-600x397.jpg 600w, https:\/\/nsltecnologia.com.br\/wp-content\/uploads\/2020\/10\/ekatoalunos-300x199.jpg 300w, https:\/\/nsltecnologia.com.br\/wp-content\/uploads\/2020\/10\/ekatoalunos-768x508.jpg 768w, https:\/\/nsltecnologia.com.br\/wp-content\/uploads\/2020\/10\/ekatoalunos.jpg 1200w\" sizes=\"auto, (max-width: 485px) 100vw, 485px\" \/><\/figure><\/div>\n\n\n<div style=\"height:40px\" aria-hidden=\"true\" class=\"wp-block-spacer\"><\/div>\n\n\n\n<h3 class=\"has-text-align-center wp-block-heading\">Analytics<\/h3>\n\n\n\n<p class=\"has-text-align-left\"><img loading=\"lazy\" decoding=\"async\" width=\"40\" height=\"40\" class=\"wp-image-25846\" style=\"width: 40px;\" src=\"https:\/\/nsltecnologia.com.br\/wp-content\/uploads\/2020\/10\/mundoekato.png\" alt=\"\" srcset=\"https:\/\/nsltecnologia.com.br\/wp-content\/uploads\/2020\/10\/mundoekato.png 512w, https:\/\/nsltecnologia.com.br\/wp-content\/uploads\/2020\/10\/mundoekato-300x300.png 300w, https:\/\/nsltecnologia.com.br\/wp-content\/uploads\/2020\/10\/mundoekato-100x100.png 100w, https:\/\/nsltecnologia.com.br\/wp-content\/uploads\/2020\/10\/mundoekato-150x150.png 150w\" sizes=\"auto, (max-width: 40px) 100vw, 40px\" \/>    3000 escolas no mundo utilizam Ekattor Erp;<\/p>\n\n\n\n<p><img loading=\"lazy\" decoding=\"async\" width=\"40\" height=\"39\" class=\"wp-image-25847\" style=\"width: 40px;\" src=\"https:\/\/nsltecnologia.com.br\/wp-content\/uploads\/2020\/10\/ekattoupdate.png\" alt=\"\" srcset=\"https:\/\/nsltecnologia.com.br\/wp-content\/uploads\/2020\/10\/ekattoupdate.png 200w, https:\/\/nsltecnologia.com.br\/wp-content\/uploads\/2020\/10\/ekattoupdate-100x100.png 100w, https:\/\/nsltecnologia.com.br\/wp-content\/uploads\/2020\/10\/ekattoupdate-150x150.png 150w\" sizes=\"auto, (max-width: 40px) 100vw, 40px\" \/>    6 anos de atualiza\u00e7\u00f5es regulares<\/p>\n\n\n\n<p><img loading=\"lazy\" decoding=\"async\" width=\"40\" height=\"38\" class=\"wp-image-25848\" style=\"width: 40px;\" src=\"https:\/\/nsltecnologia.com.br\/wp-content\/uploads\/2020\/10\/envattografics.png\" alt=\"\">   ERP escolar mais utilizado em <em>marketplace<\/em> para recursos digitais.<\/p>\n\n\n\n<div style=\"height:40px\" aria-hidden=\"true\" class=\"wp-block-spacer\"><\/div>\n\n\n\n<div class=\"wp-block-columns is-layout-flex wp-container-core-columns-is-layout-1 wp-block-columns-is-layout-flex\">\n<div class=\"wp-block-column is-layout-flow wp-block-column-is-layout-flow\"><div class=\"wp-block-image\">\n<figure class=\"aligncenter size-full is-resized\"><img loading=\"lazy\" decoding=\"async\" src=\"https:\/\/nsltecnologia.com.br\/wp-content\/uploads\/2023\/01\/icon_request-200x200-1.png\" alt=\"\" class=\"wp-image-56072\" width=\"173\" height=\"173\" srcset=\"https:\/\/nsltecnologia.com.br\/wp-content\/uploads\/2023\/01\/icon_request-200x200-1.png 200w, https:\/\/nsltecnologia.com.br\/wp-content\/uploads\/2023\/01\/icon_request-200x200-1-150x150.png 150w, https:\/\/nsltecnologia.com.br\/wp-content\/uploads\/2023\/01\/icon_request-200x200-1-100x100.png 100w\" sizes=\"auto, (max-width: 173px) 100vw, 173px\" \/><\/figure><\/div>\n\n\n<h4 class=\"has-text-align-center wp-block-heading\">Solicite uma demonstra\u00e7\u00e3o<\/h4>\n\n\n\n<p class=\"has-text-align-center\">Pe\u00e7a a um consultor de vendas experiente que fale com voc\u00ea sobre o Ekatto\u2122 e o valor que ele pode trazer para sua empresa.<\/p>\n\n\n\n<div class=\"wp-block-buttons is-layout-flex wp-block-buttons-is-layout-flex\">\n<div class=\"wp-block-button aligncenter\"><a class=\"wp-block-button__link wp-element-button\" href=\"https:\/\/nsltecnologia.com.br\/#contact-4\">Contato<\/a><\/div>\n<\/div>\n<\/div>\n\n\n\n<div class=\"wp-block-column is-layout-flow wp-block-column-is-layout-flow\"><div class=\"wp-block-image\">\n<figure class=\"aligncenter size-full is-resized\"><img loading=\"lazy\" decoding=\"async\" src=\"https:\/\/nsltecnologia.com.br\/wp-content\/uploads\/2023\/01\/icon_get-200x200-1.png\" alt=\"\" class=\"wp-image-56073\" width=\"167\" height=\"167\" srcset=\"https:\/\/nsltecnologia.com.br\/wp-content\/uploads\/2023\/01\/icon_get-200x200-1.png 200w, https:\/\/nsltecnologia.com.br\/wp-content\/uploads\/2023\/01\/icon_get-200x200-1-150x150.png 150w, https:\/\/nsltecnologia.com.br\/wp-content\/uploads\/2023\/01\/icon_get-200x200-1-100x100.png 100w\" sizes=\"auto, (max-width: 167px) 100vw, 167px\" \/><\/figure><\/div>\n\n\n<h4 class=\"has-text-align-center wp-block-heading\">Entrar em contato<\/h4>\n\n\n\n<p class=\"has-text-align-center\">Converse hoje para discutir suas necessidades de ERP.\u00a0Estamos ansiosos para ouvir de voc\u00ea!<\/p>\n\n\n\n<div class=\"wp-block-jetpack-send-a-message\">\n<div class=\"wp-block-jetpack-whatsapp-button aligncenter is-color-dark\"><a class=\"whatsapp-block__button\" href=\"https:\/\/api.whatsapp.com\/send?phone=5598984958061&amp;text=Oi%2C%20encontrei%20suas%20informa%C3%A7%C3%B5es%20do%20WhatsApp%20no%20seu%20site.\" style=\"background-color:#25D366;color:#fff\" target=\"_self\" rel=\"noopener noreferrer\">Converse com um consultor<\/a><\/div>\n<\/div>\n<\/div>\n<\/div>\n\n\n\n<p><\/p>\n\n\n\n<p><\/p>\n","protected":false},"excerpt":{"rendered":"<p>Ekattor \u00e9 a solu\u00e7\u00e3o erp mais poderosa para automa\u00e7\u00e3o escolar. #ERP escolar n\u00ba 1 no mercado de marketplace para recursos digitais O c\u00f3digo-fonte do Ekattor \u00e9 totalmente aberto. Voc\u00ea pode usar como est\u00e1 ou personalizar facilmente de acordo com suas necessidades. Ekattor fornece todos os recursos importantes de que voc\u00ea precisa para administrar sua escola.&hellip; <br \/> <a class=\"button small blue\" href=\"https:\/\/nsltecnologia.com.br\/?page_id=25841\">Leia mais<\/a><\/p>\n","protected":false},"author":1,"featured_media":0,"parent":0,"menu_order":0,"comment_status":"closed","ping_status":"closed","template":"","meta":{"_uag_custom_page_level_css":"","footnotes":""},"class_list":["post-25841","page","type-page","status-publish","hentry"],"uagb_featured_image_src":{"full":false,"thumbnail":false,"medium":false,"medium_large":false,"large":false,"1536x1536":false,"2048x2048":false,"post-thumbnail":false,"one-page-express-full-hd":false},"uagb_author_info":{"display_name":"nsl","author_link":"https:\/\/nsltecnologia.com.br\/?author=1"},"uagb_comment_info":0,"uagb_excerpt":"Ekattor \u00e9 a solu\u00e7\u00e3o erp mais poderosa para automa\u00e7\u00e3o escolar. #ERP escolar n\u00ba 1 no mercado de marketplace para recursos digitais O c\u00f3digo-fonte do Ekattor \u00e9 totalmente aberto. Voc\u00ea pode usar como est\u00e1 ou personalizar facilmente de acordo com suas necessidades. Ekattor fornece todos os recursos importantes de que voc\u00ea precisa para administrar sua escola.&hellip;&hellip;","_links":{"self":[{"href":"https:\/\/nsltecnologia.com.br\/index.php?rest_route=\/wp\/v2\/pages\/25841","targetHints":{"allow":["GET"]}}],"collection":[{"href":"https:\/\/nsltecnologia.com.br\/index.php?rest_route=\/wp\/v2\/pages"}],"about":[{"href":"https:\/\/nsltecnologia.com.br\/index.php?rest_route=\/wp\/v2\/types\/page"}],"author":[{"embeddable":true,"href":"https:\/\/nsltecnologia.com.br\/index.php?rest_route=\/wp\/v2\/users\/1"}],"replies":[{"embeddable":true,"href":"https:\/\/nsltecnologia.com.br\/index.php?rest_route=%2Fwp%2Fv2%2Fcomments&post=25841"}],"version-history":[{"count":10,"href":"https:\/\/nsltecnologia.com.br\/index.php?rest_route=\/wp\/v2\/pages\/25841\/revisions"}],"predecessor-version":[{"id":56210,"href":"https:\/\/nsltecnologia.com.br\/index.php?rest_route=\/wp\/v2\/pages\/25841\/revisions\/56210"}],"wp:attachment":[{"href":"https:\/\/nsltecnologia.com.br\/index.php?rest_route=%2Fwp%2Fv2%2Fmedia&parent=25841"}],"curies":[{"name":"wp","href":"https:\/\/api.w.org\/{rel}","templated":true}]}}