{"id":188,"date":"2019-07-04T12:44:59","date_gmt":"2019-07-04T15:44:59","guid":{"rendered":"http:\/\/nsltecnologia.com.br\/?page_id=188"},"modified":"2023-06-24T10:37:52","modified_gmt":"2023-06-24T13:37:52","slug":"e-learning-solucoes-de-ead-ensino-a-distancia","status":"publish","type":"page","link":"https:\/\/nsltecnologia.com.br\/?page_id=188","title":{"rendered":"Moodle LMS. Aprendizado online,\u00a0entregue do seu jeito."},"content":{"rendered":"\n<figure class=\"wp-block-image is-resized\"><img loading=\"lazy\" decoding=\"async\" src=\"http:\/\/nsltecnologia.com.br\/wp-content\/uploads\/2019\/07\/Moodle_banner.png\" alt=\"\" class=\"wp-image-350\" width=\"389\" height=\"154\" srcset=\"https:\/\/nsltecnologia.com.br\/wp-content\/uploads\/2019\/07\/Moodle_banner.png 680w, https:\/\/nsltecnologia.com.br\/wp-content\/uploads\/2019\/07\/Moodle_banner-600x238.png 600w, https:\/\/nsltecnologia.com.br\/wp-content\/uploads\/2019\/07\/Moodle_banner-300x119.png 300w\" sizes=\"auto, (max-width: 389px) 100vw, 389px\" \/><\/figure>\n\n\n\n<h4 class=\"wp-block-heading\">Junte-se a centenas de milhares de educadores e instrutores no Moodle\u2122 LMS, o sistema de gerenciamento de aprendizado mais personaliz\u00e1vel e confi\u00e1vel do mundo.<\/h4>\n\n\n\n<div style=\"height:45px\" aria-hidden=\"true\" class=\"wp-block-spacer\"><\/div>\n\n\n\n<div class=\"wp-block-columns is-layout-flex wp-container-core-columns-is-layout-1 wp-block-columns-is-layout-flex\">\n<div class=\"wp-block-column is-layout-flow wp-block-column-is-layout-flow\">\n<p class=\"has-medium-font-size\">O que \u00e9 Moodle\u2122 LMS?<\/p>\n\n\n\n<h3 class=\"wp-block-heading\">Sistema de gerenciamento de aprendizado on-line&nbsp;totalmente personaliz\u00e1vel.<\/h3>\n\n\n\n<p class=\"has-text-align-center has-white-background-color has-background has-medium-font-size\">Acess\u00edvel, Flex\u00edvel, Rico em Recursos,  Seguro e Escal\u00e1vel.<\/p>\n\n\n\n<p class=\"has-medium-font-size\">O Moodle\u2122 LMS \u00e9 um LMS de c\u00f3digo aberto que pode ser personalizado para qualquer curso ou m\u00e9todo de ensino que voc\u00ea escolher.<\/p>\n<\/div>\n\n\n\n<div class=\"wp-block-column is-layout-flow wp-block-column-is-layout-flow\"><div class=\"wp-block-image\">\n<figure class=\"aligncenter size-full is-resized\"><img loading=\"lazy\" decoding=\"async\" src=\"https:\/\/nsltecnologia.com.br\/wp-content\/uploads\/2023\/01\/imagemMOODLE1.png\" alt=\"\" class=\"wp-image-55892\" width=\"429\" height=\"367\" srcset=\"https:\/\/nsltecnologia.com.br\/wp-content\/uploads\/2023\/01\/imagemMOODLE1.png 817w, https:\/\/nsltecnologia.com.br\/wp-content\/uploads\/2023\/01\/imagemMOODLE1-300x257.png 300w, https:\/\/nsltecnologia.com.br\/wp-content\/uploads\/2023\/01\/imagemMOODLE1-768x659.png 768w, https:\/\/nsltecnologia.com.br\/wp-content\/uploads\/2023\/01\/imagemMOODLE1-600x515.png 600w\" sizes=\"auto, (max-width: 429px) 100vw, 429px\" \/><\/figure><\/div><\/div>\n<\/div>\n\n\n\n<div style=\"height:8px\" aria-hidden=\"true\" class=\"wp-block-spacer\"><\/div>\n\n\n\n<p class=\"has-text-align-left has-medium-font-size\">Com v\u00e1rias aplica\u00e7\u00f5es, o Moodle\u2122 \u00e9 uma  ferramenta poderosa que pode tanto ser utilizada por escolas,  universidades, faculdades, cursos em geral e tamb\u00e9m por empresas para dar  treinamento aos seus colaboradores e clientes.<\/p>\n\n\n\n<div style=\"height:42px\" aria-hidden=\"true\" class=\"wp-block-spacer\"><\/div>\n\n\n\n<div class=\"wp-block-columns are-vertically-aligned-center is-layout-flex wp-container-core-columns-is-layout-2 wp-block-columns-is-layout-flex\">\n<div class=\"wp-block-column is-vertically-aligned-center is-layout-flow wp-block-column-is-layout-flow\"><div class=\"wp-block-image\">\n<figure class=\"aligncenter size-full is-resized\"><img loading=\"lazy\" decoding=\"async\" src=\"https:\/\/nsltecnologia.com.br\/wp-content\/uploads\/2023\/01\/fornecaConteduos.webp\" alt=\"\" class=\"wp-image-55902\" width=\"421\" height=\"229\" srcset=\"https:\/\/nsltecnologia.com.br\/wp-content\/uploads\/2023\/01\/fornecaConteduos.webp 963w, https:\/\/nsltecnologia.com.br\/wp-content\/uploads\/2023\/01\/fornecaConteduos-300x164.webp 300w, https:\/\/nsltecnologia.com.br\/wp-content\/uploads\/2023\/01\/fornecaConteduos-768x419.webp 768w, https:\/\/nsltecnologia.com.br\/wp-content\/uploads\/2023\/01\/fornecaConteduos-600x328.webp 600w\" sizes=\"auto, (max-width: 421px) 100vw, 421px\" \/><\/figure><\/div><\/div>\n\n\n\n<div class=\"wp-block-column is-vertically-aligned-center is-layout-flow wp-block-column-is-layout-flow\">\n<p>Caracter\u00edsticas principais<\/p>\n\n\n\n<h2 class=\"wp-block-heading\"><strong>Ensine melhor<\/strong>,&nbsp;menos estresse<\/h2>\n\n\n\n<p class=\"has-medium-font-size\">Melhore seus resultados de ensino e dos alunos com nossa plataforma de aprendizado rica em recursos que economiza seu tempo e fornece experi\u00eancias de aprendizado mais ativas para seus alunos. <\/p>\n\n\n\n<p class=\"has-medium-font-size\">Forne\u00e7a conte\u00fado e tarefas em uma variedade de formatos para diferentes estilos de aprendizagem.<\/p>\n<\/div>\n<\/div>\n\n\n\n<div style=\"height:38px\" aria-hidden=\"true\" class=\"wp-block-spacer\"><\/div>\n\n\n\n<div class=\"wp-block-columns is-layout-flex wp-container-core-columns-is-layout-3 wp-block-columns-is-layout-flex\">\n<div class=\"wp-block-column is-vertically-aligned-center is-layout-flow wp-block-column-is-layout-flow\" style=\"flex-basis:33.33%\">\n<p class=\"has-text-align-center has-medium-font-size\">Mantenha os alunos atualizados sobre os requisitos e prazos do curso<\/p>\n<\/div>\n\n\n\n<div class=\"wp-block-column is-layout-flow wp-block-column-is-layout-flow\" style=\"flex-basis:66.66%\"><div class=\"wp-block-image\">\n<figure class=\"aligncenter size-full is-resized\"><img loading=\"lazy\" decoding=\"async\" src=\"https:\/\/nsltecnologia.com.br\/wp-content\/uploads\/2023\/01\/mantenhaalunos.png\" alt=\"\" class=\"wp-image-55903\" width=\"445\" height=\"265\" srcset=\"https:\/\/nsltecnologia.com.br\/wp-content\/uploads\/2023\/01\/mantenhaalunos.png 882w, https:\/\/nsltecnologia.com.br\/wp-content\/uploads\/2023\/01\/mantenhaalunos-300x179.png 300w, https:\/\/nsltecnologia.com.br\/wp-content\/uploads\/2023\/01\/mantenhaalunos-768x458.png 768w, https:\/\/nsltecnologia.com.br\/wp-content\/uploads\/2023\/01\/mantenhaalunos-600x358.png 600w\" sizes=\"auto, (max-width: 445px) 100vw, 445px\" \/><\/figure><\/div><\/div>\n<\/div>\n\n\n\n<div style=\"height:38px\" aria-hidden=\"true\" class=\"wp-block-spacer\"><\/div>\n\n\n\n<div class=\"wp-block-columns are-vertically-aligned-center is-layout-flex wp-container-core-columns-is-layout-4 wp-block-columns-is-layout-flex\">\n<div class=\"wp-block-column is-vertically-aligned-center is-layout-flow wp-block-column-is-layout-flow\" style=\"flex-basis:66.66%\"><div class=\"wp-block-image\">\n<figure class=\"aligncenter size-full\"><img loading=\"lazy\" decoding=\"async\" width=\"334\" height=\"426\" src=\"https:\/\/nsltecnologia.com.br\/wp-content\/uploads\/2023\/01\/ensineAprenda.png\" alt=\"\" class=\"wp-image-55904\" srcset=\"https:\/\/nsltecnologia.com.br\/wp-content\/uploads\/2023\/01\/ensineAprenda.png 334w, https:\/\/nsltecnologia.com.br\/wp-content\/uploads\/2023\/01\/ensineAprenda-235x300.png 235w\" sizes=\"auto, (max-width: 334px) 100vw, 334px\" \/><\/figure><\/div><\/div>\n\n\n\n<div class=\"wp-block-column is-vertically-aligned-center is-layout-flow wp-block-column-is-layout-flow\" style=\"flex-basis:33.33%\">\n<p class=\"has-text-align-center has-medium-font-size\">Ensine e aprenda em qualquer lugar com o aplicativo Moodle LMS<\/p>\n<\/div>\n<\/div>\n\n\n\n<div style=\"height:38px\" aria-hidden=\"true\" class=\"wp-block-spacer\"><\/div>\n\n\n\n<div class=\"wp-block-columns is-layout-flex wp-container-core-columns-is-layout-5 wp-block-columns-is-layout-flex\">\n<div class=\"wp-block-column is-vertically-aligned-center is-layout-flow wp-block-column-is-layout-flow\" style=\"flex-basis:33.33%\">\n<p class=\"has-text-align-center has-medium-font-size\">Me\u00e7a e gerencie o progresso do aluno<\/p>\n<\/div>\n\n\n\n<div class=\"wp-block-column is-layout-flow wp-block-column-is-layout-flow\" style=\"flex-basis:66.66%\">\n<figure class=\"wp-block-image size-full is-resized\"><img loading=\"lazy\" decoding=\"async\" src=\"https:\/\/nsltecnologia.com.br\/wp-content\/uploads\/2023\/01\/meca.png\" alt=\"\" class=\"wp-image-55905\" width=\"547\" height=\"284\" srcset=\"https:\/\/nsltecnologia.com.br\/wp-content\/uploads\/2023\/01\/meca.png 1013w, https:\/\/nsltecnologia.com.br\/wp-content\/uploads\/2023\/01\/meca-300x156.png 300w, https:\/\/nsltecnologia.com.br\/wp-content\/uploads\/2023\/01\/meca-768x399.png 768w, https:\/\/nsltecnologia.com.br\/wp-content\/uploads\/2023\/01\/meca-600x312.png 600w\" sizes=\"auto, (max-width: 547px) 100vw, 547px\" \/><\/figure>\n<\/div>\n<\/div>\n\n\n\n<div style=\"height:19px\" aria-hidden=\"true\" class=\"wp-block-spacer\"><\/div>\n\n\n\n<p class=\"has-medium-font-size\">Ensino online com o Moodle\u2122 LMS<\/p>\n\n\n\n<h2 class=\"wp-block-heading\">Crie experi\u00eancias de aprendizado combinadas que impulsionam o envolvimento do aluno<\/h2>\n\n\n\n<p class=\"has-medium-font-size\">Procurando maneiras de melhorar a efic\u00e1cia do seu ensino on-line?&nbsp;Explore as extensas atividades, recursos e plug-ins integrados do Moodle\u2122 que podem ser usados \u200b\u200bpara gerar uma variedade de resultados de aprendizado on-line e melhorar o envolvimento dos alunos.<\/p>\n\n\n\n<div style=\"height:19px\" aria-hidden=\"true\" class=\"wp-block-spacer\"><\/div>\n\n\n\n<div class=\"wp-block-columns is-layout-flex wp-container-core-columns-is-layout-6 wp-block-columns-is-layout-flex\">\n<div class=\"wp-block-column is-layout-flow wp-block-column-is-layout-flow\">\n<figure class=\"wp-block-image size-full is-resized\"><img loading=\"lazy\" decoding=\"async\" src=\"https:\/\/nsltecnologia.com.br\/wp-content\/uploads\/2023\/01\/fig3.png\" alt=\"\" class=\"wp-image-55937\" width=\"385\" height=\"365\" srcset=\"https:\/\/nsltecnologia.com.br\/wp-content\/uploads\/2023\/01\/fig3.png 577w, https:\/\/nsltecnologia.com.br\/wp-content\/uploads\/2023\/01\/fig3-300x284.png 300w\" sizes=\"auto, (max-width: 385px) 100vw, 385px\" \/><\/figure>\n\n\n\n<figure class=\"wp-block-image\"><img decoding=\"async\" src=\"https:\/\/moodle.com\/wp-content\/uploads\/2022\/03\/pen-paper-icon.svg\" alt=\"Imagem de mensagens e notifica\u00e7\u00f5es\"\/><\/figure>\n\n\n\n<h4 class=\"wp-block-heading\">Mensagens e Notifica\u00e7\u00f5es<\/h4>\n\n\n\n<p>Mantenha os alunos atualizados com mensagens, f\u00f3runs e configure alertas sobre novos an\u00fancios, tarefas e outros eventos no Moodle.<\/p>\n\n\n\n<figure class=\"wp-block-image\"><img decoding=\"async\" src=\"https:\/\/moodle.com\/wp-content\/uploads\/2022\/03\/squares-icon.svg\" alt=\"Imagem escolhida\"\/><\/figure>\n\n\n\n<h4 class=\"wp-block-heading\">Escolha<\/h4>\n\n\n\n<p>Crie exerc\u00edcios de m\u00faltipla escolha e enquetes para avaliar a compreens\u00e3o, o progresso e as opini\u00f5es dos alunos.<\/p>\n\n\n\n<figure class=\"wp-block-image\"><img decoding=\"async\" src=\"https:\/\/moodle.com\/wp-content\/uploads\/2022\/03\/filters-icon.svg\" alt=\"D\u00ea a sua pr\u00f3pria apar\u00eancia Imagem\"\/><\/figure>\n\n\n\n<h4 class=\"wp-block-heading\">D\u00ea a ele sua pr\u00f3pria apar\u00eancia<\/h4>\n\n\n\n<p>Adicione as cores e o logotipo da sua pr\u00f3pria marca com&nbsp;temas personalizados.<\/p>\n\n\n\n<figure class=\"wp-block-image size-full is-resized\"><img loading=\"lazy\" decoding=\"async\" src=\"https:\/\/nsltecnologia.com.br\/wp-content\/uploads\/2023\/01\/accessibility.png\" alt=\"\" class=\"wp-image-55939\" width=\"37\" height=\"30\" srcset=\"https:\/\/nsltecnologia.com.br\/wp-content\/uploads\/2023\/01\/accessibility.png 940w, https:\/\/nsltecnologia.com.br\/wp-content\/uploads\/2023\/01\/accessibility-300x251.png 300w, https:\/\/nsltecnologia.com.br\/wp-content\/uploads\/2023\/01\/accessibility-768x644.png 768w, https:\/\/nsltecnologia.com.br\/wp-content\/uploads\/2023\/01\/accessibility-600x503.png 600w\" sizes=\"auto, (max-width: 37px) 100vw, 37px\" \/><\/figure>\n\n\n\n<h4 class=\"wp-block-heading\">Acessibilidade<\/h4>\n\n\n\n<p>O Atto Text Editor do Moodle LMS e o Brickfield Accessibility Starter Toolkit analisam automaticamente seus cursos e verificam todo o conte\u00fado para identificar quaisquer problemas de acessibilidade e fornecer recomenda\u00e7\u00f5es.<\/p>\n<\/div>\n\n\n\n<div class=\"wp-block-column is-layout-flow wp-block-column-is-layout-flow\">\n<figure class=\"wp-block-image\"><img decoding=\"async\" src=\"https:\/\/moodle.com\/wp-content\/uploads\/2022\/03\/badge-icon.svg\" alt=\"Imagem do question\u00e1rio\"\/><\/figure>\n\n\n\n<h4 class=\"wp-block-heading\">Question\u00e1rio<\/h4>\n\n\n\n<p>Teste o conhecimento do aluno e desenvolva suas habilidades de resolu\u00e7\u00e3o de problemas com atividades de question\u00e1rio.<\/p>\n\n\n\n<figure class=\"wp-block-image\"><img decoding=\"async\" src=\"https:\/\/moodle.com\/wp-content\/uploads\/2022\/03\/screen-icon.svg\" alt=\"Imagem de videoconfer\u00eancia\"\/><\/figure>\n\n\n\n<h4 class=\"wp-block-heading\">V\u00eddeo confer\u00eancia<\/h4>\n\n\n\n<p>Grave suas aulas e compartilhe sua tela, quadro branco ou slides em tempo real com nossa ferramenta integrada de webconfer\u00eancia,&nbsp;BigBlueButton.<\/p>\n\n\n\n<figure class=\"wp-block-image\"><img decoding=\"async\" src=\"https:\/\/moodle.com\/wp-content\/uploads\/2022\/03\/book-icon.svg\" alt=\"Imagem da li\u00e7\u00e3o\"\/><\/figure>\n\n\n\n<h4 class=\"wp-block-heading\">Li\u00e7\u00e3o<\/h4>\n\n\n\n<p>Crie conte\u00fado que se adapte \u00e0s respostas dos alunos para revis\u00e3o independente, pr\u00e1tica de assunto, exerc\u00edcios de tomada de decis\u00e3o e muito mais.<\/p>\n\n\n\n<figure class=\"wp-block-image\"><img decoding=\"async\" src=\"https:\/\/moodle.com\/wp-content\/uploads\/2022\/03\/mobile-phone-icon.svg\" alt=\"Imagem de aprendizagem m\u00f3vel\"\/><\/figure>\n\n\n\n<h4 class=\"wp-block-heading\">Aprendizagem m\u00f3vel<\/h4>\n\n\n\n<p>Acesse o conte\u00fado e envie atividades e tarefas em qualquer lugar ou offline com o&nbsp;aplicativo Moodle.<\/p>\n\n\n\n<figure class=\"wp-block-image\"><img decoding=\"async\" src=\"https:\/\/moodle.com\/wp-content\/uploads\/2022\/03\/3-point-icon.svg\" alt=\"Imagem de complementos f\u00e1ceis\"\/><\/figure>\n\n\n\n<h4 class=\"wp-block-heading\">Complementos f\u00e1ceis<\/h4>\n\n\n\n<p>As integra\u00e7\u00f5es certificadas&nbsp;Moodle&nbsp;s\u00e3o complementos poderosos e confi\u00e1veis \u200b\u200bque estender\u00e3o seu ecossistema de aprendizado online.&nbsp;Mais de 1.900 plug-ins&nbsp;de c\u00f3digo aberto que estendem a plataforma.&nbsp;<\/p>\n<\/div>\n<\/div>\n\n\n\n<div style=\"height:31px\" aria-hidden=\"true\" class=\"wp-block-spacer\"><\/div>\n\n\n\n<div class=\"wp-block-columns is-layout-flex wp-container-core-columns-is-layout-7 wp-block-columns-is-layout-flex\">\n<div class=\"wp-block-column is-layout-flow wp-block-column-is-layout-flow\">\n<p class=\"has-medium-font-size\">Mais f\u00e1cil para os alunos<\/p>\n\n\n\n<h2 class=\"wp-block-heading\">Concentre-se em&nbsp;aprender<\/h2>\n\n\n\n<p class=\"has-medium-font-size\">O Moodle LMS 4 torna mais f\u00e1cil para os alunos priorizar e concluir o trabalho<\/p>\n\n\n\n<p class=\"has-medium-font-size\">Um clique para todo o seu conte\u00fado de aprendizagem<\/p>\n\n\n\n<figure class=\"wp-block-video\"><video controls src=\"https:\/\/nsltecnologia.com.br\/wp-content\/uploads\/2023\/01\/Choose-the-best-activity-for-your-learning-objectives_s-1.mp4\"><\/video><\/figure>\n\n\n\n<ul class=\"has-small-font-size wp-block-list\">\n<li>Visualize rapidamente a estrutura do curso e sempre acompanhe onde voc\u00ea est\u00e1<\/li>\n\n\n\n<li>Navegue para qualquer conte\u00fado<\/li>\n\n\n\n<li>Identifique rapidamente tarefas e atividades pendentes<\/li>\n<\/ul>\n\n\n\n<p><\/p>\n<\/div>\n\n\n\n<div class=\"wp-block-column is-layout-flow wp-block-column-is-layout-flow\">\n<p>Menos rolagem, mais aprendizado<\/p>\n\n\n\n<figure class=\"wp-block-video\"><video controls src=\"https:\/\/nsltecnologia.com.br\/wp-content\/uploads\/2023\/01\/less-scrolling_s.mp4\"><\/video><\/figure>\n\n\n\n<ul class=\"has-small-font-size wp-block-list\">\n<li>Reduza a quantidade de conte\u00fado vis\u00edvel na tela para melhorar a concentra\u00e7\u00e3o<\/li>\n\n\n\n<li>Concentre-se em bits menores de informa\u00e7\u00e3o de cada vez<\/li>\n<\/ul>\n\n\n\n<p>Reduza as distra\u00e7\u00f5es<\/p>\n\n\n\n<figure class=\"wp-block-video\"><video controls src=\"https:\/\/nsltecnologia.com.br\/wp-content\/uploads\/2023\/01\/blocks_s.mp4\"><\/video><\/figure>\n\n\n\n<ul class=\"has-small-font-size wp-block-list\">\n<li>Recolha a \u00e1rea de blocos para focar no conte\u00fado<\/li>\n\n\n\n<li>Informa\u00e7\u00f5es adicionais sempre \u00e0 m\u00e3o quando voc\u00ea precisar<\/li>\n<\/ul>\n\n\n\n<ul class=\"wp-block-list\">\n<li><\/li>\n<\/ul>\n<\/div>\n<\/div>\n\n\n\n<div style=\"height:31px\" aria-hidden=\"true\" class=\"wp-block-spacer\"><\/div>\n\n\n\n<h2 class=\"has-text-align-center wp-block-heading\">Escolha seu plano de hospedagem gerenciado para Moodle\u2122 LMS<\/h2>\n\n\n\n<p class=\"has-text-align-center\">A hospedagem econ\u00f4mica em nuvem Moodle\u2122  foi projetada para atender \u00e0s suas necessidades de neg\u00f3cios.  Sem taxas de licenciamento<em>(licen\u00e7a<\/em> <em>GPL)<\/em>, quantidade de usu\u00e1rios e arquivos ilimitados.<\/p>\n\n\n\n<p class=\"has-text-align-center\">    Projete a sua <strong>performance<\/strong> e escolha seu plano de acordo com a sua <strong>necessidade<\/strong>.<\/p>\n\n\n\n<p class=\"has-small-font-size\">Realizamos implanta\u00e7\u00e3o em servidores pr\u00f3prios do cliente mediante solicita\u00e7\u00e3o de or\u00e7amento.<\/p>\n\n\n\n<div style=\"height:29px\" aria-hidden=\"true\" class=\"wp-block-spacer\"><\/div>\n\n\n\n<div class=\"wp-block-columns is-layout-flex wp-container-core-columns-is-layout-8 wp-block-columns-is-layout-flex\">\n<div class=\"wp-block-column is-layout-flow wp-block-column-is-layout-flow\"><div class=\"wp-block-image\">\n<figure class=\"aligncenter size-full is-resized\"><img loading=\"lazy\" decoding=\"async\" src=\"https:\/\/nsltecnologia.com.br\/wp-content\/uploads\/2023\/01\/icon_request-200x200-1.png\" alt=\"\" class=\"wp-image-56072\" width=\"173\" height=\"173\" srcset=\"https:\/\/nsltecnologia.com.br\/wp-content\/uploads\/2023\/01\/icon_request-200x200-1.png 200w, https:\/\/nsltecnologia.com.br\/wp-content\/uploads\/2023\/01\/icon_request-200x200-1-150x150.png 150w, https:\/\/nsltecnologia.com.br\/wp-content\/uploads\/2023\/01\/icon_request-200x200-1-100x100.png 100w\" sizes=\"auto, (max-width: 173px) 100vw, 173px\" \/><\/figure><\/div>\n\n\n<h4 class=\"has-text-align-center wp-block-heading\">Solicite uma demonstra\u00e7\u00e3o<\/h4>\n\n\n\n<p class=\"has-text-align-center\">Pe\u00e7a a um consultor de vendas experiente que fale com voc\u00ea sobre o Moodle\u2122 LMS e o valor que ele pode trazer para sua empresa.<\/p>\n\n\n\n<div class=\"wp-block-buttons is-layout-flex wp-block-buttons-is-layout-flex\">\n<div class=\"wp-block-button aligncenter\"><a class=\"wp-block-button__link wp-element-button\" href=\"https:\/\/nsltecnologia.com.br\/#contact-4\">Contato<\/a><\/div>\n<\/div>\n<\/div>\n\n\n\n<div class=\"wp-block-column is-layout-flow wp-block-column-is-layout-flow\"><div class=\"wp-block-image\">\n<figure class=\"aligncenter size-full is-resized\"><img loading=\"lazy\" decoding=\"async\" src=\"https:\/\/nsltecnologia.com.br\/wp-content\/uploads\/2023\/01\/icon_get-200x200-1.png\" alt=\"\" class=\"wp-image-56073\" width=\"174\" height=\"174\" srcset=\"https:\/\/nsltecnologia.com.br\/wp-content\/uploads\/2023\/01\/icon_get-200x200-1.png 200w, https:\/\/nsltecnologia.com.br\/wp-content\/uploads\/2023\/01\/icon_get-200x200-1-150x150.png 150w, https:\/\/nsltecnologia.com.br\/wp-content\/uploads\/2023\/01\/icon_get-200x200-1-100x100.png 100w\" sizes=\"auto, (max-width: 174px) 100vw, 174px\" \/><\/figure><\/div>\n\n\n<h4 class=\"has-text-align-center wp-block-heading\">Entrar em contato<\/h4>\n\n\n\n<p class=\"has-text-align-center\">Converse hoje para discutir suas necessidades de EAD.&nbsp;Estamos ansiosos para ouvir de voc\u00ea!<\/p>\n\n\n\n<div class=\"wp-block-jetpack-send-a-message\">\n<div class=\"wp-block-jetpack-whatsapp-button aligncenter is-color-dark\"><a class=\"whatsapp-block__button\" href=\"https:\/\/api.whatsapp.com\/send?phone=5598984958061&amp;text=Oi%2C%20encontrei%20suas%20informa%C3%A7%C3%B5es%20do%20WhatsApp%20no%20seu%20site.\" style=\"background-color:#25D366;color:#fff\" target=\"_self\" rel=\"noopener noreferrer\">Converse com um consultor<\/a><\/div>\n<\/div>\n<\/div>\n<\/div>\n\n\n\n<div style=\"height:46px\" aria-hidden=\"true\" class=\"wp-block-spacer\"><\/div>\n\n\n\n<div style=\"height:31px\" aria-hidden=\"true\" class=\"wp-block-spacer\"><\/div>\n\n\n\n<p class=\"has-text-align-center\"><a rel=\"noreferrer noopener\" href=\"https:\/\/nsltecnologia.com.br\/moodle\" target=\"_blank\">Acesse o Ambiente de Demonstra\u00e7\u00e3o EAD &#8211; NSL Tecnologia. Acesse Aqui !!!<\/a><\/p>\n\n\n<div class=\"wp-block-image\">\n<figure class=\"aligncenter is-resized\"><img loading=\"lazy\" decoding=\"async\" src=\"http:\/\/nsltecnologia.com.br\/wp-content\/uploads\/2019\/07\/tela_ead2-1024x576.png\" alt=\"\" class=\"wp-image-270\" width=\"587\" height=\"331\" srcset=\"https:\/\/nsltecnologia.com.br\/wp-content\/uploads\/2019\/07\/tela_ead2-1024x576.png 1024w, https:\/\/nsltecnologia.com.br\/wp-content\/uploads\/2019\/07\/tela_ead2-600x338.png 600w, https:\/\/nsltecnologia.com.br\/wp-content\/uploads\/2019\/07\/tela_ead2-300x169.png 300w, https:\/\/nsltecnologia.com.br\/wp-content\/uploads\/2019\/07\/tela_ead2-768x432.png 768w, https:\/\/nsltecnologia.com.br\/wp-content\/uploads\/2019\/07\/tela_ead2.png 1280w\" sizes=\"auto, (max-width: 587px) 100vw, 587px\" \/><figcaption class=\"wp-element-caption\"><a rel=\"noreferrer noopener\" href=\"https:\/\/nsltecnologia.com.br\/moodle\" target=\"_blank\">Ambiente de<\/a><a rel=\"noreferrer noopener\" href=\"https:\/\/nsltecnologia.com.br\/moodle\" target=\"_blank\"> Demonstra\u00e7\u00e3o EAD &#8211; NSL Tecnologia.  ACESSE AQUI !!! <\/a><\/figcaption><\/figure><\/div>\n\n\n<div style=\"height:100px\" aria-hidden=\"true\" class=\"wp-block-spacer\"><\/div>\n\n\n\n<div style=\"height:100px\" aria-hidden=\"true\" class=\"wp-block-spacer\"><\/div>\n","protected":false},"excerpt":{"rendered":"<p>Junte-se a centenas de milhares de educadores e instrutores no Moodle\u2122 LMS, o sistema de gerenciamento de aprendizado mais personaliz\u00e1vel e confi\u00e1vel do mundo. O que \u00e9 Moodle\u2122 LMS? Sistema de gerenciamento de aprendizado on-line&nbsp;totalmente personaliz\u00e1vel. Acess\u00edvel, Flex\u00edvel, Rico em Recursos, Seguro e Escal\u00e1vel. O Moodle\u2122 LMS \u00e9 um LMS de c\u00f3digo aberto que pode&hellip; <br \/> <a class=\"button small blue\" href=\"https:\/\/nsltecnologia.com.br\/?page_id=188\">Leia mais<\/a><\/p>\n","protected":false},"author":1,"featured_media":253,"parent":0,"menu_order":0,"comment_status":"closed","ping_status":"closed","template":"","meta":{"_uag_custom_page_level_css":"","footnotes":""},"class_list":["post-188","page","type-page","status-publish","has-post-thumbnail","hentry"],"uagb_featured_image_src":{"full":["https:\/\/nsltecnologia.com.br\/wp-content\/uploads\/2019\/07\/banner_moodle_2.jpg",2560,780,false],"thumbnail":["https:\/\/nsltecnologia.com.br\/wp-content\/uploads\/2019\/07\/banner_moodle_2-150x150.jpg",150,150,true],"medium":["https:\/\/nsltecnologia.com.br\/wp-content\/uploads\/2019\/07\/banner_moodle_2-300x91.jpg",300,91,true],"medium_large":["https:\/\/nsltecnologia.com.br\/wp-content\/uploads\/2019\/07\/banner_moodle_2-768x234.jpg",768,234,true],"large":["https:\/\/nsltecnologia.com.br\/wp-content\/uploads\/2019\/07\/banner_moodle_2-1024x312.jpg",1024,312,true],"1536x1536":["https:\/\/nsltecnologia.com.br\/wp-content\/uploads\/2019\/07\/banner_moodle_2.jpg",1536,468,false],"2048x2048":["https:\/\/nsltecnologia.com.br\/wp-content\/uploads\/2019\/07\/banner_moodle_2.jpg",2048,624,false],"post-thumbnail":["https:\/\/nsltecnologia.com.br\/wp-content\/uploads\/2019\/07\/banner_moodle_2-1024x312.jpg",1024,312,true],"one-page-express-full-hd":["https:\/\/nsltecnologia.com.br\/wp-content\/uploads\/2019\/07\/banner_moodle_2-1920x585.jpg",1920,585,true]},"uagb_author_info":{"display_name":"nsl","author_link":"https:\/\/nsltecnologia.com.br\/?author=1"},"uagb_comment_info":0,"uagb_excerpt":"Junte-se a centenas de milhares de educadores e instrutores no Moodle\u2122 LMS, o sistema de gerenciamento de aprendizado mais personaliz\u00e1vel e confi\u00e1vel do mundo. O que \u00e9 Moodle\u2122 LMS? Sistema de gerenciamento de aprendizado on-line&nbsp;totalmente personaliz\u00e1vel. Acess\u00edvel, Flex\u00edvel, Rico em Recursos, Seguro e Escal\u00e1vel. O Moodle\u2122 LMS \u00e9 um LMS de c\u00f3digo aberto que pode&hellip;&hellip;","_links":{"self":[{"href":"https:\/\/nsltecnologia.com.br\/index.php?rest_route=\/wp\/v2\/pages\/188","targetHints":{"allow":["GET"]}}],"collection":[{"href":"https:\/\/nsltecnologia.com.br\/index.php?rest_route=\/wp\/v2\/pages"}],"about":[{"href":"https:\/\/nsltecnologia.com.br\/index.php?rest_route=\/wp\/v2\/types\/page"}],"author":[{"embeddable":true,"href":"https:\/\/nsltecnologia.com.br\/index.php?rest_route=\/wp\/v2\/users\/1"}],"replies":[{"embeddable":true,"href":"https:\/\/nsltecnologia.com.br\/index.php?rest_route=%2Fwp%2Fv2%2Fcomments&post=188"}],"version-history":[{"count":71,"href":"https:\/\/nsltecnologia.com.br\/index.php?rest_route=\/wp\/v2\/pages\/188\/revisions"}],"predecessor-version":[{"id":56713,"href":"https:\/\/nsltecnologia.com.br\/index.php?rest_route=\/wp\/v2\/pages\/188\/revisions\/56713"}],"wp:featuredmedia":[{"embeddable":true,"href":"https:\/\/nsltecnologia.com.br\/index.php?rest_route=\/wp\/v2\/media\/253"}],"wp:attachment":[{"href":"https:\/\/nsltecnologia.com.br\/index.php?rest_route=%2Fwp%2Fv2%2Fmedia&parent=188"}],"curies":[{"name":"wp","href":"https:\/\/api.w.org\/{rel}","templated":true}]}}